{"id":7571,"date":"2025-07-15T08:57:43","date_gmt":"2025-07-15T08:57:43","guid":{"rendered":"https:\/\/www.growshopweb.com\/blog\/?page_id=7571"},"modified":"2025-07-15T08:57:43","modified_gmt":"2025-07-15T08:57:43","slug":"politica-sulla-privacy","status":"publish","type":"page","link":"https:\/\/www.growshopweb.com\/blog\/it\/politica-sulla-privacy\/","title":{"rendered":"Politica sulla Privacy"},"content":{"rendered":"<div id=\"ez-toc-container\" class=\"ez-toc-v2_0_82_2 counter-hierarchy ez-toc-counter ez-toc-grey ez-toc-container-direction\">\n<div class=\"ez-toc-title-container\">\n<p class=\"ez-toc-title\" style=\"cursor:inherit\">Table of Contents<\/p>\n<span class=\"ez-toc-title-toggle\"><a href=\"#\" class=\"ez-toc-pull-right ez-toc-btn ez-toc-btn-xs ez-toc-btn-default ez-toc-toggle\" aria-label=\"Alternar tabla de contenidos\"><span class=\"ez-toc-js-icon-con\"><span class=\"\"><span class=\"eztoc-hide\" style=\"display:none;\">Toggle<\/span><span class=\"ez-toc-icon-toggle-span\"><svg style=\"fill: #999;color:#999\" xmlns=\"http:\/\/www.w3.org\/2000\/svg\" class=\"list-377408\" width=\"20px\" height=\"20px\" viewBox=\"0 0 24 24\" fill=\"none\"><path d=\"M6 6H4v2h2V6zm14 0H8v2h12V6zM4 11h2v2H4v-2zm16 0H8v2h12v-2zM4 16h2v2H4v-2zm16 0H8v2h12v-2z\" fill=\"currentColor\"><\/path><\/svg><svg style=\"fill: #999;color:#999\" class=\"arrow-unsorted-368013\" xmlns=\"http:\/\/www.w3.org\/2000\/svg\" width=\"10px\" height=\"10px\" viewBox=\"0 0 24 24\" version=\"1.2\" baseProfile=\"tiny\"><path d=\"M18.2 9.3l-6.2-6.3-6.2 6.3c-.2.2-.3.4-.3.7s.1.5.3.7c.2.2.4.3.7.3h11c.3 0 .5-.1.7-.3.2-.2.3-.5.3-.7s-.1-.5-.3-.7zM5.8 14.7l6.2 6.3 6.2-6.3c.2-.2.3-.5.3-.7s-.1-.5-.3-.7c-.2-.2-.4-.3-.7-.3h-11c-.3 0-.5.1-.7.3-.2.2-.3.5-.3.7s.1.5.3.7z\"\/><\/svg><\/span><\/span><\/span><\/a><\/span><\/div>\n<nav><ul class='ez-toc-list ez-toc-list-level-1 ' ><li class='ez-toc-page-1 ez-toc-heading-level-2'><a class=\"ez-toc-link ez-toc-heading-1\" href=\"https:\/\/www.growshopweb.com\/blog\/it\/politica-sulla-privacy\/#Politica_sulla_Privacy\" >Politica sulla Privacy<\/a><ul class='ez-toc-list-level-3' ><li class='ez-toc-heading-level-3'><a class=\"ez-toc-link ez-toc-heading-2\" href=\"https:\/\/www.growshopweb.com\/blog\/it\/politica-sulla-privacy\/#2_Finalita_del_trattamento_dei_dati\" >2. Finalit\u00e0 del trattamento dei dati<\/a><\/li><li class='ez-toc-page-1 ez-toc-heading-level-3'><a class=\"ez-toc-link ez-toc-heading-3\" href=\"https:\/\/www.growshopweb.com\/blog\/it\/politica-sulla-privacy\/#3_Legittimazione\" >3. Legittimazione<\/a><\/li><li class='ez-toc-page-1 ez-toc-heading-level-3'><a class=\"ez-toc-link ez-toc-heading-4\" href=\"https:\/\/www.growshopweb.com\/blog\/it\/politica-sulla-privacy\/#4_Destinatari\" >4. Destinatari<\/a><\/li><li class='ez-toc-page-1 ez-toc-heading-level-3'><a class=\"ez-toc-link ez-toc-heading-5\" href=\"https:\/\/www.growshopweb.com\/blog\/it\/politica-sulla-privacy\/#5_Diritti_degli_utenti\" >5. Diritti degli utenti<\/a><\/li><li class='ez-toc-page-1 ez-toc-heading-level-3'><a class=\"ez-toc-link ez-toc-heading-6\" href=\"https:\/\/www.growshopweb.com\/blog\/it\/politica-sulla-privacy\/#6_Conservazione_dei_dati\" >6. Conservazione dei dati<\/a><\/li><li class='ez-toc-page-1 ez-toc-heading-level-3'><a class=\"ez-toc-link ez-toc-heading-7\" href=\"https:\/\/www.growshopweb.com\/blog\/it\/politica-sulla-privacy\/#7_Sicurezza\" >7. Sicurezza<\/a><\/li><li class='ez-toc-page-1 ez-toc-heading-level-3'><a class=\"ez-toc-link ez-toc-heading-8\" href=\"https:\/\/www.growshopweb.com\/blog\/it\/politica-sulla-privacy\/#8_Cookie\" >8. Cookie<\/a><\/li><\/ul><\/li><\/ul><\/nav><\/div>\n<h2><span class=\"ez-toc-section\" id=\"Politica_sulla_Privacy\"><\/span>Politica sulla Privacy<span class=\"ez-toc-section-end\"><\/span><\/h2>\n<p>1. Titolare del sito web<br \/>\nIn conformit\u00e0 al Regolamento (UE) 2016\/679 (GDPR) e alla Legge Organica 3\/2018 (LOPDGDD), si informa che il titolare di questo blog \u00e8:<\/p>\n<p><!--more--><\/p>\n<p><strong>Hydroponics Blanes S.L.<\/strong><br \/>\nIndirizzo fiscale: Calle del Primero de Mayo 3, Nave 2, CAP: 17300, Blanes, Girona (Spagna)<br \/>\nTelefono: 972 35 46 85<br \/>\nEmail: tienda@hydroponicsblanes.es<br \/>\nDati di registrazione: Registro Mercantile di Girona. Volume 2972, Foglio 61, Scheda GI-56856<\/p>\n<h3><span class=\"ez-toc-section\" id=\"2_Finalita_del_trattamento_dei_dati\"><\/span>2. Finalit\u00e0 del trattamento dei dati<span class=\"ez-toc-section-end\"><\/span><\/h3>\n<p>I dati personali forniti dall\u2019utente tramite il blog, moduli di contatto o commenti saranno trattati per le seguenti finalit\u00e0:<\/p>\n<ul>\n<li>Gestire le comunicazioni e le richieste inviate dagli utenti.<\/li>\n<li>Migliorare l\u2019esperienza dell\u2019utente e i contenuti offerti sul blog.<\/li>\n<li>Inviare, previo consenso espresso, comunicazioni commerciali su prodotti o servizi correlati.<\/li>\n<\/ul>\n<h3><span class=\"ez-toc-section\" id=\"3_Legittimazione\"><\/span>3. Legittimazione<span class=\"ez-toc-section-end\"><\/span><\/h3>\n<p>La base giuridica per il trattamento dei dati \u00e8:<\/p>\n<ul>\n<li>Il consenso dell\u2019interessato, nel caso di iscrizioni o moduli di contatto.<\/li>\n<li>L\u2019interesse legittimo del titolare per migliorare i propri servizi e garantire la sicurezza del sito web.<\/li>\n<\/ul>\n<h3><span class=\"ez-toc-section\" id=\"4_Destinatari\"><\/span>4. Destinatari<span class=\"ez-toc-section-end\"><\/span><\/h3>\n<p>I dati non saranno ceduti a terzi, salvo obblighi legali. In alcuni casi, potranno essere trattati da fornitori di servizi tecnologici sotto contratto di trattamento dei dati.<\/p>\n<h3><span class=\"ez-toc-section\" id=\"5_Diritti_degli_utenti\"><\/span>5. Diritti degli utenti<span class=\"ez-toc-section-end\"><\/span><\/h3>\n<p>Gli utenti possono esercitare i propri diritti di:<\/p>\n<ul>\n<li>Accesso<\/li>\n<li>Rettifica<\/li>\n<li>Cancellazione<\/li>\n<li>Opposizione<\/li>\n<li>Limitazione del trattamento<\/li>\n<li>Portabilit\u00e0<\/li>\n<\/ul>\n<p>Per farlo, possono inviare un\u2019email a tienda@hydroponicsblanes.es, indicando chiaramente la richiesta e allegando una copia di un documento di identit\u00e0.<\/p>\n<h3><span class=\"ez-toc-section\" id=\"6_Conservazione_dei_dati\"><\/span>6. Conservazione dei dati<span class=\"ez-toc-section-end\"><\/span><\/h3>\n<p>I dati personali saranno conservati fintanto che esiste una relazione con l\u2019utente e, successivamente, per il tempo necessario al rispetto degli obblighi legali o alla difesa da eventuali reclami.<\/p>\n<h3><span class=\"ez-toc-section\" id=\"7_Sicurezza\"><\/span>7. Sicurezza<span class=\"ez-toc-section-end\"><\/span><\/h3>\n<p>Hydroponics Blanes S.L. applica le misure tecniche e organizzative necessarie per garantire la riservatezza, l\u2019integrit\u00e0 e la disponibilit\u00e0 dei dati in conformit\u00e0 al livello di rischio identificato.<\/p>\n<h3><span class=\"ez-toc-section\" id=\"8_Cookie\"><\/span>8. Cookie<span class=\"ez-toc-section-end\"><\/span><\/h3>\n<p>Questo blog pu\u00f2 utilizzare cookie per migliorare la navigazione dell\u2019utente. Puoi consultare la [Politica sui Cookie] per ulteriori informazioni.<\/p>\n<p><strong>Reti Sociali:<\/strong><br \/>\n<a href=\"https:\/\/www.instagram.com\/hydroponics_official\/\">Instagram<\/a><br \/>\n<a href=\"https:\/\/www.facebook.com\/HydroponicsBlanes\/\">Facebook<\/a><br \/>\n<a href=\"https:\/\/x.com\/HydroponicsEsp\">X<\/a><br \/>\n<a href=\"https:\/\/es.pinterest.com\/growshophydroponicsblanes\/\">Pinterest<\/a><\/p>\n<p><a href=\"https:\/\/www.growshopweb.com\/\">Grow Shop Online<\/a><\/p>\n","protected":false},"excerpt":{"rendered":"<p>Politica sulla Privacy 1. Titolare del sito web In conformit\u00e0 al Regolamento (UE) 2016\/679 (GDPR) e alla Legge Organica 3\/2018 (LOPDGDD), si informa che il titolare di questo blog \u00e8:<\/p>\n","protected":false},"author":1,"featured_media":0,"parent":0,"menu_order":0,"comment_status":"closed","ping_status":"closed","template":"","meta":{"footnotes":""},"class_list":["post-7571","page","type-page","status-publish","hentry"],"yoast_head":"<!-- This site is optimized with the Yoast SEO plugin v27.5 - https:\/\/yoast.com\/product\/yoast-seo-wordpress\/ -->\n<title>Politica sulla Privacy - Blog Hydroponics Blanes<\/title>\n<meta name=\"description\" content=\"Politica sulla Privacy. Hydroponics Blanes. Grow Shop online in Spagna. Consegne discrete in 24\/48 h. Clicca qui\" \/>\n<meta name=\"robots\" content=\"index, follow, max-snippet:-1, max-image-preview:large, max-video-preview:-1\" \/>\n<link rel=\"canonical\" href=\"https:\/\/www.growshopweb.com\/blog\/it\/politica-sulla-privacy\/\" \/>\n<meta property=\"og:locale\" content=\"es_ES\" \/>\n<meta property=\"og:type\" content=\"article\" \/>\n<meta property=\"og:title\" content=\"Politica sulla Privacy - Blog Hydroponics Blanes\" \/>\n<meta property=\"og:description\" content=\"Politica sulla Privacy. Hydroponics Blanes. Grow Shop online in Spagna. Consegne discrete in 24\/48 h. Clicca qui\" \/>\n<meta property=\"og:url\" content=\"https:\/\/www.growshopweb.com\/blog\/it\/politica-sulla-privacy\/\" \/>\n<meta property=\"og:site_name\" content=\"Blog Hydroponics Blanes\" \/>\n<meta property=\"article:publisher\" content=\"https:\/\/www.facebook.com\/HydroponicsBlanesGrowShop\/\" \/>\n<meta name=\"twitter:card\" content=\"summary_large_image\" \/>\n<meta name=\"twitter:site\" content=\"@HydroponicsEsp\" \/>\n<!-- \/ Yoast SEO plugin. -->","yoast_head_json":{"title":"Politica sulla Privacy - Blog Hydroponics Blanes","description":"Politica sulla Privacy. Hydroponics Blanes. Grow Shop online in Spagna. Consegne discrete in 24\/48 h. Clicca qui","robots":{"index":"index","follow":"follow","max-snippet":"max-snippet:-1","max-image-preview":"max-image-preview:large","max-video-preview":"max-video-preview:-1"},"canonical":"https:\/\/www.growshopweb.com\/blog\/it\/politica-sulla-privacy\/","og_locale":"es_ES","og_type":"article","og_title":"Politica sulla Privacy - Blog Hydroponics Blanes","og_description":"Politica sulla Privacy. Hydroponics Blanes. Grow Shop online in Spagna. Consegne discrete in 24\/48 h. Clicca qui","og_url":"https:\/\/www.growshopweb.com\/blog\/it\/politica-sulla-privacy\/","og_site_name":"Blog Hydroponics Blanes","article_publisher":"https:\/\/www.facebook.com\/HydroponicsBlanesGrowShop\/","twitter_card":"summary_large_image","twitter_site":"@HydroponicsEsp","schema":{"@context":"https:\/\/schema.org","@graph":[{"@type":"WebPage","@id":"https:\/\/www.growshopweb.com\/blog\/it\/politica-sulla-privacy\/","url":"https:\/\/www.growshopweb.com\/blog\/it\/politica-sulla-privacy\/","name":"Politica sulla Privacy - Blog Hydroponics Blanes","isPartOf":{"@id":"https:\/\/www.growshopweb.com\/blog\/#website"},"datePublished":"2025-07-15T08:57:43+00:00","description":"Politica sulla Privacy. Hydroponics Blanes. Grow Shop online in Spagna. Consegne discrete in 24\/48 h. Clicca qui","breadcrumb":{"@id":"https:\/\/www.growshopweb.com\/blog\/it\/politica-sulla-privacy\/#breadcrumb"},"inLanguage":"es","potentialAction":[{"@type":"ReadAction","target":["https:\/\/www.growshopweb.com\/blog\/it\/politica-sulla-privacy\/"]}]},{"@type":"BreadcrumbList","@id":"https:\/\/www.growshopweb.com\/blog\/it\/politica-sulla-privacy\/#breadcrumb","itemListElement":[{"@type":"ListItem","position":1,"name":"Portada","item":"https:\/\/www.growshopweb.com\/blog\/"},{"@type":"ListItem","position":2,"name":"Politica sulla Privacy"}]},{"@type":"WebSite","@id":"https:\/\/www.growshopweb.com\/blog\/#website","url":"https:\/\/www.growshopweb.com\/blog\/","name":"Blog Hydroponics Blanes","description":"Art\u00edculos y tablas cultivo para marihuana.","publisher":{"@id":"https:\/\/www.growshopweb.com\/blog\/#organization"},"potentialAction":[{"@type":"SearchAction","target":{"@type":"EntryPoint","urlTemplate":"https:\/\/www.growshopweb.com\/blog\/?s={search_term_string}"},"query-input":{"@type":"PropertyValueSpecification","valueRequired":true,"valueName":"search_term_string"}}],"inLanguage":"es"},{"@type":"Organization","@id":"https:\/\/www.growshopweb.com\/blog\/#organization","name":"Hydroponics Blanes S.L.","url":"https:\/\/www.growshopweb.com\/blog\/","logo":{"@type":"ImageObject","inLanguage":"es","@id":"https:\/\/www.growshopweb.com\/blog\/#\/schema\/logo\/image\/","url":"https:\/\/www.growshopweb.com\/blog\/wp-content\/uploads\/2022\/10\/cropped-LOGOTIPOS-HYDROPONICS-3.png","contentUrl":"https:\/\/www.growshopweb.com\/blog\/wp-content\/uploads\/2022\/10\/cropped-LOGOTIPOS-HYDROPONICS-3.png","width":591,"height":95,"caption":"Hydroponics Blanes S.L."},"image":{"@id":"https:\/\/www.growshopweb.com\/blog\/#\/schema\/logo\/image\/"},"sameAs":["https:\/\/www.facebook.com\/HydroponicsBlanesGrowShop\/","https:\/\/x.com\/HydroponicsEsp","https:\/\/es.pinterest.com\/growshophydroponicsblanes\/","https:\/\/www.instagram.com\/hydroponics_official\/"]}]}},"_links":{"self":[{"href":"https:\/\/www.growshopweb.com\/blog\/wp-json\/wp\/v2\/pages\/7571","targetHints":{"allow":["GET"]}}],"collection":[{"href":"https:\/\/www.growshopweb.com\/blog\/wp-json\/wp\/v2\/pages"}],"about":[{"href":"https:\/\/www.growshopweb.com\/blog\/wp-json\/wp\/v2\/types\/page"}],"author":[{"embeddable":true,"href":"https:\/\/www.growshopweb.com\/blog\/wp-json\/wp\/v2\/users\/1"}],"replies":[{"embeddable":true,"href":"https:\/\/www.growshopweb.com\/blog\/wp-json\/wp\/v2\/comments?post=7571"}],"version-history":[{"count":1,"href":"https:\/\/www.growshopweb.com\/blog\/wp-json\/wp\/v2\/pages\/7571\/revisions"}],"predecessor-version":[{"id":7572,"href":"https:\/\/www.growshopweb.com\/blog\/wp-json\/wp\/v2\/pages\/7571\/revisions\/7572"}],"wp:attachment":[{"href":"https:\/\/www.growshopweb.com\/blog\/wp-json\/wp\/v2\/media?parent=7571"}],"curies":[{"name":"wp","href":"https:\/\/api.w.org\/{rel}","templated":true}]}}