{"id":7567,"date":"2025-07-15T08:55:10","date_gmt":"2025-07-15T08:55:10","guid":{"rendered":"https:\/\/www.growshopweb.com\/blog\/?page_id=7567"},"modified":"2025-07-15T08:55:10","modified_gmt":"2025-07-15T08:55:10","slug":"politique-de-confidentialite","status":"publish","type":"page","link":"https:\/\/www.growshopweb.com\/blog\/fr\/politique-de-confidentialite\/","title":{"rendered":"Politique de Confidentialit\u00e9"},"content":{"rendered":"<div id=\"ez-toc-container\" class=\"ez-toc-v2_0_82_2 counter-hierarchy ez-toc-counter ez-toc-grey ez-toc-container-direction\">\n<div class=\"ez-toc-title-container\">\n<p class=\"ez-toc-title\" style=\"cursor:inherit\">Table of Contents<\/p>\n<span class=\"ez-toc-title-toggle\"><a href=\"#\" class=\"ez-toc-pull-right ez-toc-btn ez-toc-btn-xs ez-toc-btn-default ez-toc-toggle\" aria-label=\"Alternar tabla de contenidos\"><span class=\"ez-toc-js-icon-con\"><span class=\"\"><span class=\"eztoc-hide\" style=\"display:none;\">Toggle<\/span><span class=\"ez-toc-icon-toggle-span\"><svg style=\"fill: #999;color:#999\" xmlns=\"http:\/\/www.w3.org\/2000\/svg\" class=\"list-377408\" width=\"20px\" height=\"20px\" viewBox=\"0 0 24 24\" fill=\"none\"><path d=\"M6 6H4v2h2V6zm14 0H8v2h12V6zM4 11h2v2H4v-2zm16 0H8v2h12v-2zM4 16h2v2H4v-2zm16 0H8v2h12v-2z\" fill=\"currentColor\"><\/path><\/svg><svg style=\"fill: #999;color:#999\" class=\"arrow-unsorted-368013\" xmlns=\"http:\/\/www.w3.org\/2000\/svg\" width=\"10px\" height=\"10px\" viewBox=\"0 0 24 24\" version=\"1.2\" baseProfile=\"tiny\"><path d=\"M18.2 9.3l-6.2-6.3-6.2 6.3c-.2.2-.3.4-.3.7s.1.5.3.7c.2.2.4.3.7.3h11c.3 0 .5-.1.7-.3.2-.2.3-.5.3-.7s-.1-.5-.3-.7zM5.8 14.7l6.2 6.3 6.2-6.3c.2-.2.3-.5.3-.7s-.1-.5-.3-.7c-.2-.2-.4-.3-.7-.3h-11c-.3 0-.5.1-.7.3-.2.2-.3.5-.3.7s.1.5.3.7z\"\/><\/svg><\/span><\/span><\/span><\/a><\/span><\/div>\n<nav><ul class='ez-toc-list ez-toc-list-level-1 ' ><li class='ez-toc-page-1 ez-toc-heading-level-2'><a class=\"ez-toc-link ez-toc-heading-1\" href=\"https:\/\/www.growshopweb.com\/blog\/fr\/politique-de-confidentialite\/#Politique_de_Confidentialite\" >Politique de Confidentialit\u00e9<\/a><ul class='ez-toc-list-level-3' ><li class='ez-toc-heading-level-3'><a class=\"ez-toc-link ez-toc-heading-2\" href=\"https:\/\/www.growshopweb.com\/blog\/fr\/politique-de-confidentialite\/#2_Finalite_du_traitement_des_donnees\" >2. Finalit\u00e9 du traitement des donn\u00e9es<\/a><\/li><li class='ez-toc-page-1 ez-toc-heading-level-3'><a class=\"ez-toc-link ez-toc-heading-3\" href=\"https:\/\/www.growshopweb.com\/blog\/fr\/politique-de-confidentialite\/#3_Legitimation\" >3. L\u00e9gitimation<\/a><\/li><li class='ez-toc-page-1 ez-toc-heading-level-3'><a class=\"ez-toc-link ez-toc-heading-4\" href=\"https:\/\/www.growshopweb.com\/blog\/fr\/politique-de-confidentialite\/#4_Destinataires\" >4. Destinataires<\/a><\/li><li class='ez-toc-page-1 ez-toc-heading-level-3'><a class=\"ez-toc-link ez-toc-heading-5\" href=\"https:\/\/www.growshopweb.com\/blog\/fr\/politique-de-confidentialite\/#5_Droits_des_utilisateurs\" >5. Droits des utilisateurs<\/a><\/li><li class='ez-toc-page-1 ez-toc-heading-level-3'><a class=\"ez-toc-link ez-toc-heading-6\" href=\"https:\/\/www.growshopweb.com\/blog\/fr\/politique-de-confidentialite\/#6_Conservation_des_donnees\" >6. Conservation des donn\u00e9es<\/a><\/li><li class='ez-toc-page-1 ez-toc-heading-level-3'><a class=\"ez-toc-link ez-toc-heading-7\" href=\"https:\/\/www.growshopweb.com\/blog\/fr\/politique-de-confidentialite\/#7_Securite\" >7. S\u00e9curit\u00e9<\/a><\/li><li class='ez-toc-page-1 ez-toc-heading-level-3'><a class=\"ez-toc-link ez-toc-heading-8\" href=\"https:\/\/www.growshopweb.com\/blog\/fr\/politique-de-confidentialite\/#8_Cookies\" >8. Cookies<\/a><\/li><\/ul><\/li><\/ul><\/nav><\/div>\n<h2><span class=\"ez-toc-section\" id=\"Politique_de_Confidentialite\"><\/span>Politique de Confidentialit\u00e9<span class=\"ez-toc-section-end\"><\/span><\/h2>\n<p>1. Responsable du site web<br \/>\nConform\u00e9ment au R\u00e8glement (UE) 2016\/679 (RGPD) et \u00e0 la Loi Organique 3\/2018 (LOPDGDD), nous vous informons que le titulaire de ce blog est :<\/p>\n<p><!--more--><\/p>\n<p><strong>Hydroponics Blanes S.L.<\/strong><br \/>\nAdresse fiscale : Calle del Primero de Mayo 3, Nave 2, CP : 17300, Blanes, G\u00e9rone (Espagne)<br \/>\nT\u00e9l\u00e9phone : 972 35 46 85<br \/>\nAdresse email : tienda@hydroponicsblanes.es<br \/>\nDonn\u00e9es d\u2019enregistrement : Registre du Commerce de G\u00e9rone. Volume 2972, Feuillet 61, Feuille GI-56856<\/p>\n<h3><span class=\"ez-toc-section\" id=\"2_Finalite_du_traitement_des_donnees\"><\/span>2. Finalit\u00e9 du traitement des donn\u00e9es<span class=\"ez-toc-section-end\"><\/span><\/h3>\n<p>Les donn\u00e9es personnelles fournies par l\u2019utilisateur via le blog, les formulaires de contact ou les commentaires seront trait\u00e9es aux fins suivantes :<\/p>\n<ul>\n<li>G\u00e9rer les communications et demandes envoy\u00e9es par les utilisateurs.<\/li>\n<li>Am\u00e9liorer l\u2019exp\u00e9rience utilisateur et les contenus propos\u00e9s sur le blog.<\/li>\n<li>Envoyer, en cas de consentement expr\u00e8s, des communications commerciales sur des produits ou services li\u00e9s.<\/li>\n<\/ul>\n<h3><span class=\"ez-toc-section\" id=\"3_Legitimation\"><\/span>3. L\u00e9gitimation<span class=\"ez-toc-section-end\"><\/span><\/h3>\n<p>La base juridique du traitement des donn\u00e9es est :<\/p>\n<ul>\n<li>Le consentement de l\u2019int\u00e9ress\u00e9, dans le cas des abonnements ou formulaires de contact.<\/li>\n<li>L\u2019int\u00e9r\u00eat l\u00e9gitime du responsable pour am\u00e9liorer ses services et garantir la s\u00e9curit\u00e9 du site web.<\/li>\n<\/ul>\n<h3><span class=\"ez-toc-section\" id=\"4_Destinataires\"><\/span>4. Destinataires<span class=\"ez-toc-section-end\"><\/span><\/h3>\n<p>Les donn\u00e9es ne seront pas communiqu\u00e9es \u00e0 des tiers, sauf obligation l\u00e9gale. Dans certains cas, elles pourront \u00eatre trait\u00e9es par des prestataires de services technologiques dans le cadre d\u2019un contrat de sous-traitance.<\/p>\n<h3><span class=\"ez-toc-section\" id=\"5_Droits_des_utilisateurs\"><\/span>5. Droits des utilisateurs<span class=\"ez-toc-section-end\"><\/span><\/h3>\n<p>Les utilisateurs peuvent exercer leurs droits de :<\/p>\n<ul>\n<li>Acc\u00e8s<\/li>\n<li>Rectification<\/li>\n<li>Suppression<\/li>\n<li>Opposition<\/li>\n<li>Limitation du traitement<\/li>\n<li>Portabilit\u00e9<\/li>\n<\/ul>\n<p>Pour cela, ils peuvent contacter l\u2019adresse email tienda@hydroponicsblanes.es en pr\u00e9cisant clairement leur demande et en joignant une copie d\u2019un document d\u2019identit\u00e9.<\/p>\n<h3><span class=\"ez-toc-section\" id=\"6_Conservation_des_donnees\"><\/span>6. Conservation des donn\u00e9es<span class=\"ez-toc-section-end\"><\/span><\/h3>\n<p>Les donn\u00e9es personnelles seront conserv\u00e9es tant qu\u2019une relation avec l\u2019utilisateur existe, puis pendant le temps n\u00e9cessaire pour respecter les obligations l\u00e9gales ou se d\u00e9fendre contre d\u2019\u00e9ventuelles r\u00e9clamations.<\/p>\n<h3><span class=\"ez-toc-section\" id=\"7_Securite\"><\/span>7. S\u00e9curit\u00e9<span class=\"ez-toc-section-end\"><\/span><\/h3>\n<p>Hydroponics Blanes S.L. applique les mesures techniques et organisationnelles n\u00e9cessaires pour garantir la confidentialit\u00e9, l\u2019int\u00e9grit\u00e9 et la disponibilit\u00e9 des donn\u00e9es conform\u00e9ment au niveau de risque identifi\u00e9.<\/p>\n<h3><span class=\"ez-toc-section\" id=\"8_Cookies\"><\/span>8. Cookies<span class=\"ez-toc-section-end\"><\/span><\/h3>\n<p>Ce blog peut utiliser des cookies pour am\u00e9liorer la navigation de l\u2019utilisateur. Vous pouvez consulter la [Politique de Cookies] pour plus d\u2019informations.<\/p>\n<p><strong>R\u00e9seaux Sociaux :<\/strong><br \/>\n<a href=\"https:\/\/www.instagram.com\/hydroponics_official\/\">Instagram<\/a><br \/>\n<a href=\"https:\/\/www.facebook.com\/HydroponicsBlanes\/\">Facebook<\/a><br \/>\n<a href=\"https:\/\/x.com\/HydroponicsEsp\">X<\/a><br \/>\n<a href=\"https:\/\/es.pinterest.com\/growshophydroponicsblanes\/\">Pinterest<\/a><\/p>\n<p><a href=\"https:\/\/www.growshopweb.com\/\">Grow Shop Online<\/a><\/p>\n","protected":false},"excerpt":{"rendered":"<p>Politique de Confidentialit\u00e9 1. Responsable du site web Conform\u00e9ment au R\u00e8glement (UE) 2016\/679 (RGPD) et \u00e0 la Loi Organique 3\/2018 (LOPDGDD), nous vous informons que le titulaire de ce blog est :<\/p>\n","protected":false},"author":1,"featured_media":0,"parent":0,"menu_order":0,"comment_status":"closed","ping_status":"closed","template":"","meta":{"footnotes":""},"class_list":["post-7567","page","type-page","status-publish","hentry"],"yoast_head":"<!-- This site is optimized with the Yoast SEO plugin v27.3 - https:\/\/yoast.com\/product\/yoast-seo-wordpress\/ -->\n<title>Politique de Confidentialit\u00e9 - Blog Hydroponics Blanes<\/title>\n<meta name=\"description\" content=\"Politique de Confidentialit\u00e9. Hydroponics Blanes. Grow Shop en ligne en Espagne. Livraisons discr\u00e8tes en 24\/48 h. Cliquez ici\" \/>\n<meta name=\"robots\" content=\"index, follow, max-snippet:-1, max-image-preview:large, max-video-preview:-1\" \/>\n<link rel=\"canonical\" href=\"https:\/\/www.growshopweb.com\/blog\/fr\/politique-de-confidentialite\/\" \/>\n<meta property=\"og:locale\" content=\"es_ES\" \/>\n<meta property=\"og:type\" content=\"article\" \/>\n<meta property=\"og:title\" content=\"Politique de Confidentialit\u00e9 - Blog Hydroponics Blanes\" \/>\n<meta property=\"og:description\" content=\"Politique de Confidentialit\u00e9. Hydroponics Blanes. Grow Shop en ligne en Espagne. Livraisons discr\u00e8tes en 24\/48 h. Cliquez ici\" \/>\n<meta property=\"og:url\" content=\"https:\/\/www.growshopweb.com\/blog\/fr\/politique-de-confidentialite\/\" \/>\n<meta property=\"og:site_name\" content=\"Blog Hydroponics Blanes\" \/>\n<meta property=\"article:publisher\" content=\"https:\/\/www.facebook.com\/HydroponicsBlanesGrowShop\/\" \/>\n<meta name=\"twitter:card\" content=\"summary_large_image\" \/>\n<meta name=\"twitter:site\" content=\"@HydroponicsEsp\" \/>\n<meta name=\"twitter:label1\" content=\"Tiempo de lectura\" \/>\n\t<meta name=\"twitter:data1\" content=\"2 minutos\" \/>\n<!-- \/ Yoast SEO plugin. -->","yoast_head_json":{"title":"Politique de Confidentialit\u00e9 - Blog Hydroponics Blanes","description":"Politique de Confidentialit\u00e9. Hydroponics Blanes. Grow Shop en ligne en Espagne. Livraisons discr\u00e8tes en 24\/48 h. Cliquez ici","robots":{"index":"index","follow":"follow","max-snippet":"max-snippet:-1","max-image-preview":"max-image-preview:large","max-video-preview":"max-video-preview:-1"},"canonical":"https:\/\/www.growshopweb.com\/blog\/fr\/politique-de-confidentialite\/","og_locale":"es_ES","og_type":"article","og_title":"Politique de Confidentialit\u00e9 - Blog Hydroponics Blanes","og_description":"Politique de Confidentialit\u00e9. Hydroponics Blanes. Grow Shop en ligne en Espagne. Livraisons discr\u00e8tes en 24\/48 h. Cliquez ici","og_url":"https:\/\/www.growshopweb.com\/blog\/fr\/politique-de-confidentialite\/","og_site_name":"Blog Hydroponics Blanes","article_publisher":"https:\/\/www.facebook.com\/HydroponicsBlanesGrowShop\/","twitter_card":"summary_large_image","twitter_site":"@HydroponicsEsp","twitter_misc":{"Tiempo de lectura":"2 minutos"},"schema":{"@context":"https:\/\/schema.org","@graph":[{"@type":"WebPage","@id":"https:\/\/www.growshopweb.com\/blog\/fr\/politique-de-confidentialite\/","url":"https:\/\/www.growshopweb.com\/blog\/fr\/politique-de-confidentialite\/","name":"Politique de Confidentialit\u00e9 - Blog Hydroponics Blanes","isPartOf":{"@id":"https:\/\/www.growshopweb.com\/blog\/#website"},"datePublished":"2025-07-15T08:55:10+00:00","description":"Politique de Confidentialit\u00e9. Hydroponics Blanes. Grow Shop en ligne en Espagne. Livraisons discr\u00e8tes en 24\/48 h. Cliquez ici","breadcrumb":{"@id":"https:\/\/www.growshopweb.com\/blog\/fr\/politique-de-confidentialite\/#breadcrumb"},"inLanguage":"es","potentialAction":[{"@type":"ReadAction","target":["https:\/\/www.growshopweb.com\/blog\/fr\/politique-de-confidentialite\/"]}]},{"@type":"BreadcrumbList","@id":"https:\/\/www.growshopweb.com\/blog\/fr\/politique-de-confidentialite\/#breadcrumb","itemListElement":[{"@type":"ListItem","position":1,"name":"Portada","item":"https:\/\/www.growshopweb.com\/blog\/"},{"@type":"ListItem","position":2,"name":"Politique de Confidentialit\u00e9"}]},{"@type":"WebSite","@id":"https:\/\/www.growshopweb.com\/blog\/#website","url":"https:\/\/www.growshopweb.com\/blog\/","name":"Blog Hydroponics Blanes","description":"Art\u00edculos y tablas cultivo para marihuana.","publisher":{"@id":"https:\/\/www.growshopweb.com\/blog\/#organization"},"potentialAction":[{"@type":"SearchAction","target":{"@type":"EntryPoint","urlTemplate":"https:\/\/www.growshopweb.com\/blog\/?s={search_term_string}"},"query-input":{"@type":"PropertyValueSpecification","valueRequired":true,"valueName":"search_term_string"}}],"inLanguage":"es"},{"@type":"Organization","@id":"https:\/\/www.growshopweb.com\/blog\/#organization","name":"Hydroponics Blanes S.L.","url":"https:\/\/www.growshopweb.com\/blog\/","logo":{"@type":"ImageObject","inLanguage":"es","@id":"https:\/\/www.growshopweb.com\/blog\/#\/schema\/logo\/image\/","url":"https:\/\/www.growshopweb.com\/blog\/wp-content\/uploads\/2022\/10\/cropped-LOGOTIPOS-HYDROPONICS-3.png","contentUrl":"https:\/\/www.growshopweb.com\/blog\/wp-content\/uploads\/2022\/10\/cropped-LOGOTIPOS-HYDROPONICS-3.png","width":591,"height":95,"caption":"Hydroponics Blanes S.L."},"image":{"@id":"https:\/\/www.growshopweb.com\/blog\/#\/schema\/logo\/image\/"},"sameAs":["https:\/\/www.facebook.com\/HydroponicsBlanesGrowShop\/","https:\/\/x.com\/HydroponicsEsp","https:\/\/es.pinterest.com\/growshophydroponicsblanes\/","https:\/\/www.instagram.com\/hydroponics_official\/"]}]}},"_links":{"self":[{"href":"https:\/\/www.growshopweb.com\/blog\/wp-json\/wp\/v2\/pages\/7567","targetHints":{"allow":["GET"]}}],"collection":[{"href":"https:\/\/www.growshopweb.com\/blog\/wp-json\/wp\/v2\/pages"}],"about":[{"href":"https:\/\/www.growshopweb.com\/blog\/wp-json\/wp\/v2\/types\/page"}],"author":[{"embeddable":true,"href":"https:\/\/www.growshopweb.com\/blog\/wp-json\/wp\/v2\/users\/1"}],"replies":[{"embeddable":true,"href":"https:\/\/www.growshopweb.com\/blog\/wp-json\/wp\/v2\/comments?post=7567"}],"version-history":[{"count":1,"href":"https:\/\/www.growshopweb.com\/blog\/wp-json\/wp\/v2\/pages\/7567\/revisions"}],"predecessor-version":[{"id":7568,"href":"https:\/\/www.growshopweb.com\/blog\/wp-json\/wp\/v2\/pages\/7567\/revisions\/7568"}],"wp:attachment":[{"href":"https:\/\/www.growshopweb.com\/blog\/wp-json\/wp\/v2\/media?parent=7567"}],"curies":[{"name":"wp","href":"https:\/\/api.w.org\/{rel}","templated":true}]}}