{"id":7563,"date":"2025-07-15T08:50:46","date_gmt":"2025-07-15T08:50:46","guid":{"rendered":"https:\/\/www.growshopweb.com\/blog\/?page_id=7563"},"modified":"2025-07-15T08:50:46","modified_gmt":"2025-07-15T08:50:46","slug":"politica-dei-cookie","status":"publish","type":"page","link":"https:\/\/www.growshopweb.com\/blog\/it\/politica-dei-cookie\/","title":{"rendered":"Politica dei Cookie"},"content":{"rendered":"<div id=\"ez-toc-container\" class=\"ez-toc-v2_0_82_2 counter-hierarchy ez-toc-counter ez-toc-grey ez-toc-container-direction\">\n<div class=\"ez-toc-title-container\">\n<p class=\"ez-toc-title\" style=\"cursor:inherit\">Table of Contents<\/p>\n<span class=\"ez-toc-title-toggle\"><a href=\"#\" class=\"ez-toc-pull-right ez-toc-btn ez-toc-btn-xs ez-toc-btn-default ez-toc-toggle\" aria-label=\"Alternar tabla de contenidos\"><span class=\"ez-toc-js-icon-con\"><span class=\"\"><span class=\"eztoc-hide\" style=\"display:none;\">Toggle<\/span><span class=\"ez-toc-icon-toggle-span\"><svg style=\"fill: #999;color:#999\" xmlns=\"http:\/\/www.w3.org\/2000\/svg\" class=\"list-377408\" width=\"20px\" height=\"20px\" viewBox=\"0 0 24 24\" fill=\"none\"><path d=\"M6 6H4v2h2V6zm14 0H8v2h12V6zM4 11h2v2H4v-2zm16 0H8v2h12v-2zM4 16h2v2H4v-2zm16 0H8v2h12v-2z\" fill=\"currentColor\"><\/path><\/svg><svg style=\"fill: #999;color:#999\" class=\"arrow-unsorted-368013\" xmlns=\"http:\/\/www.w3.org\/2000\/svg\" width=\"10px\" height=\"10px\" viewBox=\"0 0 24 24\" version=\"1.2\" baseProfile=\"tiny\"><path d=\"M18.2 9.3l-6.2-6.3-6.2 6.3c-.2.2-.3.4-.3.7s.1.5.3.7c.2.2.4.3.7.3h11c.3 0 .5-.1.7-.3.2-.2.3-.5.3-.7s-.1-.5-.3-.7zM5.8 14.7l6.2 6.3 6.2-6.3c.2-.2.3-.5.3-.7s-.1-.5-.3-.7c-.2-.2-.4-.3-.7-.3h-11c-.3 0-.5.1-.7.3-.2.2-.3.5-.3.7s.1.5.3.7z\"\/><\/svg><\/span><\/span><\/span><\/a><\/span><\/div>\n<nav><ul class='ez-toc-list ez-toc-list-level-1 ' ><li class='ez-toc-page-1 ez-toc-heading-level-2'><a class=\"ez-toc-link ez-toc-heading-1\" href=\"https:\/\/www.growshopweb.com\/blog\/it\/politica-dei-cookie\/#Politica_dei_Cookie\" >Politica dei Cookie<\/a><ul class='ez-toc-list-level-3' ><li class='ez-toc-heading-level-3'><a class=\"ez-toc-link ez-toc-heading-2\" href=\"https:\/\/www.growshopweb.com\/blog\/it\/politica-dei-cookie\/#Cosa_NON_e_un_cookie\" >Cosa NON \u00e8 un cookie?<\/a><\/li><li class='ez-toc-page-1 ez-toc-heading-level-3'><a class=\"ez-toc-link ez-toc-heading-3\" href=\"https:\/\/www.growshopweb.com\/blog\/it\/politica-dei-cookie\/#Che_tipo_di_informazioni_memorizza_un_cookie\" >Che tipo di informazioni memorizza un cookie?<\/a><\/li><li class='ez-toc-page-1 ez-toc-heading-level-3'><a class=\"ez-toc-link ez-toc-heading-4\" href=\"https:\/\/www.growshopweb.com\/blog\/it\/politica-dei-cookie\/#Quali_tipi_di_cookie_esistono\" >Quali tipi di cookie esistono?<\/a><ul class='ez-toc-list-level-4' ><li class='ez-toc-heading-level-4'><a class=\"ez-toc-link ez-toc-heading-5\" href=\"https:\/\/www.growshopweb.com\/blog\/it\/politica-dei-cookie\/#Tecnici\" >Tecnici<\/a><\/li><li class='ez-toc-page-1 ez-toc-heading-level-4'><a class=\"ez-toc-link ez-toc-heading-6\" href=\"https:\/\/www.growshopweb.com\/blog\/it\/politica-dei-cookie\/#Di_analisi\" >Di analisi<\/a><\/li><li class='ez-toc-page-1 ez-toc-heading-level-4'><a class=\"ez-toc-link ez-toc-heading-7\" href=\"https:\/\/www.growshopweb.com\/blog\/it\/politica-dei-cookie\/#Pubblicitari\" >Pubblicitari<\/a><\/li><\/ul><\/li><li class='ez-toc-page-1 ez-toc-heading-level-3'><a class=\"ez-toc-link ez-toc-heading-8\" href=\"https:\/\/www.growshopweb.com\/blog\/it\/politica-dei-cookie\/#Cosa_sono_i_cookie_propri_e_quelli_di_terze_parti\" >Cosa sono i cookie propri e quelli di terze parti?<\/a><\/li><li class='ez-toc-page-1 ez-toc-heading-level-3'><a class=\"ez-toc-link ez-toc-heading-9\" href=\"https:\/\/www.growshopweb.com\/blog\/it\/politica-dei-cookie\/#Cosa_succede_se_disattivo_i_cookie\" >Cosa succede se disattivo i cookie?<\/a><\/li><li class='ez-toc-page-1 ez-toc-heading-level-3'><a class=\"ez-toc-link ez-toc-heading-10\" href=\"https:\/\/www.growshopweb.com\/blog\/it\/politica-dei-cookie\/#Si_possono_eliminare_i_cookie\" >Si possono eliminare i cookie?<\/a><\/li><li class='ez-toc-page-1 ez-toc-heading-level-3'><a class=\"ez-toc-link ez-toc-heading-11\" href=\"https:\/\/www.growshopweb.com\/blog\/it\/politica-dei-cookie\/#Configurazione_dei_cookie_nei_browser_piu_popolari\" >Configurazione dei cookie nei browser pi\u00f9 popolari<\/a><ul class='ez-toc-list-level-4' ><li class='ez-toc-heading-level-4'><a class=\"ez-toc-link ez-toc-heading-12\" href=\"https:\/\/www.growshopweb.com\/blog\/it\/politica-dei-cookie\/#Google_Chrome\" >Google Chrome<\/a><\/li><li class='ez-toc-page-1 ez-toc-heading-level-4'><a class=\"ez-toc-link ez-toc-heading-13\" href=\"https:\/\/www.growshopweb.com\/blog\/it\/politica-dei-cookie\/#Internet_Explorer\" >Internet Explorer<\/a><\/li><li class='ez-toc-page-1 ez-toc-heading-level-4'><a class=\"ez-toc-link ez-toc-heading-14\" href=\"https:\/\/www.growshopweb.com\/blog\/it\/politica-dei-cookie\/#Mozilla_Firefox\" >Mozilla Firefox<\/a><\/li><li class='ez-toc-page-1 ez-toc-heading-level-4'><a class=\"ez-toc-link ez-toc-heading-15\" href=\"https:\/\/www.growshopweb.com\/blog\/it\/politica-dei-cookie\/#Safari_per_OSX\" >Safari per OSX<\/a><\/li><li class='ez-toc-page-1 ez-toc-heading-level-4'><a class=\"ez-toc-link ez-toc-heading-16\" href=\"https:\/\/www.growshopweb.com\/blog\/it\/politica-dei-cookie\/#Safari_per_iOS\" >Safari per iOS<\/a><\/li><li class='ez-toc-page-1 ez-toc-heading-level-4'><a class=\"ez-toc-link ez-toc-heading-17\" href=\"https:\/\/www.growshopweb.com\/blog\/it\/politica-dei-cookie\/#Browser_per_Android\" >Browser per Android<\/a><\/li><\/ul><\/li><\/ul><\/li><\/ul><\/nav><\/div>\n<h2><span class=\"ez-toc-section\" id=\"Politica_dei_Cookie\"><\/span>Politica dei Cookie<span class=\"ez-toc-section-end\"><\/span><\/h2>\n<p>Che cos&#8217;\u00e8 un cookie?<br \/>\nUn cookie \u00e8 un file di testo innocuo che viene memorizzato nel tuo browser quando visiti quasi qualsiasi pagina web. La sua utilit\u00e0 consiste nel permettere al sito di ricordare la tua visita quando navighi di nuovo su quella pagina. Anche se molte persone non lo sanno, i cookie vengono utilizzati da oltre 20 anni, da quando sono comparsi i primi browser per il World Wide Web.<\/p>\n<p><!--more--><\/p>\n<h3><span class=\"ez-toc-section\" id=\"Cosa_NON_e_un_cookie\"><\/span>Cosa NON \u00e8 un cookie?<span class=\"ez-toc-section-end\"><\/span><\/h3>\n<p>Non \u00e8 un virus, n\u00e9 un trojan, n\u00e9 un worm, n\u00e9 spam, n\u00e9 spyware, n\u00e9 apre finestre pop-up.<\/p>\n<h3><span class=\"ez-toc-section\" id=\"Che_tipo_di_informazioni_memorizza_un_cookie\"><\/span>Che tipo di informazioni memorizza un cookie?<span class=\"ez-toc-section-end\"><\/span><\/h3>\n<p>I cookie di solito non memorizzano informazioni sensibili come carte di credito o dati bancari, fotografie, documenti di identit\u00e0 o informazioni personali. I dati conservati sono tecnici, preferenze personali, personalizzazione dei contenuti, ecc.<\/p>\n<p>Il server web non ti associa come persona, ma al tuo browser. Infatti, se navighi normalmente con Internet Explorer e provi a navigare con Firefox o Chrome, il sito non sapr\u00e0 che sei la stessa persona, poich\u00e9 associa il browser, non l\u2019utente.<\/p>\n<h3><span class=\"ez-toc-section\" id=\"Quali_tipi_di_cookie_esistono\"><\/span>Quali tipi di cookie esistono?<span class=\"ez-toc-section-end\"><\/span><\/h3>\n<h4><span class=\"ez-toc-section\" id=\"Tecnici\"><\/span>Tecnici<span class=\"ez-toc-section-end\"><\/span><\/h4>\n<p>Sono i pi\u00f9 elementari e permettono, tra le altre cose, di sapere se sta navigando un essere umano o un\u2019applicazione automatica, se si tratta di un utente anonimo o registrato \u2013 funzioni basilari per il funzionamento di qualsiasi sito web dinamico.<\/p>\n<h4><span class=\"ez-toc-section\" id=\"Di_analisi\"><\/span>Di analisi<span class=\"ez-toc-section-end\"><\/span><\/h4>\n<p>Raccolgono informazioni sul tipo di navigazione effettuata, sezioni pi\u00f9 visitate, prodotti consultati, fascia oraria, lingua, ecc.<\/p>\n<h4><span class=\"ez-toc-section\" id=\"Pubblicitari\"><\/span>Pubblicitari<span class=\"ez-toc-section-end\"><\/span><\/h4>\n<p>Mostrano pubblicit\u00e0 in base alla tua navigazione, paese di provenienza, lingua, ecc.<\/p>\n<h3><span class=\"ez-toc-section\" id=\"Cosa_sono_i_cookie_propri_e_quelli_di_terze_parti\"><\/span>Cosa sono i cookie propri e quelli di terze parti?<span class=\"ez-toc-section-end\"><\/span><\/h3>\n<p>I cookie propri sono generati dalla pagina che stai visitando, mentre quelli di terze parti sono creati da servizi o fornitori esterni come Facebook, Twitter, Google, ecc.<\/p>\n<h3><span class=\"ez-toc-section\" id=\"Cosa_succede_se_disattivo_i_cookie\"><\/span>Cosa succede se disattivo i cookie?<span class=\"ez-toc-section-end\"><\/span><\/h3>\n<p>Per capire le conseguenze della disattivazione dei cookie, ti forniamo alcuni esempi:<\/p>\n<ul>\n<li>Non potrai condividere contenuti di questo sito su Facebook, Twitter o qualsiasi altro social network.<\/li>\n<li>Il sito non potr\u00e0 adattare i contenuti alle tue preferenze personali, come avviene nei negozi online.<\/li>\n<li>Non potrai accedere all&#8217;area personale di nessun sito, come ad esempio Il mio account, Il mio profilo o I miei ordini.<\/li>\n<li>Negozi online: non potrai effettuare acquisti online, dovrai farli telefonicamente o recarti in negozio fisico se esistente.<\/li>\n<li>Non sar\u00e0 possibile personalizzare le tue preferenze geografiche come fuso orario, valuta o lingua.<\/li>\n<li>Il sito non potr\u00e0 eseguire analisi statistiche sui visitatori e il traffico, rendendo difficile la competitivit\u00e0.<\/li>\n<li>Non potrai scrivere nel blog, caricare foto, commentare, valutare o dare punteggi ai contenuti. Il sito non potr\u00e0 verificare se sei umano o un&#8217;app automatica che pubblica spam.<\/li>\n<li>Non sar\u00e0 possibile visualizzare pubblicit\u00e0 mirata, riducendo i ricavi pubblicitari.<\/li>\n<li>Tutti i social network utilizzano cookie. Se li disattivi, non potrai utilizzarli.<\/li>\n<\/ul>\n<h3><span class=\"ez-toc-section\" id=\"Si_possono_eliminare_i_cookie\"><\/span>Si possono eliminare i cookie?<span class=\"ez-toc-section-end\"><\/span><\/h3>\n<p>S\u00ec. Puoi eliminarli o bloccarli, in modo generale o specifico per un determinato dominio.<\/p>\n<p>Per eliminare i cookie di un sito web, devi andare alle impostazioni del tuo browser e cercare quelli associati al dominio in questione per eliminarli.<\/p>\n<h3><span class=\"ez-toc-section\" id=\"Configurazione_dei_cookie_nei_browser_piu_popolari\"><\/span>Configurazione dei cookie nei browser pi\u00f9 popolari<span class=\"ez-toc-section-end\"><\/span><\/h3>\n<h4><span class=\"ez-toc-section\" id=\"Google_Chrome\"><\/span>Google Chrome<span class=\"ez-toc-section-end\"><\/span><\/h4>\n<p>Vai su Impostazioni o Preferenze dal menu File o cliccando sull\u2019icona dei tre puntini in alto a destra.<br \/>\nClicca su &#8220;Mostra impostazioni avanzate&#8221;.<br \/>\nVai su &#8220;Privacy&#8221;, quindi &#8220;Impostazioni contenuti&#8221;.<br \/>\nSeleziona &#8220;Tutti i cookie e i dati dei siti&#8221;.<br \/>\nApparir\u00e0 un elenco di tutti i cookie ordinati per dominio.<br \/>\nUsa il campo di ricerca per trovare i cookie relativi a un dominio specifico.<br \/>\nSelezionali e clicca sulla X per eliminarli.<\/p>\n<h4><span class=\"ez-toc-section\" id=\"Internet_Explorer\"><\/span>Internet Explorer<span class=\"ez-toc-section-end\"><\/span><\/h4>\n<p>Vai su Strumenti, poi Opzioni Internet.<br \/>\nClicca su &#8220;Privacy&#8221; e regola il livello di protezione tramite il cursore.<\/p>\n<h4><span class=\"ez-toc-section\" id=\"Mozilla_Firefox\"><\/span>Mozilla Firefox<span class=\"ez-toc-section-end\"><\/span><\/h4>\n<p>Vai su Opzioni o Preferenze, a seconda del sistema operativo.<br \/>\nClicca su &#8220;Privacy&#8221;.<br \/>\nIn &#8220;Cronologia&#8221;, seleziona &#8220;Utilizza impostazioni personalizzate&#8221;.<br \/>\nOra puoi attivare o disattivare l\u2019opzione &#8220;Accetta cookie&#8221;.<\/p>\n<h4><span class=\"ez-toc-section\" id=\"Safari_per_OSX\"><\/span>Safari per OSX<span class=\"ez-toc-section-end\"><\/span><\/h4>\n<p>Vai su Preferenze, quindi su &#8220;Privacy&#8221;.<br \/>\nQui puoi configurare il tipo di blocco dei cookie desiderato.<\/p>\n<h4><span class=\"ez-toc-section\" id=\"Safari_per_iOS\"><\/span>Safari per iOS<span class=\"ez-toc-section-end\"><\/span><\/h4>\n<p>Vai su Impostazioni, poi su Safari.<br \/>\nVai su &#8220;Privacy e Sicurezza&#8221;, dove potrai configurare il tipo di blocco dei cookie.<\/p>\n<h4><span class=\"ez-toc-section\" id=\"Browser_per_Android\"><\/span>Browser per Android<span class=\"ez-toc-section-end\"><\/span><\/h4>\n<p>Avvia il browser, premi il tasto Menu, quindi Impostazioni.<br \/>\nVai su &#8220;Sicurezza e Privacy&#8221;, dove troverai l\u2019opzione &#8220;Accetta cookie&#8221; da attivare o disattivare.<\/p>\n<p><strong>Reti Sociali:<\/strong><br \/>\n<a href=\"https:\/\/www.instagram.com\/hydroponics_official\/\">Instagram<\/a><br \/>\n<a href=\"https:\/\/www.facebook.com\/HydroponicsBlanes\/\">Facebook<\/a><br \/>\n<a href=\"https:\/\/x.com\/HydroponicsEsp\">X<\/a><br \/>\n<a href=\"https:\/\/es.pinterest.com\/growshophydroponicsblanes\/\">Pinterest<\/a><\/p>\n<p><a href=\"https:\/\/www.growshopweb.com\/\">Grow Shop Online<\/a><\/p>\n","protected":false},"excerpt":{"rendered":"<p>Politica dei Cookie Che cos&#8217;\u00e8 un cookie? Un cookie \u00e8 un file di testo innocuo che viene memorizzato nel tuo browser quando visiti quasi qualsiasi pagina web. La sua utilit\u00e0 consiste nel permettere al sito di ricordare la tua visita quando navighi di nuovo su quella pagina. Anche se molte persone non lo sanno, i [&hellip;]<\/p>\n","protected":false},"author":1,"featured_media":0,"parent":0,"menu_order":0,"comment_status":"closed","ping_status":"closed","template":"","meta":{"footnotes":""},"class_list":["post-7563","page","type-page","status-publish","hentry"],"yoast_head":"<!-- This site is optimized with the Yoast SEO plugin v27.3 - https:\/\/yoast.com\/product\/yoast-seo-wordpress\/ -->\n<title>Politica dei Cookie. Grow Shop Hydroponics Blanes - Blog<\/title>\n<meta name=\"description\" content=\"Politica dei Cookie. Grow Shop Hydroponics Blanes: come le utilizziamo per migliorare la tua esperienza online mentre navighi nel nostro sito.\" \/>\n<meta name=\"robots\" content=\"index, follow, max-snippet:-1, max-image-preview:large, max-video-preview:-1\" \/>\n<link rel=\"canonical\" href=\"https:\/\/www.growshopweb.com\/blog\/it\/politica-dei-cookie\/\" \/>\n<meta property=\"og:locale\" content=\"es_ES\" \/>\n<meta property=\"og:type\" content=\"article\" \/>\n<meta property=\"og:title\" content=\"Politica dei Cookie. Grow Shop Hydroponics Blanes - Blog\" \/>\n<meta property=\"og:description\" content=\"Politica dei Cookie. Grow Shop Hydroponics Blanes: come le utilizziamo per migliorare la tua esperienza online mentre navighi nel nostro sito.\" \/>\n<meta property=\"og:url\" content=\"https:\/\/www.growshopweb.com\/blog\/it\/politica-dei-cookie\/\" \/>\n<meta property=\"og:site_name\" content=\"Blog Hydroponics Blanes\" \/>\n<meta property=\"article:publisher\" content=\"https:\/\/www.facebook.com\/HydroponicsBlanesGrowShop\/\" \/>\n<meta name=\"twitter:card\" content=\"summary_large_image\" \/>\n<meta name=\"twitter:site\" content=\"@HydroponicsEsp\" \/>\n<meta name=\"twitter:label1\" content=\"Tiempo de lectura\" \/>\n\t<meta name=\"twitter:data1\" content=\"4 minutos\" \/>\n<!-- \/ Yoast SEO plugin. -->","yoast_head_json":{"title":"Politica dei Cookie. Grow Shop Hydroponics Blanes - Blog","description":"Politica dei Cookie. Grow Shop Hydroponics Blanes: come le utilizziamo per migliorare la tua esperienza online mentre navighi nel nostro sito.","robots":{"index":"index","follow":"follow","max-snippet":"max-snippet:-1","max-image-preview":"max-image-preview:large","max-video-preview":"max-video-preview:-1"},"canonical":"https:\/\/www.growshopweb.com\/blog\/it\/politica-dei-cookie\/","og_locale":"es_ES","og_type":"article","og_title":"Politica dei Cookie. Grow Shop Hydroponics Blanes - Blog","og_description":"Politica dei Cookie. Grow Shop Hydroponics Blanes: come le utilizziamo per migliorare la tua esperienza online mentre navighi nel nostro sito.","og_url":"https:\/\/www.growshopweb.com\/blog\/it\/politica-dei-cookie\/","og_site_name":"Blog Hydroponics Blanes","article_publisher":"https:\/\/www.facebook.com\/HydroponicsBlanesGrowShop\/","twitter_card":"summary_large_image","twitter_site":"@HydroponicsEsp","twitter_misc":{"Tiempo de lectura":"4 minutos"},"schema":{"@context":"https:\/\/schema.org","@graph":[{"@type":"WebPage","@id":"https:\/\/www.growshopweb.com\/blog\/it\/politica-dei-cookie\/","url":"https:\/\/www.growshopweb.com\/blog\/it\/politica-dei-cookie\/","name":"Politica dei Cookie. Grow Shop Hydroponics Blanes - Blog","isPartOf":{"@id":"https:\/\/www.growshopweb.com\/blog\/#website"},"datePublished":"2025-07-15T08:50:46+00:00","description":"Politica dei Cookie. Grow Shop Hydroponics Blanes: come le utilizziamo per migliorare la tua esperienza online mentre navighi nel nostro sito.","breadcrumb":{"@id":"https:\/\/www.growshopweb.com\/blog\/it\/politica-dei-cookie\/#breadcrumb"},"inLanguage":"es","potentialAction":[{"@type":"ReadAction","target":["https:\/\/www.growshopweb.com\/blog\/it\/politica-dei-cookie\/"]}]},{"@type":"BreadcrumbList","@id":"https:\/\/www.growshopweb.com\/blog\/it\/politica-dei-cookie\/#breadcrumb","itemListElement":[{"@type":"ListItem","position":1,"name":"Portada","item":"https:\/\/www.growshopweb.com\/blog\/"},{"@type":"ListItem","position":2,"name":"Politica dei Cookie"}]},{"@type":"WebSite","@id":"https:\/\/www.growshopweb.com\/blog\/#website","url":"https:\/\/www.growshopweb.com\/blog\/","name":"Blog Hydroponics Blanes","description":"Art\u00edculos y tablas cultivo para marihuana.","publisher":{"@id":"https:\/\/www.growshopweb.com\/blog\/#organization"},"potentialAction":[{"@type":"SearchAction","target":{"@type":"EntryPoint","urlTemplate":"https:\/\/www.growshopweb.com\/blog\/?s={search_term_string}"},"query-input":{"@type":"PropertyValueSpecification","valueRequired":true,"valueName":"search_term_string"}}],"inLanguage":"es"},{"@type":"Organization","@id":"https:\/\/www.growshopweb.com\/blog\/#organization","name":"Hydroponics Blanes S.L.","url":"https:\/\/www.growshopweb.com\/blog\/","logo":{"@type":"ImageObject","inLanguage":"es","@id":"https:\/\/www.growshopweb.com\/blog\/#\/schema\/logo\/image\/","url":"https:\/\/www.growshopweb.com\/blog\/wp-content\/uploads\/2022\/10\/cropped-LOGOTIPOS-HYDROPONICS-3.png","contentUrl":"https:\/\/www.growshopweb.com\/blog\/wp-content\/uploads\/2022\/10\/cropped-LOGOTIPOS-HYDROPONICS-3.png","width":591,"height":95,"caption":"Hydroponics Blanes S.L."},"image":{"@id":"https:\/\/www.growshopweb.com\/blog\/#\/schema\/logo\/image\/"},"sameAs":["https:\/\/www.facebook.com\/HydroponicsBlanesGrowShop\/","https:\/\/x.com\/HydroponicsEsp","https:\/\/es.pinterest.com\/growshophydroponicsblanes\/","https:\/\/www.instagram.com\/hydroponics_official\/"]}]}},"_links":{"self":[{"href":"https:\/\/www.growshopweb.com\/blog\/wp-json\/wp\/v2\/pages\/7563","targetHints":{"allow":["GET"]}}],"collection":[{"href":"https:\/\/www.growshopweb.com\/blog\/wp-json\/wp\/v2\/pages"}],"about":[{"href":"https:\/\/www.growshopweb.com\/blog\/wp-json\/wp\/v2\/types\/page"}],"author":[{"embeddable":true,"href":"https:\/\/www.growshopweb.com\/blog\/wp-json\/wp\/v2\/users\/1"}],"replies":[{"embeddable":true,"href":"https:\/\/www.growshopweb.com\/blog\/wp-json\/wp\/v2\/comments?post=7563"}],"version-history":[{"count":1,"href":"https:\/\/www.growshopweb.com\/blog\/wp-json\/wp\/v2\/pages\/7563\/revisions"}],"predecessor-version":[{"id":7564,"href":"https:\/\/www.growshopweb.com\/blog\/wp-json\/wp\/v2\/pages\/7563\/revisions\/7564"}],"wp:attachment":[{"href":"https:\/\/www.growshopweb.com\/blog\/wp-json\/wp\/v2\/media?parent=7563"}],"curies":[{"name":"wp","href":"https:\/\/api.w.org\/{rel}","templated":true}]}}