{"id":7561,"date":"2025-07-15T08:49:02","date_gmt":"2025-07-15T08:49:02","guid":{"rendered":"https:\/\/www.growshopweb.com\/blog\/?page_id=7561"},"modified":"2025-07-15T08:49:02","modified_gmt":"2025-07-15T08:49:02","slug":"politica-de-cookies-2","status":"publish","type":"page","link":"https:\/\/www.growshopweb.com\/blog\/pt\/politica-de-cookies-2\/","title":{"rendered":"Pol\u00edtica de Cookies"},"content":{"rendered":"<div id=\"ez-toc-container\" class=\"ez-toc-v2_0_82_2 counter-hierarchy ez-toc-counter ez-toc-grey ez-toc-container-direction\">\n<div class=\"ez-toc-title-container\">\n<p class=\"ez-toc-title\" style=\"cursor:inherit\">Table of Contents<\/p>\n<span class=\"ez-toc-title-toggle\"><a href=\"#\" class=\"ez-toc-pull-right ez-toc-btn ez-toc-btn-xs ez-toc-btn-default ez-toc-toggle\" aria-label=\"Alternar tabla de contenidos\"><span class=\"ez-toc-js-icon-con\"><span class=\"\"><span class=\"eztoc-hide\" style=\"display:none;\">Toggle<\/span><span class=\"ez-toc-icon-toggle-span\"><svg style=\"fill: #999;color:#999\" xmlns=\"http:\/\/www.w3.org\/2000\/svg\" class=\"list-377408\" width=\"20px\" height=\"20px\" viewBox=\"0 0 24 24\" fill=\"none\"><path d=\"M6 6H4v2h2V6zm14 0H8v2h12V6zM4 11h2v2H4v-2zm16 0H8v2h12v-2zM4 16h2v2H4v-2zm16 0H8v2h12v-2z\" fill=\"currentColor\"><\/path><\/svg><svg style=\"fill: #999;color:#999\" class=\"arrow-unsorted-368013\" xmlns=\"http:\/\/www.w3.org\/2000\/svg\" width=\"10px\" height=\"10px\" viewBox=\"0 0 24 24\" version=\"1.2\" baseProfile=\"tiny\"><path d=\"M18.2 9.3l-6.2-6.3-6.2 6.3c-.2.2-.3.4-.3.7s.1.5.3.7c.2.2.4.3.7.3h11c.3 0 .5-.1.7-.3.2-.2.3-.5.3-.7s-.1-.5-.3-.7zM5.8 14.7l6.2 6.3 6.2-6.3c.2-.2.3-.5.3-.7s-.1-.5-.3-.7c-.2-.2-.4-.3-.7-.3h-11c-.3 0-.5.1-.7.3-.2.2-.3.5-.3.7s.1.5.3.7z\"\/><\/svg><\/span><\/span><\/span><\/a><\/span><\/div>\n<nav><ul class='ez-toc-list ez-toc-list-level-1 ' ><li class='ez-toc-page-1 ez-toc-heading-level-2'><a class=\"ez-toc-link ez-toc-heading-1\" href=\"https:\/\/www.growshopweb.com\/blog\/pt\/politica-de-cookies-2\/#Politica_de_Cookies\" >Pol\u00edtica de Cookies<\/a><ul class='ez-toc-list-level-3' ><li class='ez-toc-heading-level-3'><a class=\"ez-toc-link ez-toc-heading-2\" href=\"https:\/\/www.growshopweb.com\/blog\/pt\/politica-de-cookies-2\/#O_que_NAO_E_um_cookie\" >O que N\u00c3O \u00c9 um cookie?<\/a><\/li><li class='ez-toc-page-1 ez-toc-heading-level-3'><a class=\"ez-toc-link ez-toc-heading-3\" href=\"https:\/\/www.growshopweb.com\/blog\/pt\/politica-de-cookies-2\/#Que_informacoes_armazena_um_cookie\" >Que informa\u00e7\u00f5es armazena um cookie?<\/a><\/li><li class='ez-toc-page-1 ez-toc-heading-level-3'><a class=\"ez-toc-link ez-toc-heading-4\" href=\"https:\/\/www.growshopweb.com\/blog\/pt\/politica-de-cookies-2\/#Que_tipos_de_cookies_existem\" >Que tipos de cookies existem?<\/a><ul class='ez-toc-list-level-4' ><li class='ez-toc-heading-level-4'><a class=\"ez-toc-link ez-toc-heading-5\" href=\"https:\/\/www.growshopweb.com\/blog\/pt\/politica-de-cookies-2\/#Tecnicos\" >T\u00e9cnicos<\/a><\/li><li class='ez-toc-page-1 ez-toc-heading-level-4'><a class=\"ez-toc-link ez-toc-heading-6\" href=\"https:\/\/www.growshopweb.com\/blog\/pt\/politica-de-cookies-2\/#De_analise\" >De an\u00e1lise<\/a><\/li><li class='ez-toc-page-1 ez-toc-heading-level-4'><a class=\"ez-toc-link ez-toc-heading-7\" href=\"https:\/\/www.growshopweb.com\/blog\/pt\/politica-de-cookies-2\/#Publicitarios\" >Publicit\u00e1rios<\/a><\/li><\/ul><\/li><li class='ez-toc-page-1 ez-toc-heading-level-3'><a class=\"ez-toc-link ez-toc-heading-8\" href=\"https:\/\/www.growshopweb.com\/blog\/pt\/politica-de-cookies-2\/#O_que_sao_cookies_proprios_e_de_terceiros\" >O que s\u00e3o cookies pr\u00f3prios e de terceiros?<\/a><\/li><li class='ez-toc-page-1 ez-toc-heading-level-3'><a class=\"ez-toc-link ez-toc-heading-9\" href=\"https:\/\/www.growshopweb.com\/blog\/pt\/politica-de-cookies-2\/#O_que_acontece_se_desativar_os_cookies\" >O que acontece se desativar os cookies?<\/a><\/li><li class='ez-toc-page-1 ez-toc-heading-level-3'><a class=\"ez-toc-link ez-toc-heading-10\" href=\"https:\/\/www.growshopweb.com\/blog\/pt\/politica-de-cookies-2\/#E_possivel_eliminar_os_cookies\" >\u00c9 poss\u00edvel eliminar os cookies?<\/a><\/li><li class='ez-toc-page-1 ez-toc-heading-level-3'><a class=\"ez-toc-link ez-toc-heading-11\" href=\"https:\/\/www.growshopweb.com\/blog\/pt\/politica-de-cookies-2\/#Configuracao_de_cookies_nos_navegadores_mais_populares\" >Configura\u00e7\u00e3o de cookies nos navegadores mais populares<\/a><ul class='ez-toc-list-level-4' ><li class='ez-toc-heading-level-4'><a class=\"ez-toc-link ez-toc-heading-12\" href=\"https:\/\/www.growshopweb.com\/blog\/pt\/politica-de-cookies-2\/#Google_Chrome\" >Google Chrome<\/a><\/li><li class='ez-toc-page-1 ez-toc-heading-level-4'><a class=\"ez-toc-link ez-toc-heading-13\" href=\"https:\/\/www.growshopweb.com\/blog\/pt\/politica-de-cookies-2\/#Internet_Explorer\" >Internet Explorer<\/a><\/li><li class='ez-toc-page-1 ez-toc-heading-level-4'><a class=\"ez-toc-link ez-toc-heading-14\" href=\"https:\/\/www.growshopweb.com\/blog\/pt\/politica-de-cookies-2\/#Mozilla_Firefox\" >Mozilla Firefox<\/a><\/li><li class='ez-toc-page-1 ez-toc-heading-level-4'><a class=\"ez-toc-link ez-toc-heading-15\" href=\"https:\/\/www.growshopweb.com\/blog\/pt\/politica-de-cookies-2\/#Safari_para_OSX\" >Safari para OSX<\/a><\/li><li class='ez-toc-page-1 ez-toc-heading-level-4'><a class=\"ez-toc-link ez-toc-heading-16\" href=\"https:\/\/www.growshopweb.com\/blog\/pt\/politica-de-cookies-2\/#Safari_para_iOS\" >Safari para iOS<\/a><\/li><li class='ez-toc-page-1 ez-toc-heading-level-4'><a class=\"ez-toc-link ez-toc-heading-17\" href=\"https:\/\/www.growshopweb.com\/blog\/pt\/politica-de-cookies-2\/#Navegador_Android\" >Navegador Android<\/a><\/li><\/ul><\/li><\/ul><\/li><\/ul><\/nav><\/div>\n<h2><span class=\"ez-toc-section\" id=\"Politica_de_Cookies\"><\/span>Pol\u00edtica de Cookies<span class=\"ez-toc-section-end\"><\/span><\/h2>\n<p>O que \u00e9 um cookie?<br \/>\nUm cookie \u00e9 um ficheiro de texto inofensivo que \u00e9 armazenado no seu navegador quando visita praticamente qualquer p\u00e1gina web. A utilidade do cookie \u00e9 permitir que o site se lembre da sua visita quando voltar a navegar nessa p\u00e1gina. Embora muitas pessoas n\u00e3o o saibam, os cookies s\u00e3o utilizados h\u00e1 mais de 20 anos, desde o surgimento dos primeiros navegadores para a World Wide Web.<\/p>\n<p><!--more--><\/p>\n<h3><span class=\"ez-toc-section\" id=\"O_que_NAO_E_um_cookie\"><\/span>O que N\u00c3O \u00c9 um cookie?<span class=\"ez-toc-section-end\"><\/span><\/h3>\n<p>N\u00e3o \u00e9 um v\u00edrus, nem um trojan, nem um worm, nem spam, nem spyware, nem abre janelas pop-up.<\/p>\n<h3><span class=\"ez-toc-section\" id=\"Que_informacoes_armazena_um_cookie\"><\/span>Que informa\u00e7\u00f5es armazena um cookie?<span class=\"ez-toc-section-end\"><\/span><\/h3>\n<p>Os cookies normalmente n\u00e3o armazenam informa\u00e7\u00f5es sens\u00edveis como cart\u00f5es de cr\u00e9dito ou dados banc\u00e1rios, fotografias, o seu documento de identidade ou informa\u00e7\u00f5es pessoais, etc. Os dados que guardam s\u00e3o de car\u00e1cter t\u00e9cnico, prefer\u00eancias pessoais, personaliza\u00e7\u00e3o de conte\u00fados, etc.<\/p>\n<p>O servidor web n\u00e3o o associa como pessoa, mas sim ao seu navegador web. De facto, se normalmente navega com o Internet Explorer e tentar navegar no mesmo site com o Firefox ou Chrome, ver\u00e1 que o site n\u00e3o reconhece que \u00e9 a mesma pessoa porque est\u00e1 a associar ao navegador, n\u00e3o ao utilizador.<\/p>\n<h3><span class=\"ez-toc-section\" id=\"Que_tipos_de_cookies_existem\"><\/span>Que tipos de cookies existem?<span class=\"ez-toc-section-end\"><\/span><\/h3>\n<h4><span class=\"ez-toc-section\" id=\"Tecnicos\"><\/span>T\u00e9cnicos<span class=\"ez-toc-section-end\"><\/span><\/h4>\n<p>S\u00e3o os mais b\u00e1sicos e permitem, entre outras coisas, saber quando est\u00e1 a navegar um humano ou uma aplica\u00e7\u00e3o automatizada, quando navega um utilizador an\u00f3nimo e um registado \u2013 tarefas b\u00e1sicas para o funcionamento de qualquer website din\u00e2mico.<\/p>\n<h4><span class=\"ez-toc-section\" id=\"De_analise\"><\/span>De an\u00e1lise<span class=\"ez-toc-section-end\"><\/span><\/h4>\n<p>Recolhem informa\u00e7\u00f5es sobre o tipo de navega\u00e7\u00e3o que est\u00e1 a realizar, as sec\u00e7\u00f5es mais utilizadas, produtos consultados, faixa hor\u00e1ria de utiliza\u00e7\u00e3o, idioma, etc.<\/p>\n<h4><span class=\"ez-toc-section\" id=\"Publicitarios\"><\/span>Publicit\u00e1rios<span class=\"ez-toc-section-end\"><\/span><\/h4>\n<p>Mostram publicidade com base na sua navega\u00e7\u00e3o, pa\u00eds de origem, idioma, etc.<\/p>\n<h3><span class=\"ez-toc-section\" id=\"O_que_sao_cookies_proprios_e_de_terceiros\"><\/span>O que s\u00e3o cookies pr\u00f3prios e de terceiros?<span class=\"ez-toc-section-end\"><\/span><\/h3>\n<p>Os cookies pr\u00f3prios s\u00e3o os gerados pela p\u00e1gina que est\u00e1 a visitar e os de terceiros s\u00e3o os gerados por servi\u00e7os ou fornecedores externos como Facebook, Twitter, Google, etc.<\/p>\n<h3><span class=\"ez-toc-section\" id=\"O_que_acontece_se_desativar_os_cookies\"><\/span>O que acontece se desativar os cookies?<span class=\"ez-toc-section-end\"><\/span><\/h3>\n<p>Para que compreenda o impacto de desativar os cookies, mostramos alguns exemplos:<\/p>\n<ul>\n<li>N\u00e3o poder\u00e1 partilhar conte\u00fados deste site no Facebook, Twitter ou qualquer outra rede social.<\/li>\n<li>O site n\u00e3o poder\u00e1 adaptar os conte\u00fados \u00e0s suas prefer\u00eancias pessoais, como acontece nas lojas online.<\/li>\n<li>N\u00e3o poder\u00e1 aceder \u00e0 \u00e1rea pessoal de nenhum site, como por exemplo: A Minha Conta, O Meu Perfil ou As Minhas Encomendas.<\/li>\n<li>Em lojas online: ser\u00e1 imposs\u00edvel realizar compras online, sendo necess\u00e1rio telefonar ou visitar a loja f\u00edsica (se existir).<\/li>\n<li>N\u00e3o ser\u00e1 poss\u00edvel personalizar as suas prefer\u00eancias geogr\u00e1ficas como fuso hor\u00e1rio, moeda ou idioma.<\/li>\n<li>O site n\u00e3o poder\u00e1 realizar an\u00e1lises sobre visitantes e tr\u00e1fego, dificultando a sua competitividade.<\/li>\n<li>N\u00e3o poder\u00e1 escrever no blog, carregar fotos, comentar, avaliar ou classificar conte\u00fados. O site tamb\u00e9m n\u00e3o poder\u00e1 verificar se \u00e9 humano ou uma aplica\u00e7\u00e3o automatizada que publica spam.<\/li>\n<li>N\u00e3o ser\u00e1 poss\u00edvel mostrar publicidade segmentada, o que reduzir\u00e1 a receita publicit\u00e1ria do site.<\/li>\n<li>Todas as redes sociais utilizam cookies. Se os desativar, n\u00e3o poder\u00e1 usar nenhuma delas.<\/li>\n<\/ul>\n<h3><span class=\"ez-toc-section\" id=\"E_possivel_eliminar_os_cookies\"><\/span>\u00c9 poss\u00edvel eliminar os cookies?<span class=\"ez-toc-section-end\"><\/span><\/h3>\n<p>Sim. Pode n\u00e3o s\u00f3 eliminar como tamb\u00e9m bloquear cookies, de forma geral ou espec\u00edfica para um dom\u00ednio.<\/p>\n<p>Para eliminar os cookies de um site deve ir \u00e0s defini\u00e7\u00f5es do seu navegador e procurar os cookies associados ao dom\u00ednio em quest\u00e3o para os remover.<\/p>\n<h3><span class=\"ez-toc-section\" id=\"Configuracao_de_cookies_nos_navegadores_mais_populares\"><\/span>Configura\u00e7\u00e3o de cookies nos navegadores mais populares<span class=\"ez-toc-section-end\"><\/span><\/h3>\n<h4><span class=\"ez-toc-section\" id=\"Google_Chrome\"><\/span>Google Chrome<span class=\"ez-toc-section-end\"><\/span><\/h4>\n<p>Aceda a Defini\u00e7\u00f5es ou Prefer\u00eancias atrav\u00e9s do menu Ficheiro ou clicando no \u00edcone dos tr\u00eas pontos no canto superior direito.<br \/>\nClique em &#8220;Mostrar defini\u00e7\u00f5es avan\u00e7adas&#8221;.<br \/>\nV\u00e1 a &#8220;Privacidade&#8221;, depois a &#8220;Defini\u00e7\u00f5es de conte\u00fado&#8221;.<br \/>\nSelecione &#8220;Todos os cookies e dados de sites&#8221;.<br \/>\nAparecer\u00e1 uma lista com todos os cookies organizados por dom\u00ednio.<br \/>\nUse o campo &#8220;Procurar cookies&#8221; para encontrar os associados ao dom\u00ednio em quest\u00e3o.<br \/>\nSelecione-os e clique no X para elimin\u00e1-los.<\/p>\n<h4><span class=\"ez-toc-section\" id=\"Internet_Explorer\"><\/span>Internet Explorer<span class=\"ez-toc-section-end\"><\/span><\/h4>\n<p>V\u00e1 a Ferramentas, depois Op\u00e7\u00f5es de Internet.<br \/>\nClique em &#8220;Privacidade&#8221; e ajuste o n\u00edvel com o cursor.<\/p>\n<h4><span class=\"ez-toc-section\" id=\"Mozilla_Firefox\"><\/span>Mozilla Firefox<span class=\"ez-toc-section-end\"><\/span><\/h4>\n<p>V\u00e1 a Op\u00e7\u00f5es ou Prefer\u00eancias, dependendo do sistema operativo.<br \/>\nClique em &#8220;Privacidade&#8221;.<br \/>\nEm &#8220;Hist\u00f3rico&#8221;, selecione &#8220;Usar defini\u00e7\u00f5es personalizadas para o hist\u00f3rico&#8221;.<br \/>\nPoder\u00e1 ativar ou desativar a op\u00e7\u00e3o &#8220;Aceitar cookies&#8221;, conforme preferir.<\/p>\n<h4><span class=\"ez-toc-section\" id=\"Safari_para_OSX\"><\/span>Safari para OSX<span class=\"ez-toc-section-end\"><\/span><\/h4>\n<p>V\u00e1 a Prefer\u00eancias, depois &#8220;Privacidade&#8221;.<br \/>\nAqui poder\u00e1 configurar o tipo de bloqueio de cookies que pretende.<\/p>\n<h4><span class=\"ez-toc-section\" id=\"Safari_para_iOS\"><\/span>Safari para iOS<span class=\"ez-toc-section-end\"><\/span><\/h4>\n<p>V\u00e1 a &#8220;Defini\u00e7\u00f5es&#8221;, depois &#8220;Safari&#8221;.<br \/>\nV\u00e1 a &#8220;Privacidade e Seguran\u00e7a&#8221; e configure o tipo de bloqueio de cookies.<\/p>\n<h4><span class=\"ez-toc-section\" id=\"Navegador_Android\"><\/span>Navegador Android<span class=\"ez-toc-section-end\"><\/span><\/h4>\n<p>Abra o navegador, toque no bot\u00e3o Menu e v\u00e1 a &#8220;Defini\u00e7\u00f5es&#8221;.<br \/>\nAceda a &#8220;Seguran\u00e7a e Privacidade&#8221;, onde encontrar\u00e1 a op\u00e7\u00e3o &#8220;Aceitar cookies&#8221; para ativar ou desativar.<\/p>\n<p><strong>Redes Sociais:<\/strong><br \/>\n<a href=\"https:\/\/www.instagram.com\/hydroponics_official\/\">Instagram<\/a><br \/>\n<a href=\"https:\/\/www.facebook.com\/HydroponicsBlanes\/\">Facebook<\/a><br \/>\n<a href=\"https:\/\/x.com\/HydroponicsEsp\">X<\/a><br \/>\n<a href=\"https:\/\/es.pinterest.com\/growshophydroponicsblanes\/\">Pinterest<\/a><\/p>\n<p><a href=\"https:\/\/www.growshopweb.com\/\">Grow Shop Online<\/a><\/p>\n","protected":false},"excerpt":{"rendered":"<p>Pol\u00edtica de Cookies O que \u00e9 um cookie? Um cookie \u00e9 um ficheiro de texto inofensivo que \u00e9 armazenado no seu navegador quando visita praticamente qualquer p\u00e1gina web. A utilidade do cookie \u00e9 permitir que o site se lembre da sua visita quando voltar a navegar nessa p\u00e1gina. Embora muitas pessoas n\u00e3o o saibam, os [&hellip;]<\/p>\n","protected":false},"author":1,"featured_media":0,"parent":0,"menu_order":0,"comment_status":"closed","ping_status":"closed","template":"","meta":{"footnotes":""},"class_list":["post-7561","page","type-page","status-publish","hentry"],"yoast_head":"<!-- This site is optimized with the Yoast SEO plugin v27.3 - https:\/\/yoast.com\/product\/yoast-seo-wordpress\/ -->\n<title>Pol\u00edtica de Cookies. Grow Shop Hydroponics Blanes - Blog<\/title>\n<meta name=\"description\" content=\"Pol\u00edtica de Cookies. Grow Shop Hydroponics Blanes: como as utilizamos para melhorar a tua experi\u00eancia online enquanto navegas no nosso site\" \/>\n<meta name=\"robots\" content=\"index, follow, max-snippet:-1, max-image-preview:large, max-video-preview:-1\" \/>\n<link rel=\"canonical\" href=\"https:\/\/www.growshopweb.com\/blog\/pt\/politica-de-cookies-2\/\" \/>\n<meta property=\"og:locale\" content=\"es_ES\" \/>\n<meta property=\"og:type\" content=\"article\" \/>\n<meta property=\"og:title\" content=\"Pol\u00edtica de Cookies. Grow Shop Hydroponics Blanes - Blog\" \/>\n<meta property=\"og:description\" content=\"Pol\u00edtica de Cookies. Grow Shop Hydroponics Blanes: como as utilizamos para melhorar a tua experi\u00eancia online enquanto navegas no nosso site\" \/>\n<meta property=\"og:url\" content=\"https:\/\/www.growshopweb.com\/blog\/pt\/politica-de-cookies-2\/\" \/>\n<meta property=\"og:site_name\" content=\"Blog Hydroponics Blanes\" \/>\n<meta property=\"article:publisher\" content=\"https:\/\/www.facebook.com\/HydroponicsBlanesGrowShop\/\" \/>\n<meta name=\"twitter:card\" content=\"summary_large_image\" \/>\n<meta name=\"twitter:site\" content=\"@HydroponicsEsp\" \/>\n<meta name=\"twitter:label1\" content=\"Tiempo de lectura\" \/>\n\t<meta name=\"twitter:data1\" content=\"4 minutos\" \/>\n<!-- \/ Yoast SEO plugin. -->","yoast_head_json":{"title":"Pol\u00edtica de Cookies. Grow Shop Hydroponics Blanes - Blog","description":"Pol\u00edtica de Cookies. Grow Shop Hydroponics Blanes: como as utilizamos para melhorar a tua experi\u00eancia online enquanto navegas no nosso site","robots":{"index":"index","follow":"follow","max-snippet":"max-snippet:-1","max-image-preview":"max-image-preview:large","max-video-preview":"max-video-preview:-1"},"canonical":"https:\/\/www.growshopweb.com\/blog\/pt\/politica-de-cookies-2\/","og_locale":"es_ES","og_type":"article","og_title":"Pol\u00edtica de Cookies. Grow Shop Hydroponics Blanes - Blog","og_description":"Pol\u00edtica de Cookies. Grow Shop Hydroponics Blanes: como as utilizamos para melhorar a tua experi\u00eancia online enquanto navegas no nosso site","og_url":"https:\/\/www.growshopweb.com\/blog\/pt\/politica-de-cookies-2\/","og_site_name":"Blog Hydroponics Blanes","article_publisher":"https:\/\/www.facebook.com\/HydroponicsBlanesGrowShop\/","twitter_card":"summary_large_image","twitter_site":"@HydroponicsEsp","twitter_misc":{"Tiempo de lectura":"4 minutos"},"schema":{"@context":"https:\/\/schema.org","@graph":[{"@type":"WebPage","@id":"https:\/\/www.growshopweb.com\/blog\/pt\/politica-de-cookies-2\/","url":"https:\/\/www.growshopweb.com\/blog\/pt\/politica-de-cookies-2\/","name":"Pol\u00edtica de Cookies. Grow Shop Hydroponics Blanes - Blog","isPartOf":{"@id":"https:\/\/www.growshopweb.com\/blog\/#website"},"datePublished":"2025-07-15T08:49:02+00:00","description":"Pol\u00edtica de Cookies. Grow Shop Hydroponics Blanes: como as utilizamos para melhorar a tua experi\u00eancia online enquanto navegas no nosso site","breadcrumb":{"@id":"https:\/\/www.growshopweb.com\/blog\/pt\/politica-de-cookies-2\/#breadcrumb"},"inLanguage":"es","potentialAction":[{"@type":"ReadAction","target":["https:\/\/www.growshopweb.com\/blog\/pt\/politica-de-cookies-2\/"]}]},{"@type":"BreadcrumbList","@id":"https:\/\/www.growshopweb.com\/blog\/pt\/politica-de-cookies-2\/#breadcrumb","itemListElement":[{"@type":"ListItem","position":1,"name":"Portada","item":"https:\/\/www.growshopweb.com\/blog\/"},{"@type":"ListItem","position":2,"name":"Pol\u00edtica de Cookies"}]},{"@type":"WebSite","@id":"https:\/\/www.growshopweb.com\/blog\/#website","url":"https:\/\/www.growshopweb.com\/blog\/","name":"Blog Hydroponics Blanes","description":"Art\u00edculos y tablas cultivo para marihuana.","publisher":{"@id":"https:\/\/www.growshopweb.com\/blog\/#organization"},"potentialAction":[{"@type":"SearchAction","target":{"@type":"EntryPoint","urlTemplate":"https:\/\/www.growshopweb.com\/blog\/?s={search_term_string}"},"query-input":{"@type":"PropertyValueSpecification","valueRequired":true,"valueName":"search_term_string"}}],"inLanguage":"es"},{"@type":"Organization","@id":"https:\/\/www.growshopweb.com\/blog\/#organization","name":"Hydroponics Blanes S.L.","url":"https:\/\/www.growshopweb.com\/blog\/","logo":{"@type":"ImageObject","inLanguage":"es","@id":"https:\/\/www.growshopweb.com\/blog\/#\/schema\/logo\/image\/","url":"https:\/\/www.growshopweb.com\/blog\/wp-content\/uploads\/2022\/10\/cropped-LOGOTIPOS-HYDROPONICS-3.png","contentUrl":"https:\/\/www.growshopweb.com\/blog\/wp-content\/uploads\/2022\/10\/cropped-LOGOTIPOS-HYDROPONICS-3.png","width":591,"height":95,"caption":"Hydroponics Blanes S.L."},"image":{"@id":"https:\/\/www.growshopweb.com\/blog\/#\/schema\/logo\/image\/"},"sameAs":["https:\/\/www.facebook.com\/HydroponicsBlanesGrowShop\/","https:\/\/x.com\/HydroponicsEsp","https:\/\/es.pinterest.com\/growshophydroponicsblanes\/","https:\/\/www.instagram.com\/hydroponics_official\/"]}]}},"_links":{"self":[{"href":"https:\/\/www.growshopweb.com\/blog\/wp-json\/wp\/v2\/pages\/7561","targetHints":{"allow":["GET"]}}],"collection":[{"href":"https:\/\/www.growshopweb.com\/blog\/wp-json\/wp\/v2\/pages"}],"about":[{"href":"https:\/\/www.growshopweb.com\/blog\/wp-json\/wp\/v2\/types\/page"}],"author":[{"embeddable":true,"href":"https:\/\/www.growshopweb.com\/blog\/wp-json\/wp\/v2\/users\/1"}],"replies":[{"embeddable":true,"href":"https:\/\/www.growshopweb.com\/blog\/wp-json\/wp\/v2\/comments?post=7561"}],"version-history":[{"count":1,"href":"https:\/\/www.growshopweb.com\/blog\/wp-json\/wp\/v2\/pages\/7561\/revisions"}],"predecessor-version":[{"id":7562,"href":"https:\/\/www.growshopweb.com\/blog\/wp-json\/wp\/v2\/pages\/7561\/revisions\/7562"}],"wp:attachment":[{"href":"https:\/\/www.growshopweb.com\/blog\/wp-json\/wp\/v2\/media?parent=7561"}],"curies":[{"name":"wp","href":"https:\/\/api.w.org\/{rel}","templated":true}]}}