{"id":7544,"date":"2025-07-15T08:35:15","date_gmt":"2025-07-15T08:35:15","guid":{"rendered":"https:\/\/www.growshopweb.com\/blog\/?page_id=7544"},"modified":"2025-07-15T08:35:15","modified_gmt":"2025-07-15T08:35:15","slug":"avviso-legale","status":"publish","type":"page","link":"https:\/\/www.growshopweb.com\/blog\/it\/avviso-legale\/","title":{"rendered":"Avviso legale"},"content":{"rendered":"<p data-start=\"85\" data-end=\"234\"><strong data-start=\"114\" data-end=\"131\">AVVISO LEGALE<\/strong><br data-start=\"131\" data-end=\"134\" \/>L&#8217;ACCESSO A QUESTO SITO WEB IMPLICA LA CONOSCENZA E L&#8217;ACCETTAZIONE DEI SEGUENTI TERMINI E CONDIZIONI<\/p>\n<ol data-start=\"236\" data-end=\"1479\">\n<li data-start=\"236\" data-end=\"491\">\n<p data-start=\"239\" data-end=\"491\">\u2013 L\u2019accesso a questa pagina web attribuisce a chi lo effettua la condizione di \u00abutente\u00bb. L\u2019utente dichiara di essere maggiorenne e di disporre della capacit\u00e0 giuridica necessaria per utilizzare i servizi e acquistare i prodotti presenti su questo sito.<\/p>\n<\/li>\n<li data-start=\"493\" data-end=\"726\">\n<p data-start=\"496\" data-end=\"726\">\u2013 Con il semplice utilizzo di questo sito web, l\u2019utente accetta pienamente i termini e le condizioni qui stabilite e si impegna ad agire in conformit\u00e0 con la legge e a rispettare le istruzioni d\u2019uso contenute in questa pagina web.<\/p>\n<\/li>\n<li data-start=\"728\" data-end=\"858\">\n<p data-start=\"731\" data-end=\"858\">\u2013 \u00c8 vietato qualsiasi tentativo di ottenere i contenuti del sito con mezzi diversi da quelli messi a disposizione degli utenti.<\/p>\n<\/li>\n<li data-start=\"860\" data-end=\"946\">\n<p data-start=\"863\" data-end=\"946\">\u2013 L\u2019utente si impegna a fornire dati veritieri, esatti e completi quando richiesto.<\/p>\n<\/li>\n<li data-start=\"948\" data-end=\"1180\">\n<p data-start=\"951\" data-end=\"1180\">\u2013 Tecnocultivo, qualora lo ritenga opportuno, potr\u00e0 modificare unilateralmente e senza preavviso la struttura e il design del sito web, nonch\u00e9 modificare o eliminare i suoi servizi, contenuti e condizioni di accesso e\/o utilizzo.<\/p>\n<\/li>\n<li data-start=\"1182\" data-end=\"1479\">\n<p data-start=\"1185\" data-end=\"1479\">\u2013 Tutti i contenuti del sito web sono di propriet\u00e0 di <strong data-start=\"1239\" data-end=\"1266\">HYDROPONICS BLANES S.L.<\/strong> e sono protetti dalle leggi sulla propriet\u00e0 intellettuale. \u00c8 vietata la riproduzione totale o parziale, la copia o la distribuzione dei contenuti del sito senza il consenso espresso di <strong data-start=\"1452\" data-end=\"1479\">HYDROPONICS BLANES S.L.<\/strong><\/p>\n<\/li>\n<\/ol>\n<p data-start=\"1481\" data-end=\"1637\"><strong data-start=\"1481\" data-end=\"1508\">HYDROPONICS BLANES S.L.<\/strong> garantisce la privacy dei dati personali forniti, secondo quanto previsto dalla LOPD (Legge Organica sulla Protezione dei Dati).<\/p>\n<p data-start=\"1639\" data-end=\"1823\">La visita a questo sito web non comporta l\u2019obbligo per l\u2019utente di fornire informazioni personali, tuttavia durante la visita potrebbero essere richiesti dati personali tramite moduli.<\/p>\n<p data-start=\"1825\" data-end=\"2797\">Tali dati saranno utilizzati per rispondere alla richiesta effettuata dall\u2019utente e per l\u2019invio della stessa, oltre che per l\u2019invio di informazioni relative alla nostra azienda e ai nostri servizi tramite qualsiasi mezzo di comunicazione. Inviandoci il modulo, l\u2019utente accetta esplicitamente di ricevere tali comunicazioni. Nel caso in cui non desideri riceverle, \u00e8 sufficiente inviare una e-mail richiedendo la cancellazione dal nostro servizio informativo a <strong data-start=\"2286\" data-end=\"2318\"><a class=\"cursor-pointer\" rel=\"noopener\" data-start=\"2288\" data-end=\"2316\">tienda@hydroponicsblanes.com<\/a><\/strong>. I dati personali dell\u2019utente saranno inseriti nel file \u201cclienti\u201d, il cui titolare e responsabile \u00e8: <strong data-start=\"2420\" data-end=\"2447\">HYDROPONICS BLANES S.L.<\/strong>, con codice fiscale <strong data-start=\"2468\" data-end=\"2481\">B55199079<\/strong> e sede legale in <strong data-start=\"2499\" data-end=\"2565\">C\/ Primero de mayo, 3 (Nave 2), 17300 Blanes (Girona \u2013 Spagna)<\/strong>, iscritta al Registro delle Imprese. Potr\u00e0 esercitare i propri diritti di accesso, rettifica, cancellazione e opposizione scrivendo all\u2019indirizzo sopra indicato, allegando una copia del documento d\u2019identit\u00e0 o documento equivalente.<\/p>\n<p data-start=\"2799\" data-end=\"3473\">Il rifiuto di fornire i dati comporter\u00e0 l\u2019impossibilit\u00e0 di erogare o accedere ai servizi per i quali erano stati richiesti. L\u2019utente ha il diritto di ricevere risposta a qualsiasi domanda, richiesta o chiarimento derivante da questo modulo. Qualora i dati vengano forniti tramite messaggio e-mail, saranno inseriti nello stesso file, con la finalit\u00e0 di gestire la richiesta o il commento inoltrato, e si applicheranno le stesse condizioni indicate nel paragrafo precedente. Tutti i dati saranno definitivamente cancellati dal nostro database nei seguenti casi: 1\u00ba \u2013 su richiesta dell\u2019utente. 2\u00ba \u2013 quando non saranno pi\u00f9 necessari per le finalit\u00e0 per cui sono stati raccolti.<\/p>\n<p data-start=\"3475\" data-end=\"3826\"><strong data-start=\"3475\" data-end=\"3502\">HYDROPONICS BLANES S.L.<\/strong> si impegna a non permettere alcuna transazione che sia illegale o che sia considerata tale dai circuiti delle carte di credito o dalla banca acquirente, e che possa danneggiare la reputazione di questi ultimi o influenzarli negativamente. Le seguenti attivit\u00e0 sono vietate in conformit\u00e0 ai programmi delle societ\u00e0 di carte:<\/p>\n<ul data-start=\"3828\" data-end=\"4011\">\n<li data-start=\"3828\" data-end=\"4011\">\n<p data-start=\"3830\" data-end=\"4011\">La vendita o offerta di un prodotto o servizio non conforme a tutte le leggi applicabili all\u2019Acquirente, alla Banca Emittente, al Commerciante, al Titolare della Carta o alle Carte.<\/p>\n<\/li>\n<\/ul>\n<p data-start=\"4013\" data-end=\"4070\">Inoltre, sono espressamente vietate le seguenti attivit\u00e0:<\/p>\n<ul data-start=\"4072\" data-end=\"4139\">\n<li data-start=\"4072\" data-end=\"4117\">\n<p data-start=\"4074\" data-end=\"4117\">Vendita o spedizione di semi di cannabis.<\/p>\n<\/li>\n<li data-start=\"4118\" data-end=\"4139\">\n<p data-start=\"4120\" data-end=\"4139\">Vendita di tabacco.<\/p>\n<\/li>\n<\/ul>\n<p data-start=\"4141\" data-end=\"4166\"><strong data-start=\"4141\" data-end=\"4166\">TITOLARE DEL SITO WEB<\/strong><\/p>\n<p data-start=\"4168\" data-end=\"4499\">In conformit\u00e0 con l\u2019articolo 10 della Legge 34\/2002 dell\u201911 luglio sui Servizi della Societ\u00e0 dell\u2019Informazione e del Commercio Elettronico, <strong data-start=\"4308\" data-end=\"4335\">HYDROPONICS BLANES S.L.<\/strong>, in qualit\u00e0 di titolare del sito web <a class=\"\" href=\"https:\/\/growshopweb.com\/blog\" target=\"_new\" rel=\"noopener\" data-start=\"4373\" data-end=\"4433\">https:\/\/growshopweb.com\/blog<\/a>, comunica i seguenti dati identificativi richiesti da tale Legge:<\/p>\n<ul data-start=\"4501\" data-end=\"4725\">\n<li data-start=\"4501\" data-end=\"4555\">\n<p data-start=\"4503\" data-end=\"4555\">Denominazione sociale: <strong data-start=\"4526\" data-end=\"4553\">HYDROPONICS BLANES S.L.<\/strong><\/p>\n<\/li>\n<li data-start=\"4556\" data-end=\"4589\">\n<p data-start=\"4558\" data-end=\"4589\">Codice Fiscale: <strong data-start=\"4574\" data-end=\"4587\">B55199079<\/strong><\/p>\n<\/li>\n<li data-start=\"4590\" data-end=\"4643\">\n<p data-start=\"4592\" data-end=\"4643\">Indirizzo e-mail: <strong data-start=\"4610\" data-end=\"4641\"><a class=\"cursor-pointer\" rel=\"noopener\" data-start=\"4612\" data-end=\"4639\">tienda@hydroponicsblanes.es<\/a><\/strong><\/p>\n<\/li>\n<li data-start=\"4644\" data-end=\"4725\">\n<p data-start=\"4646\" data-end=\"4725\">Sede legale: <strong data-start=\"4659\" data-end=\"4725\">C\/ Primero de mayo, 3 (Nave 2), 17300 Blanes (Girona \u2013 Spagna)<\/strong><\/p>\n<\/li>\n<\/ul>\n<p data-start=\"4727\" data-end=\"4965\">Le presenti informazioni regolano le condizioni d\u2019uso, le limitazioni di responsabilit\u00e0 e gli obblighi che gli utenti della pagina web pubblicata sotto il nome di dominio <strong data-start=\"4898\" data-end=\"4926\"><a class=\"\" href=\"http:\/\/www.growshopweb.com\/blog\" target=\"_new\" rel=\"noopener\" data-start=\"4900\" data-end=\"4924\">www.growshopweb.com\/blog<\/a><\/strong> accettano e si impegnano a rispettare.<\/p>\n","protected":false},"excerpt":{"rendered":"<p>AVVISO LEGALEL&#8217;ACCESSO A QUESTO SITO WEB IMPLICA LA CONOSCENZA E L&#8217;ACCETTAZIONE DEI SEGUENTI TERMINI E CONDIZIONI \u2013 L\u2019accesso a questa pagina web attribuisce a chi lo effettua la condizione di \u00abutente\u00bb. L\u2019utente dichiara di essere maggiorenne e di disporre della capacit\u00e0 giuridica necessaria per utilizzare i servizi e acquistare i prodotti presenti su questo sito. [&hellip;]<\/p>\n","protected":false},"author":1,"featured_media":0,"parent":0,"menu_order":0,"comment_status":"closed","ping_status":"closed","template":"","meta":{"footnotes":""},"class_list":["post-7544","page","type-page","status-publish","hentry"],"yoast_head":"<!-- This site is optimized with the Yoast SEO plugin v27.3 - https:\/\/yoast.com\/product\/yoast-seo-wordpress\/ -->\n<title>Pol\u00edtica de Cookies. Grow Shop Hydroponics Blanes - Blog<\/title>\n<meta name=\"description\" content=\"Pol\u00edtica de Cookies. Grow Shop Hydroponics Blanes - Blog\" \/>\n<meta name=\"robots\" content=\"index, follow, max-snippet:-1, max-image-preview:large, max-video-preview:-1\" \/>\n<link rel=\"canonical\" href=\"https:\/\/www.growshopweb.com\/blog\/it\/avviso-legale\/\" \/>\n<meta property=\"og:locale\" content=\"es_ES\" \/>\n<meta property=\"og:type\" content=\"article\" \/>\n<meta property=\"og:title\" content=\"Pol\u00edtica de Cookies. Grow Shop Hydroponics Blanes - Blog\" \/>\n<meta property=\"og:description\" content=\"Pol\u00edtica de Cookies. Grow Shop Hydroponics Blanes - Blog\" \/>\n<meta property=\"og:url\" content=\"https:\/\/www.growshopweb.com\/blog\/it\/avviso-legale\/\" \/>\n<meta property=\"og:site_name\" content=\"Blog Hydroponics Blanes\" \/>\n<meta property=\"article:publisher\" content=\"https:\/\/www.facebook.com\/HydroponicsBlanesGrowShop\/\" \/>\n<meta name=\"twitter:card\" content=\"summary_large_image\" \/>\n<meta name=\"twitter:site\" content=\"@HydroponicsEsp\" \/>\n<meta name=\"twitter:label1\" content=\"Tiempo de lectura\" \/>\n\t<meta name=\"twitter:data1\" content=\"4 minutos\" \/>\n<!-- \/ Yoast SEO plugin. -->","yoast_head_json":{"title":"Pol\u00edtica de Cookies. Grow Shop Hydroponics Blanes - Blog","description":"Pol\u00edtica de Cookies. Grow Shop Hydroponics Blanes - Blog","robots":{"index":"index","follow":"follow","max-snippet":"max-snippet:-1","max-image-preview":"max-image-preview:large","max-video-preview":"max-video-preview:-1"},"canonical":"https:\/\/www.growshopweb.com\/blog\/it\/avviso-legale\/","og_locale":"es_ES","og_type":"article","og_title":"Pol\u00edtica de Cookies. Grow Shop Hydroponics Blanes - Blog","og_description":"Pol\u00edtica de Cookies. Grow Shop Hydroponics Blanes - Blog","og_url":"https:\/\/www.growshopweb.com\/blog\/it\/avviso-legale\/","og_site_name":"Blog Hydroponics Blanes","article_publisher":"https:\/\/www.facebook.com\/HydroponicsBlanesGrowShop\/","twitter_card":"summary_large_image","twitter_site":"@HydroponicsEsp","twitter_misc":{"Tiempo de lectura":"4 minutos"},"schema":{"@context":"https:\/\/schema.org","@graph":[{"@type":"WebPage","@id":"https:\/\/www.growshopweb.com\/blog\/it\/avviso-legale\/","url":"https:\/\/www.growshopweb.com\/blog\/it\/avviso-legale\/","name":"Pol\u00edtica de Cookies. Grow Shop Hydroponics Blanes - Blog","isPartOf":{"@id":"https:\/\/www.growshopweb.com\/blog\/#website"},"datePublished":"2025-07-15T08:35:15+00:00","description":"Pol\u00edtica de Cookies. Grow Shop Hydroponics Blanes - Blog","breadcrumb":{"@id":"https:\/\/www.growshopweb.com\/blog\/it\/avviso-legale\/#breadcrumb"},"inLanguage":"es","potentialAction":[{"@type":"ReadAction","target":["https:\/\/www.growshopweb.com\/blog\/it\/avviso-legale\/"]}]},{"@type":"BreadcrumbList","@id":"https:\/\/www.growshopweb.com\/blog\/it\/avviso-legale\/#breadcrumb","itemListElement":[{"@type":"ListItem","position":1,"name":"Portada","item":"https:\/\/www.growshopweb.com\/blog\/"},{"@type":"ListItem","position":2,"name":"Avviso legale"}]},{"@type":"WebSite","@id":"https:\/\/www.growshopweb.com\/blog\/#website","url":"https:\/\/www.growshopweb.com\/blog\/","name":"Blog Hydroponics Blanes","description":"Art\u00edculos y tablas cultivo para marihuana.","publisher":{"@id":"https:\/\/www.growshopweb.com\/blog\/#organization"},"potentialAction":[{"@type":"SearchAction","target":{"@type":"EntryPoint","urlTemplate":"https:\/\/www.growshopweb.com\/blog\/?s={search_term_string}"},"query-input":{"@type":"PropertyValueSpecification","valueRequired":true,"valueName":"search_term_string"}}],"inLanguage":"es"},{"@type":"Organization","@id":"https:\/\/www.growshopweb.com\/blog\/#organization","name":"Hydroponics Blanes S.L.","url":"https:\/\/www.growshopweb.com\/blog\/","logo":{"@type":"ImageObject","inLanguage":"es","@id":"https:\/\/www.growshopweb.com\/blog\/#\/schema\/logo\/image\/","url":"https:\/\/www.growshopweb.com\/blog\/wp-content\/uploads\/2022\/10\/cropped-LOGOTIPOS-HYDROPONICS-3.png","contentUrl":"https:\/\/www.growshopweb.com\/blog\/wp-content\/uploads\/2022\/10\/cropped-LOGOTIPOS-HYDROPONICS-3.png","width":591,"height":95,"caption":"Hydroponics Blanes S.L."},"image":{"@id":"https:\/\/www.growshopweb.com\/blog\/#\/schema\/logo\/image\/"},"sameAs":["https:\/\/www.facebook.com\/HydroponicsBlanesGrowShop\/","https:\/\/x.com\/HydroponicsEsp","https:\/\/es.pinterest.com\/growshophydroponicsblanes\/","https:\/\/www.instagram.com\/hydroponics_official\/"]}]}},"_links":{"self":[{"href":"https:\/\/www.growshopweb.com\/blog\/wp-json\/wp\/v2\/pages\/7544","targetHints":{"allow":["GET"]}}],"collection":[{"href":"https:\/\/www.growshopweb.com\/blog\/wp-json\/wp\/v2\/pages"}],"about":[{"href":"https:\/\/www.growshopweb.com\/blog\/wp-json\/wp\/v2\/types\/page"}],"author":[{"embeddable":true,"href":"https:\/\/www.growshopweb.com\/blog\/wp-json\/wp\/v2\/users\/1"}],"replies":[{"embeddable":true,"href":"https:\/\/www.growshopweb.com\/blog\/wp-json\/wp\/v2\/comments?post=7544"}],"version-history":[{"count":1,"href":"https:\/\/www.growshopweb.com\/blog\/wp-json\/wp\/v2\/pages\/7544\/revisions"}],"predecessor-version":[{"id":7545,"href":"https:\/\/www.growshopweb.com\/blog\/wp-json\/wp\/v2\/pages\/7544\/revisions\/7545"}],"wp:attachment":[{"href":"https:\/\/www.growshopweb.com\/blog\/wp-json\/wp\/v2\/media?parent=7544"}],"curies":[{"name":"wp","href":"https:\/\/api.w.org\/{rel}","templated":true}]}}