{"id":7530,"date":"2025-07-15T08:28:22","date_gmt":"2025-07-15T08:28:22","guid":{"rendered":"https:\/\/www.growshopweb.com\/blog\/?page_id=7530"},"modified":"2025-07-15T08:28:44","modified_gmt":"2025-07-15T08:28:44","slug":"comecar","status":"publish","type":"page","link":"https:\/\/www.growshopweb.com\/blog\/pt\/comecar\/","title":{"rendered":"Come\u00e7ar"},"content":{"rendered":"<p style=\"text-align: center;\" data-start=\"149\" data-end=\"248\"><strong data-start=\"149\" data-end=\"181\">GROW SHOP HYDROPONICS BLANES<\/strong><br data-start=\"181\" data-end=\"184\" \/>Guias, conselhos e informa\u00e7\u00f5es sobre o autocultivo de marijuana.<\/p>\n<p style=\"text-align: center;\" data-start=\"250\" data-end=\"308\"><strong data-start=\"250\" data-end=\"308\">Hydroponics Blanes. Grow Shop Online. Blanes. Espanha.<\/strong><\/p>\n<p style=\"text-align: center;\" data-start=\"310\" data-end=\"342\"><strong data-start=\"310\" data-end=\"342\">Grow Shop Hydroponics Blanes<\/strong><\/p>\n<p data-start=\"310\" data-end=\"342\"><img decoding=\"async\" class=\"aligncenter size-full wp-image-7531 lazyload\" data-src=\"https:\/\/www.growshopweb.com\/blog\/wp-content\/uploads\/2025\/07\/LOGO_WEB-scaled.png\" alt=\"\" width=\"2560\" height=\"629\" data-srcset=\"https:\/\/www.growshopweb.com\/blog\/wp-content\/uploads\/2025\/07\/LOGO_WEB-scaled.png 2560w, https:\/\/www.growshopweb.com\/blog\/wp-content\/uploads\/2025\/07\/LOGO_WEB-300x74.png 300w, https:\/\/www.growshopweb.com\/blog\/wp-content\/uploads\/2025\/07\/LOGO_WEB-1024x252.png 1024w, https:\/\/www.growshopweb.com\/blog\/wp-content\/uploads\/2025\/07\/LOGO_WEB-768x189.png 768w, https:\/\/www.growshopweb.com\/blog\/wp-content\/uploads\/2025\/07\/LOGO_WEB-1536x378.png 1536w, https:\/\/www.growshopweb.com\/blog\/wp-content\/uploads\/2025\/07\/LOGO_WEB-2048x504.png 2048w\" data-sizes=\"(max-width: 2560px) 100vw, 2560px\" src=\"data:image\/svg+xml;base64,PHN2ZyB3aWR0aD0iMSIgaGVpZ2h0PSIxIiB4bWxucz0iaHR0cDovL3d3dy53My5vcmcvMjAwMC9zdmciPjwvc3ZnPg==\" style=\"--smush-placeholder-width: 2560px; --smush-placeholder-aspect-ratio: 2560\/629;\" \/><\/p>\n<p data-start=\"344\" data-end=\"457\">A Grow Shop Hydroponics Blanes \u00e9 uma empresa especializada na distribui\u00e7\u00e3o de produtos para horticultura t\u00e9cnica.<\/p>\n<p data-start=\"459\" data-end=\"625\">Em poucos anos de atividade a n\u00edvel nacional e internacional, evolu\u00edmos satisfatoriamente at\u00e9 nos tornarmos numa das empresas de refer\u00eancia mais importantes do setor.<\/p>\n<p data-start=\"627\" data-end=\"858\">Somos uma empresa que aposta na qualidade, no servi\u00e7o e no investimento tecnol\u00f3gico, integrados num processo de melhoria cont\u00ednua, com o objetivo de alcan\u00e7ar a total satisfa\u00e7\u00e3o de todos os nossos clientes a pre\u00e7os sem concorr\u00eancia.<\/p>\n<p data-start=\"860\" data-end=\"1035\">A vasta gama de produtos da Grow Shop Hydroponics Blanes \u00e9 uma das mais completas do mercado, o que garante, sem d\u00favida, o fornecimento dos sistemas de cultivo mais avan\u00e7ados.<\/p>\n<p data-start=\"1037\" data-end=\"1209\">Al\u00e9m disso, oferecemos assessoria t\u00e9cnica aos nossos clientes atrav\u00e9s de profissionais experientes, com conhecimentos adquiridos ao longo de anos de dedica\u00e7\u00e3o a este setor.<\/p>\n<p data-start=\"1211\" data-end=\"1511\">A estrat\u00e9gia da Grow Shop Hydroponics Blanes \u00e9 procurar a plena satisfa\u00e7\u00e3o das necessidades dos clientes e das suas empresas, atrav\u00e9s de um sistema de trabalho de qualidade, eficaz e eficiente. Aplicamos um processo de melhoria cont\u00ednua que \u00e9 a principal caracter\u00edstica da filosofia da nossa empresa.<\/p>\n<p data-start=\"1513\" data-end=\"1753\">A perseveran\u00e7a e persist\u00eancia dos nossos esfor\u00e7os s\u00e3o comprovadas pelo elevado reconhecimento das nossas marcas e, sobretudo, pela fidelidade dos nossos clientes, que continuam a confiar em n\u00f3s desde que inici\u00e1mos a nossa atividade em 2013.<\/p>\n<p data-start=\"1755\" data-end=\"1871\">Estamos \u00e0 sua disposi\u00e7\u00e3o no nosso estabelecimento, na Carrer del Primer de Maig, 3, 17300 Blanes, Girona (Ver Mapa).<\/p>\n<p data-start=\"1873\" data-end=\"1949\">Hor\u00e1rio: de segunda-feira a s\u00e1bado, das 10:00 \u00e0s 13:30 e das 16:30 \u00e0s 20:00.<\/p>\n<p data-start=\"1951\" data-end=\"2065\">Pode contactar-nos pelo telefone (+34) 972 354 685 \u2013 WhatsApp: +34 638 55 44 44 \u2013 Email: <a class=\"cursor-pointer\" rel=\"noopener\" data-start=\"2040\" data-end=\"2065\">loja@hydroponicsblanes.es<\/a><\/p>\n<p data-start=\"2067\" data-end=\"2129\">A equipa da Hydroponics agradece a sua confian\u00e7a e fidelidade.<\/p>\n","protected":false},"excerpt":{"rendered":"<p>GROW SHOP HYDROPONICS BLANESGuias, conselhos e informa\u00e7\u00f5es sobre o autocultivo de marijuana. Hydroponics Blanes. Grow Shop Online. Blanes. Espanha. Grow Shop Hydroponics Blanes A Grow Shop Hydroponics Blanes \u00e9 uma empresa especializada na distribui\u00e7\u00e3o de produtos para horticultura t\u00e9cnica. Em poucos anos de atividade a n\u00edvel nacional e internacional, evolu\u00edmos satisfatoriamente at\u00e9 nos tornarmos numa [&hellip;]<\/p>\n","protected":false},"author":1,"featured_media":0,"parent":0,"menu_order":0,"comment_status":"open","ping_status":"closed","template":"","meta":{"footnotes":""},"class_list":["post-7530","page","type-page","status-publish","hentry"],"yoast_head":"<!-- This site is optimized with the Yoast SEO plugin v27.4 - https:\/\/yoast.com\/product\/yoast-seo-wordpress\/ -->\n<title>Grow Shop Hydroponics Blanes. Blog d&#039;autoculture de cannabis<\/title>\n<meta name=\"description\" content=\"Grow Shop Hydroponics Blanes. Guides, conseils et informations sur l&#039;autoculture de cannabis. Grow Shop online. Blanes, Espagne.\" \/>\n<meta name=\"robots\" content=\"index, follow, max-snippet:-1, max-image-preview:large, max-video-preview:-1\" \/>\n<link rel=\"canonical\" href=\"https:\/\/www.growshopweb.com\/blog\/pt\/comecar\/\" \/>\n<meta property=\"og:locale\" content=\"es_ES\" \/>\n<meta property=\"og:type\" content=\"article\" \/>\n<meta property=\"og:title\" content=\"Grow Shop Hydroponics Blanes. Blog d&#039;autoculture de cannabis\" \/>\n<meta property=\"og:description\" content=\"Grow Shop Hydroponics Blanes. Guides, conseils et informations sur l&#039;autoculture de cannabis. Grow Shop online. Blanes, Espagne.\" \/>\n<meta property=\"og:url\" content=\"https:\/\/www.growshopweb.com\/blog\/pt\/comecar\/\" \/>\n<meta property=\"og:site_name\" content=\"Blog Hydroponics Blanes\" \/>\n<meta property=\"article:publisher\" content=\"https:\/\/www.facebook.com\/HydroponicsBlanesGrowShop\/\" \/>\n<meta property=\"article:modified_time\" content=\"2025-07-15T08:28:44+00:00\" \/>\n<meta property=\"og:image\" content=\"https:\/\/www.growshopweb.com\/blog\/wp-content\/uploads\/2025\/07\/LOGO_WEB-scaled.png\" \/>\n\t<meta property=\"og:image:width\" content=\"2560\" \/>\n\t<meta property=\"og:image:height\" content=\"629\" \/>\n\t<meta property=\"og:image:type\" content=\"image\/png\" \/>\n<meta name=\"twitter:card\" content=\"summary_large_image\" \/>\n<meta name=\"twitter:site\" content=\"@HydroponicsEsp\" \/>\n<meta name=\"twitter:label1\" content=\"Tiempo de lectura\" \/>\n\t<meta name=\"twitter:data1\" content=\"2 minutos\" \/>\n<!-- \/ Yoast SEO plugin. -->","yoast_head_json":{"title":"Grow Shop Hydroponics Blanes. Blog d'autoculture de cannabis","description":"Grow Shop Hydroponics Blanes. Guides, conseils et informations sur l'autoculture de cannabis. Grow Shop online. Blanes, Espagne.","robots":{"index":"index","follow":"follow","max-snippet":"max-snippet:-1","max-image-preview":"max-image-preview:large","max-video-preview":"max-video-preview:-1"},"canonical":"https:\/\/www.growshopweb.com\/blog\/pt\/comecar\/","og_locale":"es_ES","og_type":"article","og_title":"Grow Shop Hydroponics Blanes. Blog d'autoculture de cannabis","og_description":"Grow Shop Hydroponics Blanes. Guides, conseils et informations sur l'autoculture de cannabis. Grow Shop online. Blanes, Espagne.","og_url":"https:\/\/www.growshopweb.com\/blog\/pt\/comecar\/","og_site_name":"Blog Hydroponics Blanes","article_publisher":"https:\/\/www.facebook.com\/HydroponicsBlanesGrowShop\/","article_modified_time":"2025-07-15T08:28:44+00:00","og_image":[{"width":2560,"height":629,"url":"https:\/\/www.growshopweb.com\/blog\/wp-content\/uploads\/2025\/07\/LOGO_WEB-scaled.png","type":"image\/png"}],"twitter_card":"summary_large_image","twitter_site":"@HydroponicsEsp","twitter_misc":{"Tiempo de lectura":"2 minutos"},"schema":{"@context":"https:\/\/schema.org","@graph":[{"@type":"WebPage","@id":"https:\/\/www.growshopweb.com\/blog\/pt\/comecar\/","url":"https:\/\/www.growshopweb.com\/blog\/pt\/comecar\/","name":"Grow Shop Hydroponics Blanes. Blog d'autoculture de cannabis","isPartOf":{"@id":"https:\/\/www.growshopweb.com\/blog\/#website"},"primaryImageOfPage":{"@id":"https:\/\/www.growshopweb.com\/blog\/pt\/comecar\/#primaryimage"},"image":{"@id":"https:\/\/www.growshopweb.com\/blog\/pt\/comecar\/#primaryimage"},"thumbnailUrl":"https:\/\/www.growshopweb.com\/blog\/wp-content\/uploads\/2025\/07\/LOGO_WEB-scaled.png","datePublished":"2025-07-15T08:28:22+00:00","dateModified":"2025-07-15T08:28:44+00:00","description":"Grow Shop Hydroponics Blanes. Guides, conseils et informations sur l'autoculture de cannabis. Grow Shop online. Blanes, Espagne.","breadcrumb":{"@id":"https:\/\/www.growshopweb.com\/blog\/pt\/comecar\/#breadcrumb"},"inLanguage":"es","potentialAction":[{"@type":"ReadAction","target":["https:\/\/www.growshopweb.com\/blog\/pt\/comecar\/"]}]},{"@type":"ImageObject","inLanguage":"es","@id":"https:\/\/www.growshopweb.com\/blog\/pt\/comecar\/#primaryimage","url":"https:\/\/www.growshopweb.com\/blog\/wp-content\/uploads\/2025\/07\/LOGO_WEB-scaled.png","contentUrl":"https:\/\/www.growshopweb.com\/blog\/wp-content\/uploads\/2025\/07\/LOGO_WEB-scaled.png","width":2560,"height":629,"caption":"LOGO WEB scaled"},{"@type":"BreadcrumbList","@id":"https:\/\/www.growshopweb.com\/blog\/pt\/comecar\/#breadcrumb","itemListElement":[{"@type":"ListItem","position":1,"name":"Portada","item":"https:\/\/www.growshopweb.com\/blog\/"},{"@type":"ListItem","position":2,"name":"Come\u00e7ar"}]},{"@type":"WebSite","@id":"https:\/\/www.growshopweb.com\/blog\/#website","url":"https:\/\/www.growshopweb.com\/blog\/","name":"Blog Hydroponics Blanes","description":"Art\u00edculos y tablas cultivo para marihuana.","publisher":{"@id":"https:\/\/www.growshopweb.com\/blog\/#organization"},"potentialAction":[{"@type":"SearchAction","target":{"@type":"EntryPoint","urlTemplate":"https:\/\/www.growshopweb.com\/blog\/?s={search_term_string}"},"query-input":{"@type":"PropertyValueSpecification","valueRequired":true,"valueName":"search_term_string"}}],"inLanguage":"es"},{"@type":"Organization","@id":"https:\/\/www.growshopweb.com\/blog\/#organization","name":"Hydroponics Blanes S.L.","url":"https:\/\/www.growshopweb.com\/blog\/","logo":{"@type":"ImageObject","inLanguage":"es","@id":"https:\/\/www.growshopweb.com\/blog\/#\/schema\/logo\/image\/","url":"https:\/\/www.growshopweb.com\/blog\/wp-content\/uploads\/2022\/10\/cropped-LOGOTIPOS-HYDROPONICS-3.png","contentUrl":"https:\/\/www.growshopweb.com\/blog\/wp-content\/uploads\/2022\/10\/cropped-LOGOTIPOS-HYDROPONICS-3.png","width":591,"height":95,"caption":"Hydroponics Blanes S.L."},"image":{"@id":"https:\/\/www.growshopweb.com\/blog\/#\/schema\/logo\/image\/"},"sameAs":["https:\/\/www.facebook.com\/HydroponicsBlanesGrowShop\/","https:\/\/x.com\/HydroponicsEsp","https:\/\/es.pinterest.com\/growshophydroponicsblanes\/","https:\/\/www.instagram.com\/hydroponics_official\/"]}]}},"_links":{"self":[{"href":"https:\/\/www.growshopweb.com\/blog\/wp-json\/wp\/v2\/pages\/7530","targetHints":{"allow":["GET"]}}],"collection":[{"href":"https:\/\/www.growshopweb.com\/blog\/wp-json\/wp\/v2\/pages"}],"about":[{"href":"https:\/\/www.growshopweb.com\/blog\/wp-json\/wp\/v2\/types\/page"}],"author":[{"embeddable":true,"href":"https:\/\/www.growshopweb.com\/blog\/wp-json\/wp\/v2\/users\/1"}],"replies":[{"embeddable":true,"href":"https:\/\/www.growshopweb.com\/blog\/wp-json\/wp\/v2\/comments?post=7530"}],"version-history":[{"count":2,"href":"https:\/\/www.growshopweb.com\/blog\/wp-json\/wp\/v2\/pages\/7530\/revisions"}],"predecessor-version":[{"id":7533,"href":"https:\/\/www.growshopweb.com\/blog\/wp-json\/wp\/v2\/pages\/7530\/revisions\/7533"}],"wp:attachment":[{"href":"https:\/\/www.growshopweb.com\/blog\/wp-json\/wp\/v2\/media?parent=7530"}],"curies":[{"name":"wp","href":"https:\/\/api.w.org\/{rel}","templated":true}]}}