{"id":4712,"date":"2025-01-30T15:54:36","date_gmt":"2025-01-30T15:54:36","guid":{"rendered":"https:\/\/www.growshopweb.com\/blog\/?page_id=4712"},"modified":"2025-01-30T15:58:01","modified_gmt":"2025-01-30T15:58:01","slug":"politique-de-cookies","status":"publish","type":"page","link":"https:\/\/www.growshopweb.com\/blog\/fr\/politique-de-cookies\/","title":{"rendered":"Politique de Cookies"},"content":{"rendered":"<p><strong>Qu&#8217;est-ce qu&#8217;un cookie ?<\/strong><\/p>\n<p>Un cookie est un fichier texte inoffensif qui est stock\u00e9 dans votre navigateur lorsque vous visitez presque n&#8217;importe quelle page web. L&#8217;utilit\u00e9 du cookie est que le site web puisse se souvenir de votre visite lorsque vous naviguez \u00e0 nouveau sur cette page. Bien que beaucoup de gens ne le sachent pas, les cookies sont utilis\u00e9s depuis 20 ans, depuis l&#8217;apparition des premiers navigateurs pour le World Wide Web.<\/p>\n<p><strong>Qu&#8217;est-ce qu&#8217;un cookie N&#8217;EST PAS ?<\/strong><\/p>\n<p>Ce n&#8217;est ni un virus, ni un cheval de Troie, ni un ver informatique, ni du spam, ni un logiciel espion, ni une fen\u00eatre pop-up.<\/p>\n<p><strong>Quelles informations un cookie stocke-t-il ?<\/strong><\/p>\n<p>Les cookies ne stockent g\u00e9n\u00e9ralement pas d&#8217;informations sensibles vous concernant, telles que des cartes de cr\u00e9dit ou des donn\u00e9es bancaires, des photographies, votre carte d&#8217;identit\u00e9 ou des informations personnelles, etc. Les donn\u00e9es qu&#8217;ils enregistrent sont de nature technique, des pr\u00e9f\u00e9rences personnelles, la personnalisation du contenu, etc.<\/p>\n<p>Le serveur web ne vous associe pas en tant que personne, mais en tant que navigateur web. En fait, si vous naviguez habituellement avec Internet Explorer et que vous essayez d\u2019acc\u00e9der au m\u00eame site avec Firefox ou Chrome, vous verrez que le site ne vous reconna\u00eet pas comme la m\u00eame personne, car il associe le cookie au navigateur, et non \u00e0 l&#8217;utilisateur.<\/p>\n<p><strong>Quels types de cookies existent ?<\/strong><\/p>\n<ul>\n<li><strong>Techniques<\/strong> : Ce sont les plus \u00e9l\u00e9mentaires et permettent, entre autres, de savoir quand un utilisateur humain ou une application automatis\u00e9e navigue, quand un utilisateur anonyme et un utilisateur enregistr\u00e9 naviguent, et d&#8217;effectuer des t\u00e2ches basiques pour le fonctionnement de tout site web dynamique.<\/li>\n<li><strong>D&#8217;analyse<\/strong> : Ils recueillent des informations sur le type de navigation que vous effectuez, les sections que vous utilisez le plus, les produits consult\u00e9s, la plage horaire d&#8217;utilisation, la langue, etc.<\/li>\n<li><strong>Publicitaires<\/strong> : Ils affichent des publicit\u00e9s en fonction de votre navigation, de votre pays d&#8217;origine, de votre langue, etc.<\/li>\n<\/ul>\n<p><strong>Que sont les cookies propres et ceux de tiers ?<\/strong><\/p>\n<p>Les cookies propres sont ceux g\u00e9n\u00e9r\u00e9s par la page que vous visitez, tandis que les cookies de tiers sont g\u00e9n\u00e9r\u00e9s par des services ou des fournisseurs externes tels que Facebook, Twitter, Google, etc.<\/p>\n<p><strong>Que se passe-t-il si je d\u00e9sactive les cookies ?<\/strong><\/p>\n<p>Si vous d\u00e9sactivez les cookies, certaines cons\u00e9quences peuvent survenir :<\/p>\n<ul>\n<li>Vous ne pourrez pas partager de contenu sur Facebook, Twitter ou toute autre plateforme sociale.<\/li>\n<li>Le site web ne pourra pas adapter les contenus \u00e0 vos pr\u00e9f\u00e9rences personnelles.<\/li>\n<li>Vous ne pourrez pas acc\u00e9der \u00e0 votre espace personnel, comme &#8220;Mon compte&#8221; ou &#8220;Mes commandes&#8221;.<\/li>\n<li>Vous ne pourrez pas effectuer d\u2019achats en ligne.<\/li>\n<li>Vos pr\u00e9f\u00e9rences g\u00e9ographiques, telles que la langue ou la devise, ne seront pas enregistr\u00e9es.<\/li>\n<li>Le site web ne pourra pas effectuer d\u2019analyses sur les visiteurs et le trafic web.<\/li>\n<li>Vous ne pourrez pas commenter, publier des photos ou noter du contenu.<\/li>\n<li>Les publicit\u00e9s personnalis\u00e9es ne seront plus affich\u00e9es.<\/li>\n<li>Toutes les plateformes sociales utilisent des cookies, donc si vous les d\u00e9sactivez, vous ne pourrez plus les utiliser.<\/li>\n<\/ul>\n<p><strong>Peut-on supprimer les cookies ?<\/strong><\/p>\n<p>Oui, vous pouvez non seulement les supprimer, mais aussi les bloquer de mani\u00e8re g\u00e9n\u00e9rale ou sp\u00e9cifique pour un domaine particulier.<\/p>\n<p><strong>Configuration des cookies pour les navigateurs les plus populaires<\/strong><\/p>\n<ul>\n<li><strong>Google Chrome<\/strong> :\n<ol>\n<li>Allez dans &#8220;Param\u00e8tres&#8221; ou &#8220;Pr\u00e9f\u00e9rences&#8221; via le menu.<\/li>\n<li>Cliquez sur &#8220;Afficher les param\u00e8tres avanc\u00e9s&#8221;.<\/li>\n<li>Allez dans &#8220;Confidentialit\u00e9&#8221;, puis &#8220;Param\u00e8tres de contenu&#8221;.<\/li>\n<li>S\u00e9lectionnez &#8220;Voir toutes les cookies et donn\u00e9es de sites&#8221;.<\/li>\n<li>Recherchez un domaine sp\u00e9cifique et supprimez les cookies associ\u00e9s.<\/li>\n<\/ol>\n<\/li>\n<li><strong>Internet Explorer<\/strong> :\n<ol>\n<li>Allez dans &#8220;Outils&#8221;, puis &#8220;Options Internet&#8221;.<\/li>\n<li>Cliquez sur &#8220;Confidentialit\u00e9&#8221; et ajustez le niveau souhait\u00e9.<\/li>\n<\/ol>\n<\/li>\n<li><strong>Mozilla Firefox<\/strong> :\n<ol>\n<li>Allez dans &#8220;Options&#8221; ou &#8220;Pr\u00e9f\u00e9rences&#8221;.<\/li>\n<li>Cliquez sur &#8220;Confidentialit\u00e9&#8221;.<\/li>\n<li>Dans &#8220;Historique&#8221;, choisissez &#8220;Utiliser des param\u00e8tres personnalis\u00e9s pour l&#8217;historique&#8221;.<\/li>\n<li>Activez ou d\u00e9sactivez &#8220;Accepter les cookies&#8221; selon vos pr\u00e9f\u00e9rences.<\/li>\n<\/ol>\n<\/li>\n<li><strong>Safari (macOS)<\/strong> :\n<ol>\n<li>Allez dans &#8220;Pr\u00e9f\u00e9rences&#8221;, puis &#8220;Confidentialit\u00e9&#8221;.<\/li>\n<li>S\u00e9lectionnez &#8220;Bloquer les cookies&#8221; et ajustez les param\u00e8tres.<\/li>\n<\/ol>\n<\/li>\n<li><strong>Safari (iOS)<\/strong> :\n<ol>\n<li>Allez dans &#8220;R\u00e9glages&#8221;, puis &#8220;Safari&#8221;.<\/li>\n<li>Allez dans &#8220;Confidentialit\u00e9 et S\u00e9curit\u00e9&#8221; et ajustez les param\u00e8tres de cookies.<\/li>\n<\/ol>\n<\/li>\n<li><strong>Navigateurs Android<\/strong> :\n<ol>\n<li>Ouvrez le navigateur et acc\u00e9dez au menu &#8220;Param\u00e8tres&#8221;.<\/li>\n<li>Allez dans &#8220;S\u00e9curit\u00e9 et confidentialit\u00e9&#8221; et activez ou d\u00e9sactivez les cookies.<\/li>\n<\/ol>\n<\/li>\n<\/ul>\n","protected":false},"excerpt":{"rendered":"<p>Qu&#8217;est-ce qu&#8217;un cookie ? Un cookie est un fichier texte inoffensif qui est stock\u00e9 dans votre navigateur lorsque vous visitez presque n&#8217;importe quelle page web. L&#8217;utilit\u00e9 du cookie est que le site web puisse se souvenir de votre visite lorsque vous naviguez \u00e0 nouveau sur cette page. Bien que beaucoup de gens ne le sachent [&hellip;]<\/p>\n","protected":false},"author":1,"featured_media":0,"parent":0,"menu_order":0,"comment_status":"closed","ping_status":"closed","template":"","meta":{"footnotes":""},"class_list":["post-4712","page","type-page","status-publish","hentry"],"yoast_head":"<!-- This site is optimized with the Yoast SEO plugin v27.5 - https:\/\/yoast.com\/product\/yoast-seo-wordpress\/ -->\n<title>Politique de Cookies. Grow Shop Hydroponics Blanes - Blog<\/title>\n<meta name=\"description\" content=\"Politique de Cookies. Grow Shop Hydroponics Blanes : Comment nous les utilisons pour am\u00e9liorer votre exp\u00e9rience en ligne lors de votre navigation sur notre site.\" \/>\n<meta name=\"robots\" content=\"index, follow, max-snippet:-1, max-image-preview:large, max-video-preview:-1\" \/>\n<link rel=\"canonical\" href=\"https:\/\/www.growshopweb.com\/blog\/fr\/politique-de-cookies\/\" \/>\n<meta property=\"og:locale\" content=\"es_ES\" \/>\n<meta property=\"og:type\" content=\"article\" \/>\n<meta property=\"og:title\" content=\"Politique de Cookies. Grow Shop Hydroponics Blanes - Blog\" \/>\n<meta property=\"og:description\" content=\"Politique de Cookies. Grow Shop Hydroponics Blanes : Comment nous les utilisons pour am\u00e9liorer votre exp\u00e9rience en ligne lors de votre navigation sur notre site.\" \/>\n<meta property=\"og:url\" content=\"https:\/\/www.growshopweb.com\/blog\/fr\/politique-de-cookies\/\" \/>\n<meta property=\"og:site_name\" content=\"Blog Hydroponics Blanes\" \/>\n<meta property=\"article:publisher\" content=\"https:\/\/www.facebook.com\/HydroponicsBlanesGrowShop\/\" \/>\n<meta property=\"article:modified_time\" content=\"2025-01-30T15:58:01+00:00\" \/>\n<meta name=\"twitter:card\" content=\"summary_large_image\" \/>\n<meta name=\"twitter:site\" content=\"@HydroponicsEsp\" \/>\n<meta name=\"twitter:label1\" content=\"Tiempo de lectura\" \/>\n\t<meta name=\"twitter:data1\" content=\"4 minutos\" \/>\n<!-- \/ Yoast SEO plugin. -->","yoast_head_json":{"title":"Politique de Cookies. Grow Shop Hydroponics Blanes - Blog","description":"Politique de Cookies. Grow Shop Hydroponics Blanes : Comment nous les utilisons pour am\u00e9liorer votre exp\u00e9rience en ligne lors de votre navigation sur notre site.","robots":{"index":"index","follow":"follow","max-snippet":"max-snippet:-1","max-image-preview":"max-image-preview:large","max-video-preview":"max-video-preview:-1"},"canonical":"https:\/\/www.growshopweb.com\/blog\/fr\/politique-de-cookies\/","og_locale":"es_ES","og_type":"article","og_title":"Politique de Cookies. Grow Shop Hydroponics Blanes - Blog","og_description":"Politique de Cookies. Grow Shop Hydroponics Blanes : Comment nous les utilisons pour am\u00e9liorer votre exp\u00e9rience en ligne lors de votre navigation sur notre site.","og_url":"https:\/\/www.growshopweb.com\/blog\/fr\/politique-de-cookies\/","og_site_name":"Blog Hydroponics Blanes","article_publisher":"https:\/\/www.facebook.com\/HydroponicsBlanesGrowShop\/","article_modified_time":"2025-01-30T15:58:01+00:00","twitter_card":"summary_large_image","twitter_site":"@HydroponicsEsp","twitter_misc":{"Tiempo de lectura":"4 minutos"},"schema":{"@context":"https:\/\/schema.org","@graph":[{"@type":"WebPage","@id":"https:\/\/www.growshopweb.com\/blog\/fr\/politique-de-cookies\/","url":"https:\/\/www.growshopweb.com\/blog\/fr\/politique-de-cookies\/","name":"Politique de Cookies. Grow Shop Hydroponics Blanes - Blog","isPartOf":{"@id":"https:\/\/www.growshopweb.com\/blog\/#website"},"datePublished":"2025-01-30T15:54:36+00:00","dateModified":"2025-01-30T15:58:01+00:00","description":"Politique de Cookies. Grow Shop Hydroponics Blanes : Comment nous les utilisons pour am\u00e9liorer votre exp\u00e9rience en ligne lors de votre navigation sur notre site.","breadcrumb":{"@id":"https:\/\/www.growshopweb.com\/blog\/fr\/politique-de-cookies\/#breadcrumb"},"inLanguage":"es","potentialAction":[{"@type":"ReadAction","target":["https:\/\/www.growshopweb.com\/blog\/fr\/politique-de-cookies\/"]}]},{"@type":"BreadcrumbList","@id":"https:\/\/www.growshopweb.com\/blog\/fr\/politique-de-cookies\/#breadcrumb","itemListElement":[{"@type":"ListItem","position":1,"name":"Portada","item":"https:\/\/www.growshopweb.com\/blog\/"},{"@type":"ListItem","position":2,"name":"Politique de Cookies"}]},{"@type":"WebSite","@id":"https:\/\/www.growshopweb.com\/blog\/#website","url":"https:\/\/www.growshopweb.com\/blog\/","name":"Blog Hydroponics Blanes","description":"Art\u00edculos y tablas cultivo para marihuana.","publisher":{"@id":"https:\/\/www.growshopweb.com\/blog\/#organization"},"potentialAction":[{"@type":"SearchAction","target":{"@type":"EntryPoint","urlTemplate":"https:\/\/www.growshopweb.com\/blog\/?s={search_term_string}"},"query-input":{"@type":"PropertyValueSpecification","valueRequired":true,"valueName":"search_term_string"}}],"inLanguage":"es"},{"@type":"Organization","@id":"https:\/\/www.growshopweb.com\/blog\/#organization","name":"Hydroponics Blanes S.L.","url":"https:\/\/www.growshopweb.com\/blog\/","logo":{"@type":"ImageObject","inLanguage":"es","@id":"https:\/\/www.growshopweb.com\/blog\/#\/schema\/logo\/image\/","url":"https:\/\/www.growshopweb.com\/blog\/wp-content\/uploads\/2022\/10\/cropped-LOGOTIPOS-HYDROPONICS-3.png","contentUrl":"https:\/\/www.growshopweb.com\/blog\/wp-content\/uploads\/2022\/10\/cropped-LOGOTIPOS-HYDROPONICS-3.png","width":591,"height":95,"caption":"Hydroponics Blanes S.L."},"image":{"@id":"https:\/\/www.growshopweb.com\/blog\/#\/schema\/logo\/image\/"},"sameAs":["https:\/\/www.facebook.com\/HydroponicsBlanesGrowShop\/","https:\/\/x.com\/HydroponicsEsp","https:\/\/es.pinterest.com\/growshophydroponicsblanes\/","https:\/\/www.instagram.com\/hydroponics_official\/"]}]}},"_links":{"self":[{"href":"https:\/\/www.growshopweb.com\/blog\/wp-json\/wp\/v2\/pages\/4712","targetHints":{"allow":["GET"]}}],"collection":[{"href":"https:\/\/www.growshopweb.com\/blog\/wp-json\/wp\/v2\/pages"}],"about":[{"href":"https:\/\/www.growshopweb.com\/blog\/wp-json\/wp\/v2\/types\/page"}],"author":[{"embeddable":true,"href":"https:\/\/www.growshopweb.com\/blog\/wp-json\/wp\/v2\/users\/1"}],"replies":[{"embeddable":true,"href":"https:\/\/www.growshopweb.com\/blog\/wp-json\/wp\/v2\/comments?post=4712"}],"version-history":[{"count":2,"href":"https:\/\/www.growshopweb.com\/blog\/wp-json\/wp\/v2\/pages\/4712\/revisions"}],"predecessor-version":[{"id":4714,"href":"https:\/\/www.growshopweb.com\/blog\/wp-json\/wp\/v2\/pages\/4712\/revisions\/4714"}],"wp:attachment":[{"href":"https:\/\/www.growshopweb.com\/blog\/wp-json\/wp\/v2\/media?parent=4712"}],"curies":[{"name":"wp","href":"https:\/\/api.w.org\/{rel}","templated":true}]}}