{"id":4708,"date":"2025-01-30T15:49:03","date_gmt":"2025-01-30T15:49:03","guid":{"rendered":"https:\/\/www.growshopweb.com\/blog\/?page_id=4708"},"modified":"2025-07-15T08:26:05","modified_gmt":"2025-07-15T08:26:05","slug":"accueil","status":"publish","type":"page","link":"https:\/\/www.growshopweb.com\/blog\/fr\/accueil\/","title":{"rendered":"Accueil"},"content":{"rendered":"<div id=\"ez-toc-container\" class=\"ez-toc-v2_0_82_2 counter-hierarchy ez-toc-counter ez-toc-grey ez-toc-container-direction\">\n<div class=\"ez-toc-title-container\">\n<p class=\"ez-toc-title\" style=\"cursor:inherit\">Table of Contents<\/p>\n<span class=\"ez-toc-title-toggle\"><a href=\"#\" class=\"ez-toc-pull-right ez-toc-btn ez-toc-btn-xs ez-toc-btn-default ez-toc-toggle\" aria-label=\"Alternar tabla de contenidos\"><span class=\"ez-toc-js-icon-con\"><span class=\"\"><span class=\"eztoc-hide\" style=\"display:none;\">Toggle<\/span><span class=\"ez-toc-icon-toggle-span\"><svg style=\"fill: #999;color:#999\" xmlns=\"http:\/\/www.w3.org\/2000\/svg\" class=\"list-377408\" width=\"20px\" height=\"20px\" viewBox=\"0 0 24 24\" fill=\"none\"><path d=\"M6 6H4v2h2V6zm14 0H8v2h12V6zM4 11h2v2H4v-2zm16 0H8v2h12v-2zM4 16h2v2H4v-2zm16 0H8v2h12v-2z\" fill=\"currentColor\"><\/path><\/svg><svg style=\"fill: #999;color:#999\" class=\"arrow-unsorted-368013\" xmlns=\"http:\/\/www.w3.org\/2000\/svg\" width=\"10px\" height=\"10px\" viewBox=\"0 0 24 24\" version=\"1.2\" baseProfile=\"tiny\"><path d=\"M18.2 9.3l-6.2-6.3-6.2 6.3c-.2.2-.3.4-.3.7s.1.5.3.7c.2.2.4.3.7.3h11c.3 0 .5-.1.7-.3.2-.2.3-.5.3-.7s-.1-.5-.3-.7zM5.8 14.7l6.2 6.3 6.2-6.3c.2-.2.3-.5.3-.7s-.1-.5-.3-.7c-.2-.2-.4-.3-.7-.3h-11c-.3 0-.5.1-.7.3-.2.2-.3.5-.3.7s.1.5.3.7z\"\/><\/svg><\/span><\/span><\/span><\/a><\/span><\/div>\n<nav><ul class='ez-toc-list ez-toc-list-level-1 ' ><li class='ez-toc-page-1 ez-toc-heading-level-1'><a class=\"ez-toc-link ez-toc-heading-1\" href=\"https:\/\/www.growshopweb.com\/blog\/fr\/accueil\/#GROW_SHOP_HYDROPONICS_BLANES\" >GROW SHOP HYDROPONICS BLANES<\/a><ul class='ez-toc-list-level-3' ><li class='ez-toc-heading-level-3'><ul class='ez-toc-list-level-3' ><li class='ez-toc-heading-level-3'><a class=\"ez-toc-link ez-toc-heading-2\" href=\"https:\/\/www.growshopweb.com\/blog\/fr\/accueil\/#Grow_Shop_Hydroponics_Blanes_une_entreprise_specialisee_dans_la_distribution_de_produits_pour_lhorticulture_technique\" >Grow Shop Hydroponics Blanes : une entreprise sp\u00e9cialis\u00e9e dans la distribution de produits pour l\u2019horticulture technique<\/a><\/li><li class='ez-toc-page-1 ez-toc-heading-level-3'><a class=\"ez-toc-link ez-toc-heading-3\" href=\"https:\/\/www.growshopweb.com\/blog\/fr\/accueil\/#Notre_engagement_envers_nos_clients\" >Notre engagement envers nos clients<\/a><\/li><li class='ez-toc-page-1 ez-toc-heading-level-3'><a class=\"ez-toc-link ez-toc-heading-4\" href=\"https:\/\/www.growshopweb.com\/blog\/fr\/accueil\/#Nous_sommes_a_votre_disposition\" >Nous sommes \u00e0 votre disposition<\/a><\/li><\/ul><\/li><\/ul><\/li><\/ul><\/nav><\/div>\n<h1 style=\"text-align: center;\"><span class=\"ez-toc-section\" id=\"GROW_SHOP_HYDROPONICS_BLANES\"><\/span><strong>GROW SHOP HYDROPONICS BLANES<\/strong><span class=\"ez-toc-section-end\"><\/span><\/h1>\n<p style=\"text-align: center;\">Guides, conseils et informations sur l&#8217;autoculture de cannabis.<\/p>\n<p style=\"text-align: center;\"><a href=\"https:\/\/www.growshopweb.com\" target=\"_blank\" rel=\"noopener noreferrer\">Hydroponics Blanes<\/a>. <a href=\"https:\/\/www.growshopweb.com\" target=\"_blank\" rel=\"noopener noreferrer\">Grow Shop Online<\/a>. Blanes. Espagne.<\/p>\n<p><img decoding=\"async\" class=\"wp-image-2866 aligncenter size-full lazyload\" data-src=\"https:\/\/www.growshopweb.com\/blog\/wp-content\/uploads\/2022\/10\/LOGOTIPOS-HYDROPONICSrgb3.png\" alt=\"Grow Shop Hydroponics Blanes\" width=\"281\" height=\"45\" data-srcset=\"https:\/\/www.growshopweb.com\/blog\/wp-content\/uploads\/2022\/10\/LOGOTIPOS-HYDROPONICSrgb3.png 281w, https:\/\/www.growshopweb.com\/blog\/wp-content\/uploads\/2022\/10\/LOGOTIPOS-HYDROPONICSrgb3-260x42.png 260w, https:\/\/www.growshopweb.com\/blog\/wp-content\/uploads\/2022\/10\/LOGOTIPOS-HYDROPONICSrgb3-50x8.png 50w, https:\/\/www.growshopweb.com\/blog\/wp-content\/uploads\/2022\/10\/LOGOTIPOS-HYDROPONICSrgb3-150x24.png 150w\" data-sizes=\"(max-width: 281px) 100vw, 281px\" src=\"data:image\/svg+xml;base64,PHN2ZyB3aWR0aD0iMSIgaGVpZ2h0PSIxIiB4bWxucz0iaHR0cDovL3d3dy53My5vcmcvMjAwMC9zdmciPjwvc3ZnPg==\" style=\"--smush-placeholder-width: 281px; --smush-placeholder-aspect-ratio: 281\/45;\" \/><\/p>\n<h3><span class=\"ez-toc-section\" id=\"Grow_Shop_Hydroponics_Blanes_une_entreprise_specialisee_dans_la_distribution_de_produits_pour_lhorticulture_technique\"><\/span><strong>Grow Shop Hydroponics Blanes : une entreprise sp\u00e9cialis\u00e9e dans la distribution de produits pour l\u2019horticulture technique<\/strong><span class=\"ez-toc-section-end\"><\/span><\/h3>\n<p>En quelques ann\u00e9es d&#8217;activit\u00e9 nationale et internationale, nous avons progress\u00e9 de mani\u00e8re satisfaisante jusqu&#8217;\u00e0 devenir l&#8217;une des entreprises de r\u00e9f\u00e9rence les plus importantes du secteur.<\/p>\n<p>Nous sommes une entreprise qui mise sur <strong>la qualit\u00e9, le service et l\u2019investissement technologique<\/strong>, int\u00e9gr\u00e9s dans un processus d&#8217;am\u00e9lioration continue, afin d\u2019assurer la <strong>satisfaction totale de nos clients<\/strong>, le tout \u00e0 des prix imbattables.<\/p>\n<p>L\u2019<strong>offre \u00e9tendue<\/strong> de Grow Shop Hydroponics Blanes est <strong>l&#8217;une des plus compl\u00e8tes du march\u00e9<\/strong>, garantissant ainsi la fourniture de <strong>syst\u00e8mes de culture hautement performants<\/strong>.<\/p>\n<p>De plus, nous proposons un <strong>accompagnement technique personnalis\u00e9<\/strong>, gr\u00e2ce \u00e0 nos experts b\u00e9n\u00e9ficiant d\u2019une solide exp\u00e9rience et de connaissances approfondies dans le secteur.<\/p>\n<h3><span class=\"ez-toc-section\" id=\"Notre_engagement_envers_nos_clients\"><\/span><strong>Notre engagement envers nos clients<\/strong><span class=\"ez-toc-section-end\"><\/span><\/h3>\n<p>La strat\u00e9gie de <strong>Grow Shop Hydroponics Blanes<\/strong> repose sur <strong>la satisfaction totale de nos clients et de leurs entreprises<\/strong>, gr\u00e2ce \u00e0 un <strong>travail de qualit\u00e9, efficace et performant<\/strong>.<br \/>\nNous appliquons un <strong>processus d\u2019am\u00e9lioration continue<\/strong>, qui est la pierre angulaire de notre philosophie d\u2019entreprise.<\/p>\n<p>Notre <strong>pers\u00e9v\u00e9rance et notre engagement<\/strong> sont confirm\u00e9s par le <strong>haut niveau de reconnaissance de nos marques<\/strong>, mais surtout par la <strong>fid\u00e9lit\u00e9 de nos clients<\/strong>, qui nous accompagnent depuis le lancement de notre activit\u00e9 en <strong>2013<\/strong>.<\/p>\n<h3><span class=\"ez-toc-section\" id=\"Nous_sommes_a_votre_disposition\"><\/span><strong>Nous sommes \u00e0 votre disposition<\/strong><span class=\"ez-toc-section-end\"><\/span><\/h3>\n<p>\ud83d\udccd <strong>Adresse<\/strong> : Carrer del Primer de Maig, 3, 17300 Blanes, Girona (<a href=\"https:\/\/www.google.com\/maps\/place\/Hydroponics+Blanes+Grow+Shop\/@41.6805685,2.7673228,16z\/data=!3m1!5s0x12bb3d865023a469:0xcd14686fe2d6732c!4m6!3m5!1s0x12bb3d86539f2f91:0xb884302b939191cb!8m2!3d41.6794331!4d2.7751293!16s%2Fg%2F11b6_9ft7t?entry=ttu&amp;g_ep=EgoyMDI1MDEyNy4wIKXMDSoASAFQAw%3D%3D\" target=\"_blank\" rel=\"noopener\"><strong>Voir carte<\/strong><\/a>)<\/p>\n<p>\ud83d\udd52 <strong>Horaires<\/strong> :<\/p>\n<ul>\n<li><strong>Lundi &#8211; Samedi<\/strong> : 10h00 &#8211; 13h30 \/ 16h30 &#8211; 20h00<\/li>\n<\/ul>\n<p>\ud83d\udcde <strong>T\u00e9l\u00e9phone<\/strong> : (+34) 972 354 685<br \/>\n\ud83d\udcf2 <strong>WhatsApp<\/strong> : +34 619 589 948<br \/>\n\ud83d\udce7 <strong>Email<\/strong> : <a href=\"mailto:tienda@hydroponicsblanes.es\">tienda@hydroponicsblanes.es<\/a><\/p>\n<p>Toute l\u2019\u00e9quipe de <strong>Hydroponics Blanes<\/strong> vous remercie pour <strong>votre confiance et votre fid\u00e9lit\u00e9 !<\/strong> \ud83c\udf31\ud83d\udc9a<\/p>\n<p>&nbsp;<\/p>\n","protected":false},"excerpt":{"rendered":"<p>GROW SHOP HYDROPONICS BLANES Guides, conseils et informations sur l&#8217;autoculture de cannabis. Hydroponics Blanes. Grow Shop Online. Blanes. Espagne. Grow Shop Hydroponics Blanes : une entreprise sp\u00e9cialis\u00e9e dans la distribution de produits pour l\u2019horticulture technique En quelques ann\u00e9es d&#8217;activit\u00e9 nationale et internationale, nous avons progress\u00e9 de mani\u00e8re satisfaisante jusqu&#8217;\u00e0 devenir l&#8217;une des entreprises de r\u00e9f\u00e9rence [&hellip;]<\/p>\n","protected":false},"author":1,"featured_media":0,"parent":0,"menu_order":0,"comment_status":"open","ping_status":"closed","template":"","meta":{"footnotes":""},"class_list":["post-4708","page","type-page","status-publish","hentry"],"yoast_head":"<!-- This site is optimized with the Yoast SEO plugin v27.5 - https:\/\/yoast.com\/product\/yoast-seo-wordpress\/ -->\n<title>Grow Shop Hydroponics Blanes. Blog d&#039;autoculture de cannabis<\/title>\n<meta name=\"description\" content=\"Grow Shop Hydroponics Blanes. Guides, conseils et informations sur l&#039;autoculture de cannabis. Grow Shop online. Blanes, Espagne.\" \/>\n<meta name=\"robots\" content=\"index, follow, max-snippet:-1, max-image-preview:large, max-video-preview:-1\" \/>\n<link rel=\"canonical\" href=\"https:\/\/www.growshopweb.com\/blog\/fr\/accueil\/\" \/>\n<meta property=\"og:locale\" content=\"es_ES\" \/>\n<meta property=\"og:type\" content=\"article\" \/>\n<meta property=\"og:title\" content=\"Grow Shop Hydroponics Blanes. Blog d&#039;autoculture de cannabis\" \/>\n<meta property=\"og:description\" content=\"Grow Shop Hydroponics Blanes. Guides, conseils et informations sur l&#039;autoculture de cannabis. Grow Shop online. Blanes, Espagne.\" \/>\n<meta property=\"og:url\" content=\"https:\/\/www.growshopweb.com\/blog\/fr\/accueil\/\" \/>\n<meta property=\"og:site_name\" content=\"Blog Hydroponics Blanes\" \/>\n<meta property=\"article:publisher\" content=\"https:\/\/www.facebook.com\/HydroponicsBlanesGrowShop\/\" \/>\n<meta property=\"article:modified_time\" content=\"2025-07-15T08:26:05+00:00\" \/>\n<meta property=\"og:image\" content=\"https:\/\/www.growshopweb.com\/blog\/wp-content\/uploads\/2022\/10\/LOGOTIPOS-HYDROPONICSrgb3.png\" \/>\n\t<meta property=\"og:image:width\" content=\"281\" \/>\n\t<meta property=\"og:image:height\" content=\"45\" \/>\n\t<meta property=\"og:image:type\" content=\"image\/png\" \/>\n<meta name=\"twitter:card\" content=\"summary_large_image\" \/>\n<meta name=\"twitter:site\" content=\"@HydroponicsEsp\" \/>\n<meta name=\"twitter:label1\" content=\"Tiempo de lectura\" \/>\n\t<meta name=\"twitter:data1\" content=\"2 minutos\" \/>\n<!-- \/ Yoast SEO plugin. -->","yoast_head_json":{"title":"Grow Shop Hydroponics Blanes. Blog d'autoculture de cannabis","description":"Grow Shop Hydroponics Blanes. Guides, conseils et informations sur l'autoculture de cannabis. Grow Shop online. Blanes, Espagne.","robots":{"index":"index","follow":"follow","max-snippet":"max-snippet:-1","max-image-preview":"max-image-preview:large","max-video-preview":"max-video-preview:-1"},"canonical":"https:\/\/www.growshopweb.com\/blog\/fr\/accueil\/","og_locale":"es_ES","og_type":"article","og_title":"Grow Shop Hydroponics Blanes. Blog d'autoculture de cannabis","og_description":"Grow Shop Hydroponics Blanes. Guides, conseils et informations sur l'autoculture de cannabis. Grow Shop online. Blanes, Espagne.","og_url":"https:\/\/www.growshopweb.com\/blog\/fr\/accueil\/","og_site_name":"Blog Hydroponics Blanes","article_publisher":"https:\/\/www.facebook.com\/HydroponicsBlanesGrowShop\/","article_modified_time":"2025-07-15T08:26:05+00:00","og_image":[{"width":281,"height":45,"url":"https:\/\/www.growshopweb.com\/blog\/wp-content\/uploads\/2022\/10\/LOGOTIPOS-HYDROPONICSrgb3.png","type":"image\/png"}],"twitter_card":"summary_large_image","twitter_site":"@HydroponicsEsp","twitter_misc":{"Tiempo de lectura":"2 minutos"},"schema":{"@context":"https:\/\/schema.org","@graph":[{"@type":"WebPage","@id":"https:\/\/www.growshopweb.com\/blog\/fr\/accueil\/","url":"https:\/\/www.growshopweb.com\/blog\/fr\/accueil\/","name":"Grow Shop Hydroponics Blanes. Blog d'autoculture de cannabis","isPartOf":{"@id":"https:\/\/www.growshopweb.com\/blog\/#website"},"primaryImageOfPage":{"@id":"https:\/\/www.growshopweb.com\/blog\/fr\/accueil\/#primaryimage"},"image":{"@id":"https:\/\/www.growshopweb.com\/blog\/fr\/accueil\/#primaryimage"},"thumbnailUrl":"https:\/\/www.growshopweb.com\/blog\/wp-content\/uploads\/2022\/10\/LOGOTIPOS-HYDROPONICSrgb3.png","datePublished":"2025-01-30T15:49:03+00:00","dateModified":"2025-07-15T08:26:05+00:00","description":"Grow Shop Hydroponics Blanes. Guides, conseils et informations sur l'autoculture de cannabis. Grow Shop online. Blanes, Espagne.","breadcrumb":{"@id":"https:\/\/www.growshopweb.com\/blog\/fr\/accueil\/#breadcrumb"},"inLanguage":"es","potentialAction":[{"@type":"ReadAction","target":["https:\/\/www.growshopweb.com\/blog\/fr\/accueil\/"]}]},{"@type":"ImageObject","inLanguage":"es","@id":"https:\/\/www.growshopweb.com\/blog\/fr\/accueil\/#primaryimage","url":"https:\/\/www.growshopweb.com\/blog\/wp-content\/uploads\/2022\/10\/LOGOTIPOS-HYDROPONICSrgb3.png","contentUrl":"https:\/\/www.growshopweb.com\/blog\/wp-content\/uploads\/2022\/10\/LOGOTIPOS-HYDROPONICSrgb3.png","width":281,"height":45,"caption":"LOGOTIPOS HYDROPONICSrgb3"},{"@type":"BreadcrumbList","@id":"https:\/\/www.growshopweb.com\/blog\/fr\/accueil\/#breadcrumb","itemListElement":[{"@type":"ListItem","position":1,"name":"Portada","item":"https:\/\/www.growshopweb.com\/blog\/"},{"@type":"ListItem","position":2,"name":"Accueil"}]},{"@type":"WebSite","@id":"https:\/\/www.growshopweb.com\/blog\/#website","url":"https:\/\/www.growshopweb.com\/blog\/","name":"Blog Hydroponics Blanes","description":"Art\u00edculos y tablas cultivo para marihuana.","publisher":{"@id":"https:\/\/www.growshopweb.com\/blog\/#organization"},"potentialAction":[{"@type":"SearchAction","target":{"@type":"EntryPoint","urlTemplate":"https:\/\/www.growshopweb.com\/blog\/?s={search_term_string}"},"query-input":{"@type":"PropertyValueSpecification","valueRequired":true,"valueName":"search_term_string"}}],"inLanguage":"es"},{"@type":"Organization","@id":"https:\/\/www.growshopweb.com\/blog\/#organization","name":"Hydroponics Blanes S.L.","url":"https:\/\/www.growshopweb.com\/blog\/","logo":{"@type":"ImageObject","inLanguage":"es","@id":"https:\/\/www.growshopweb.com\/blog\/#\/schema\/logo\/image\/","url":"https:\/\/www.growshopweb.com\/blog\/wp-content\/uploads\/2022\/10\/cropped-LOGOTIPOS-HYDROPONICS-3.png","contentUrl":"https:\/\/www.growshopweb.com\/blog\/wp-content\/uploads\/2022\/10\/cropped-LOGOTIPOS-HYDROPONICS-3.png","width":591,"height":95,"caption":"Hydroponics Blanes S.L."},"image":{"@id":"https:\/\/www.growshopweb.com\/blog\/#\/schema\/logo\/image\/"},"sameAs":["https:\/\/www.facebook.com\/HydroponicsBlanesGrowShop\/","https:\/\/x.com\/HydroponicsEsp","https:\/\/es.pinterest.com\/growshophydroponicsblanes\/","https:\/\/www.instagram.com\/hydroponics_official\/"]}]}},"_links":{"self":[{"href":"https:\/\/www.growshopweb.com\/blog\/wp-json\/wp\/v2\/pages\/4708","targetHints":{"allow":["GET"]}}],"collection":[{"href":"https:\/\/www.growshopweb.com\/blog\/wp-json\/wp\/v2\/pages"}],"about":[{"href":"https:\/\/www.growshopweb.com\/blog\/wp-json\/wp\/v2\/types\/page"}],"author":[{"embeddable":true,"href":"https:\/\/www.growshopweb.com\/blog\/wp-json\/wp\/v2\/users\/1"}],"replies":[{"embeddable":true,"href":"https:\/\/www.growshopweb.com\/blog\/wp-json\/wp\/v2\/comments?post=4708"}],"version-history":[{"count":4,"href":"https:\/\/www.growshopweb.com\/blog\/wp-json\/wp\/v2\/pages\/4708\/revisions"}],"predecessor-version":[{"id":7529,"href":"https:\/\/www.growshopweb.com\/blog\/wp-json\/wp\/v2\/pages\/4708\/revisions\/7529"}],"wp:attachment":[{"href":"https:\/\/www.growshopweb.com\/blog\/wp-json\/wp\/v2\/media?parent=4708"}],"curies":[{"name":"wp","href":"https:\/\/api.w.org\/{rel}","templated":true}]}}