{"id":4700,"date":"2025-01-30T15:34:14","date_gmt":"2025-01-30T15:34:14","guid":{"rendered":"https:\/\/www.growshopweb.com\/blog\/?page_id=4700"},"modified":"2025-01-30T15:34:26","modified_gmt":"2025-01-30T15:34:26","slug":"mentions-legales","status":"publish","type":"page","link":"https:\/\/www.growshopweb.com\/blog\/fr\/mentions-legales\/","title":{"rendered":"Mentions L\u00e9gales"},"content":{"rendered":"<p><strong>Mentions L\u00e9gales<\/strong><\/p>\n<p>LE FAIT D&#8217;ACC\u00c9DER \u00c0 CE SITE WEB IMPLIQUE LA CONNAISSANCE ET L&#8217;ACCEPTATION DES TERMES ET CONDITIONS SUIVANTS<\/p>\n<ol>\n<li>\n<ul>\n<li>L&#8217;acc\u00e8s \u00e0 cette page web conf\u00e8re \u00e0 la personne qui y acc\u00e8de le statut d'&#8221;utilisateur&#8221;. L&#8217;utilisateur d\u00e9clare \u00eatre majeur et disposer de la capacit\u00e9 juridique suffisante pour utiliser les services et acqu\u00e9rir les produits de ce site web.<\/li>\n<\/ul>\n<\/li>\n<li>\n<ul>\n<li>Par le simple fait d&#8217;utiliser ce site web, l&#8217;utilisateur accepte pleinement les termes et conditions \u00e9tablis ici et s&#8217;engage \u00e0 les respecter conform\u00e9ment \u00e0 la loi et aux autres instructions d&#8217;utilisation contenues dans ce site web.<\/li>\n<\/ul>\n<\/li>\n<li>\n<ul>\n<li>Toute tentative d&#8217;obtenir le contenu du site par un moyen autre que ceux mis \u00e0 disposition des utilisateurs est interdite.<\/li>\n<\/ul>\n<\/li>\n<li>\n<ul>\n<li>L&#8217;utilisateur s&#8217;engage \u00e0 fournir des donn\u00e9es v\u00e9ridiques, exactes et compl\u00e8tes lorsqu&#8217;elles sont requises.<\/li>\n<\/ul>\n<\/li>\n<li>\n<ul>\n<li>Tecnocultivo, lorsqu&#8217;il le juge opportun, pourra modifier unilat\u00e9ralement et sans pr\u00e9avis la structure et la conception du site web, ainsi que modifier ou supprimer ses services, contenus et conditions d&#8217;acc\u00e8s et\/ou d&#8217;utilisation.<\/li>\n<\/ul>\n<\/li>\n<li>\n<ul>\n<li>Tous les contenus du site web sont la propri\u00e9t\u00e9 de HYDROPONICS BLANES S.L. et sont prot\u00e9g\u00e9s par les lois sur la propri\u00e9t\u00e9 intellectuelle. Toute reproduction totale ou partielle, copie ou distribution du contenu du site est interdite sans le consentement expr\u00e8s de HYDROPONICS BLANES S.L.<\/li>\n<\/ul>\n<\/li>\n<\/ol>\n<p>HYDROPONICS BLANES S.L. garantit la confidentialit\u00e9 des donn\u00e9es personnelles fournies, conform\u00e9ment \u00e0 la LOPD.<\/p>\n<p>La visite de ce site web n&#8217;implique pas que l&#8217;utilisateur soit oblig\u00e9 de fournir des informations le concernant. Toutefois, lors de la visite, il est possible que des donn\u00e9es \u00e0 caract\u00e8re personnel soient demand\u00e9es via des formulaires.<\/p>\n<p>Ces donn\u00e9es seront utilis\u00e9es pour r\u00e9pondre \u00e0 la demande formul\u00e9e et pour l&#8217;envoi de celle-ci. Elles seront \u00e9galement utilis\u00e9es pour envoyer des informations sur notre entreprise et nos services par tout moyen de communication. En nous envoyant ce formulaire, vous acceptez explicitement la r\u00e9ception de ces informations. Si vous ne souhaitez pas recevoir nos informations, il vous suffira d&#8217;envoyer un e-mail demandant votre d\u00e9sinscription de notre service d&#8217;information \u00e0 <a href=\"mailto:tienda@hydroponicsblanes.com\">tienda@hydroponicsblanes.com<\/a>. Vos donn\u00e9es personnelles feront partie du fichier clients, dont le destinataire et responsable du fichier et de son traitement est HYDROPONICS BLANES S.L., avec le CIF B55199079 et son si\u00e8ge social \u00e0 C\/ Primero de mayo, 3 (Nave 2), 17300 Blanes (Girona &#8211; Espagne), inscrit au Registre du Commerce. Vous pourrez exercer vos droits d&#8217;acc\u00e8s, de rectification, d&#8217;annulation et d&#8217;opposition en envoyant un courrier \u00e0 l&#8217;adresse indiqu\u00e9e ci-dessus, en y joignant une copie de votre carte d&#8217;identit\u00e9 ou d&#8217;un document d&#8217;identification \u00e9quivalent.<\/p>\n<p>Le refus de fournir ces donn\u00e9es entra\u00eenera l&#8217;impossibilit\u00e9 de b\u00e9n\u00e9ficier du service pour lequel elles ont \u00e9t\u00e9 demand\u00e9es. Vous avez le droit de recevoir une r\u00e9ponse \u00e0 toute question, consultation ou clarification que vous pourriez formuler \u00e0 travers ce formulaire. Si vous fournissez vos donn\u00e9es via un e-mail, celles-ci feront partie du m\u00eame fichier et seront trait\u00e9es dans le but de g\u00e9rer votre demande ou commentaire, selon les termes indiqu\u00e9s dans le paragraphe pr\u00e9c\u00e9dent. Toutes vos donn\u00e9es seront d\u00e9finitivement supprim\u00e9es de notre base de donn\u00e9es pour les raisons suivantes : 1\u00b0 &#8211; sur votre demande. 2\u00b0 &#8211; lorsqu&#8217;elles ne seront plus n\u00e9cessaires aux fins pour lesquelles elles ont \u00e9t\u00e9 collect\u00e9es.<\/p>\n<p>HYDROPONICS BLANES S.L. s&#8217;engage \u00e0 ne permettre aucune transaction ill\u00e9gale, ou consid\u00e9r\u00e9e par les marques de cartes de cr\u00e9dit ou la banque acqu\u00e9reuse comme pouvant porter atteinte \u00e0 leur r\u00e9putation ou avoir une influence n\u00e9gative sur eux. Les activit\u00e9s suivantes sont interdites en vertu des programmes des marques de cartes : la vente ou l&#8217;offre d&#8217;un produit ou service qui ne respecte pas pleinement toutes les lois applicables \u00e0 l&#8217;Acheteur, la Banque \u00c9mettrice, le Commer\u00e7ant, le Titulaire de la carte ou les cartes.<\/p>\n<p>De plus, les activit\u00e9s suivantes sont explicitement interdites :<\/p>\n<ul>\n<li>Vendre ou envoyer des graines de cannabis.<\/li>\n<li>Vente de tabac.<\/li>\n<\/ul>\n<p><strong>TITULAIRE DU SITE WEB<\/strong><\/p>\n<p>En conformit\u00e9 avec l&#8217;article 10 de la Loi 34\/2002 du 11 juillet sur les Services de la Soci\u00e9t\u00e9 de l&#8217;Information et du Commerce \u00c9lectronique, HYDROPONICS BLANES S.L., en tant que propri\u00e9taire du site web <a href=\"https:\/\/growshopweb.com\/blog\">https:\/\/growshopweb.com\/blog<\/a>, communique les donn\u00e9es d&#8217;identification exig\u00e9es par ladite Loi.<\/p>\n<p>D\u00e9nomination sociale : HYDROPONICS BLANES S.L. CIF : B55199079 Adresse e-mail : <a href=\"mailto:tienda@hydroponicsblanes.es\">tienda@hydroponicsblanes.es<\/a> Si\u00e8ge social : C\/ Primero de mayo, 3 (Nave 2), 17300 Blanes (Girona &#8211; Espagne)<\/p>\n<p>Ces informations r\u00e9gissent les conditions d&#8217;utilisation, les limitations de responsabilit\u00e9 et les obligations que les utilisateurs du site web publi\u00e9 sous le nom de domaine <a href=\"http:\/\/www.growshopweb.com\/blog\">www.growshopweb.com\/blog<\/a> acceptent et s&#8217;engagent \u00e0 respecter.<\/p>\n","protected":false},"excerpt":{"rendered":"<p>Mentions L\u00e9gales LE FAIT D&#8217;ACC\u00c9DER \u00c0 CE SITE WEB IMPLIQUE LA CONNAISSANCE ET L&#8217;ACCEPTATION DES TERMES ET CONDITIONS SUIVANTS L&#8217;acc\u00e8s \u00e0 cette page web conf\u00e8re \u00e0 la personne qui y acc\u00e8de le statut d&#8217;&#8221;utilisateur&#8221;. L&#8217;utilisateur d\u00e9clare \u00eatre majeur et disposer de la capacit\u00e9 juridique suffisante pour utiliser les services et acqu\u00e9rir les produits de ce [&hellip;]<\/p>\n","protected":false},"author":1,"featured_media":0,"parent":0,"menu_order":0,"comment_status":"closed","ping_status":"closed","template":"","meta":{"footnotes":""},"class_list":["post-4700","page","type-page","status-publish","hentry"],"yoast_head":"<!-- This site is optimized with the Yoast SEO plugin v27.5 - https:\/\/yoast.com\/product\/yoast-seo-wordpress\/ -->\n<title>Mentions L\u00e9gales. Grow Shop Hydroponics Blanes - Blog<\/title>\n<meta name=\"description\" content=\"Mentions L\u00e9gales. Grow Shop Hydroponics Blanes - Blog\" \/>\n<meta name=\"robots\" content=\"index, follow, max-snippet:-1, max-image-preview:large, max-video-preview:-1\" \/>\n<link rel=\"canonical\" href=\"https:\/\/www.growshopweb.com\/blog\/fr\/mentions-legales\/\" \/>\n<meta property=\"og:locale\" content=\"es_ES\" \/>\n<meta property=\"og:type\" content=\"article\" \/>\n<meta property=\"og:title\" content=\"Mentions L\u00e9gales. Grow Shop Hydroponics Blanes - Blog\" \/>\n<meta property=\"og:description\" content=\"Mentions L\u00e9gales. Grow Shop Hydroponics Blanes - Blog\" \/>\n<meta property=\"og:url\" content=\"https:\/\/www.growshopweb.com\/blog\/fr\/mentions-legales\/\" \/>\n<meta property=\"og:site_name\" content=\"Blog Hydroponics Blanes\" \/>\n<meta property=\"article:publisher\" content=\"https:\/\/www.facebook.com\/HydroponicsBlanesGrowShop\/\" \/>\n<meta property=\"article:modified_time\" content=\"2025-01-30T15:34:26+00:00\" \/>\n<meta name=\"twitter:card\" content=\"summary_large_image\" \/>\n<meta name=\"twitter:site\" content=\"@HydroponicsEsp\" \/>\n<meta name=\"twitter:label1\" content=\"Tiempo de lectura\" \/>\n\t<meta name=\"twitter:data1\" content=\"4 minutos\" \/>\n<!-- \/ Yoast SEO plugin. -->","yoast_head_json":{"title":"Mentions L\u00e9gales. Grow Shop Hydroponics Blanes - Blog","description":"Mentions L\u00e9gales. Grow Shop Hydroponics Blanes - Blog","robots":{"index":"index","follow":"follow","max-snippet":"max-snippet:-1","max-image-preview":"max-image-preview:large","max-video-preview":"max-video-preview:-1"},"canonical":"https:\/\/www.growshopweb.com\/blog\/fr\/mentions-legales\/","og_locale":"es_ES","og_type":"article","og_title":"Mentions L\u00e9gales. Grow Shop Hydroponics Blanes - Blog","og_description":"Mentions L\u00e9gales. Grow Shop Hydroponics Blanes - Blog","og_url":"https:\/\/www.growshopweb.com\/blog\/fr\/mentions-legales\/","og_site_name":"Blog Hydroponics Blanes","article_publisher":"https:\/\/www.facebook.com\/HydroponicsBlanesGrowShop\/","article_modified_time":"2025-01-30T15:34:26+00:00","twitter_card":"summary_large_image","twitter_site":"@HydroponicsEsp","twitter_misc":{"Tiempo de lectura":"4 minutos"},"schema":{"@context":"https:\/\/schema.org","@graph":[{"@type":"WebPage","@id":"https:\/\/www.growshopweb.com\/blog\/fr\/mentions-legales\/","url":"https:\/\/www.growshopweb.com\/blog\/fr\/mentions-legales\/","name":"Mentions L\u00e9gales. Grow Shop Hydroponics Blanes - Blog","isPartOf":{"@id":"https:\/\/www.growshopweb.com\/blog\/#website"},"datePublished":"2025-01-30T15:34:14+00:00","dateModified":"2025-01-30T15:34:26+00:00","description":"Mentions L\u00e9gales. Grow Shop Hydroponics Blanes - Blog","breadcrumb":{"@id":"https:\/\/www.growshopweb.com\/blog\/fr\/mentions-legales\/#breadcrumb"},"inLanguage":"es","potentialAction":[{"@type":"ReadAction","target":["https:\/\/www.growshopweb.com\/blog\/fr\/mentions-legales\/"]}]},{"@type":"BreadcrumbList","@id":"https:\/\/www.growshopweb.com\/blog\/fr\/mentions-legales\/#breadcrumb","itemListElement":[{"@type":"ListItem","position":1,"name":"Portada","item":"https:\/\/www.growshopweb.com\/blog\/"},{"@type":"ListItem","position":2,"name":"Mentions L\u00e9gales"}]},{"@type":"WebSite","@id":"https:\/\/www.growshopweb.com\/blog\/#website","url":"https:\/\/www.growshopweb.com\/blog\/","name":"Blog Hydroponics Blanes","description":"Art\u00edculos y tablas cultivo para marihuana.","publisher":{"@id":"https:\/\/www.growshopweb.com\/blog\/#organization"},"potentialAction":[{"@type":"SearchAction","target":{"@type":"EntryPoint","urlTemplate":"https:\/\/www.growshopweb.com\/blog\/?s={search_term_string}"},"query-input":{"@type":"PropertyValueSpecification","valueRequired":true,"valueName":"search_term_string"}}],"inLanguage":"es"},{"@type":"Organization","@id":"https:\/\/www.growshopweb.com\/blog\/#organization","name":"Hydroponics Blanes S.L.","url":"https:\/\/www.growshopweb.com\/blog\/","logo":{"@type":"ImageObject","inLanguage":"es","@id":"https:\/\/www.growshopweb.com\/blog\/#\/schema\/logo\/image\/","url":"https:\/\/www.growshopweb.com\/blog\/wp-content\/uploads\/2022\/10\/cropped-LOGOTIPOS-HYDROPONICS-3.png","contentUrl":"https:\/\/www.growshopweb.com\/blog\/wp-content\/uploads\/2022\/10\/cropped-LOGOTIPOS-HYDROPONICS-3.png","width":591,"height":95,"caption":"Hydroponics Blanes S.L."},"image":{"@id":"https:\/\/www.growshopweb.com\/blog\/#\/schema\/logo\/image\/"},"sameAs":["https:\/\/www.facebook.com\/HydroponicsBlanesGrowShop\/","https:\/\/x.com\/HydroponicsEsp","https:\/\/es.pinterest.com\/growshophydroponicsblanes\/","https:\/\/www.instagram.com\/hydroponics_official\/"]}]}},"_links":{"self":[{"href":"https:\/\/www.growshopweb.com\/blog\/wp-json\/wp\/v2\/pages\/4700","targetHints":{"allow":["GET"]}}],"collection":[{"href":"https:\/\/www.growshopweb.com\/blog\/wp-json\/wp\/v2\/pages"}],"about":[{"href":"https:\/\/www.growshopweb.com\/blog\/wp-json\/wp\/v2\/types\/page"}],"author":[{"embeddable":true,"href":"https:\/\/www.growshopweb.com\/blog\/wp-json\/wp\/v2\/users\/1"}],"replies":[{"embeddable":true,"href":"https:\/\/www.growshopweb.com\/blog\/wp-json\/wp\/v2\/comments?post=4700"}],"version-history":[{"count":1,"href":"https:\/\/www.growshopweb.com\/blog\/wp-json\/wp\/v2\/pages\/4700\/revisions"}],"predecessor-version":[{"id":4701,"href":"https:\/\/www.growshopweb.com\/blog\/wp-json\/wp\/v2\/pages\/4700\/revisions\/4701"}],"wp:attachment":[{"href":"https:\/\/www.growshopweb.com\/blog\/wp-json\/wp\/v2\/media?parent=4700"}],"curies":[{"name":"wp","href":"https:\/\/api.w.org\/{rel}","templated":true}]}}