{"id":2433,"date":"2017-05-30T09:44:19","date_gmt":"2017-05-30T09:44:19","guid":{"rendered":"http:\/\/growshopweb.com\/blog\/?page_id=2433"},"modified":"2024-03-19T20:27:56","modified_gmt":"2024-03-19T20:27:56","slug":"grow-shop-online","status":"publish","type":"page","link":"https:\/\/www.growshopweb.com\/blog\/grow-shop-online\/","title":{"rendered":"Grow Shop Online en Espa\u00f1a"},"content":{"rendered":"\n<p><\/p>\n\n\n\n<p>En Hydroponics Blanes, <strong>Grow Shop Online<\/strong> , ponemos a tu disposici\u00f3n, kits de cultivo de diferentes tama\u00f1os y precios, que se adaptan a tu bolsillo y requerimientos. Todo lo que necesitas en un mismo sitio web. <\/p>\n\n\n\n<p>\u00a1Cultiva tu cannabis de una manera simple y profesional!<\/p>\n\n\n\n<p><\/p>\n\n\n<div class=\"wp-block-image\">\n<figure class=\"aligncenter size-large\"><img decoding=\"async\" width=\"1024\" height=\"567\" data-src=\"https:\/\/www.growshopweb.com\/blog\/wp-content\/uploads\/2022\/10\/ENTRADAS-BLOG_hydroponics-1-1024x567.jpg\" alt=\"\" class=\"wp-image-2905 lazyload\" data-srcset=\"https:\/\/www.growshopweb.com\/blog\/wp-content\/uploads\/2022\/10\/ENTRADAS-BLOG_hydroponics-1-1024x567.jpg 1024w, https:\/\/www.growshopweb.com\/blog\/wp-content\/uploads\/2022\/10\/ENTRADAS-BLOG_hydroponics-1-300x166.jpg 300w, https:\/\/www.growshopweb.com\/blog\/wp-content\/uploads\/2022\/10\/ENTRADAS-BLOG_hydroponics-1-768x425.jpg 768w, https:\/\/www.growshopweb.com\/blog\/wp-content\/uploads\/2022\/10\/ENTRADAS-BLOG_hydroponics-1.jpg 1170w\" data-sizes=\"(max-width: 1024px) 100vw, 1024px\" src=\"data:image\/svg+xml;base64,PHN2ZyB3aWR0aD0iMSIgaGVpZ2h0PSIxIiB4bWxucz0iaHR0cDovL3d3dy53My5vcmcvMjAwMC9zdmciPjwvc3ZnPg==\" style=\"--smush-placeholder-width: 1024px; --smush-placeholder-aspect-ratio: 1024\/567;\" \/><\/figure>\n<\/div>\n\n\n<p>Somos una empresa que desde el a\u00f1o 2014, trabaja para suministrarte todo lo que necesitas, para el auto cultivo de cannabis.<br><strong>en nuestra tienda online podras encontrar<\/strong>:<\/p>\n<ul>\n<li><a href=\"https:\/\/www.growshopweb.com\/fertilizantes\" target=\"_blank\" rel=\"noopener noreferrer\">Abonos y fertilizantes<\/a>.<\/li>\n<li><a href=\"https:\/\/www.growshopweb.com\/macetas-y-bandejas\" target=\"_blank\" rel=\"noopener noreferrer\">Macetas y bandejas.<\/a><\/li>\n<li><a href=\"https:\/\/www.growshopweb.com\/control-plagas\" target=\"_blank\" rel=\"noopener noreferrer\">Control de plagas.<\/a><\/li>\n<li><a href=\"https:\/\/www.growshopweb.com\/riego\" target=\"_blank\" rel=\"noopener noreferrer\">Riego.<\/a><\/li>\n<li><a href=\"https:\/\/www.growshopweb.com\/armarios-cultivo\" target=\"_blank\" rel=\"noopener noreferrer\">Armarios de cultivo.<\/a><\/li>\n<li><a href=\"https:\/\/www.growshopweb.com\/control-de-clima\" target=\"_blank\" rel=\"noopener noreferrer\">Control de clima.<\/a><\/li>\n<li><a href=\"https:\/\/www.growshopweb.com\/iluminacion\" target=\"_blank\" rel=\"noopener noreferrer\">Iluminaci\u00f3n.<\/a><\/li>\n<li><a href=\"https:\/\/www.growshopweb.com\/parafernalia\" target=\"_blank\" rel=\"noopener noreferrer\">Parafernalia<\/a><\/li>\n<!--<li><a href=\"https:\/\/www.growshopweb.com\/\" target=\"_blank\" rel=\"noopener noreferrer\">Parafarmacia cann\u00e1bica.<\/a><\/li>-->\n<\/ul>\n\n\n\n<h2 class=\"wp-block-heading\">Grow Shop Online<\/h2>\n\n\n\n<p>Cultivar tu propio <strong>cannabis<\/strong> y ser <strong>autosuficiente<\/strong>, ahora es posible. Ya no depender\u00e1s de los dem\u00e1s, cuando tenga ganas de fumar y adem\u00e1s podr\u00e1s controlar la calidad del cannabis, teniendo un pasatiempo nuevo y divertido.<br>Antes de comprar equipos y semillas, debes decidir si cultivar\u00e1s cannabis en interior o exterior. <br>De esta manera, puedes determinar si se adaptan a los que quieres y no comprar todo tipo de equipos o materiales costosos e innecesarios.<\/p>\n<p>Ponemos a tu disposici\u00f3n, kits de cultivo de diferentes tama\u00f1os y precios, que se adaptan a tu bolsillo y requerimientos. \u00a1Cultiva tu cannabis de una manera simple y profesional!<\/p>\n\n\n\n<p>S\u00edguenos en <a href=\"https:\/\/www.facebook.com\/HydroponicsBlanesGrowShop\/\" target=\"_blank\" rel=\"noopener noreferrer\">Facebook<\/a> &#8211; <a href=\"https:\/\/www.instagram.com\/hydroponics_official\/\" target=\"_blank\" rel=\"noopener noreferrer\">Instagram<\/a> &#8211; <a href=\"https:\/\/twitter.com\/HydroponicsEsp\" target=\"_blank\" rel=\"noopener noreferrer\">Twitter<\/a><\/p>\n\n\n\n<figure class=\"wp-block-image size-full\"><a href=\"https:\/\/my.matterport.com\/show\/?m=jxCSHRsyFTw&amp;play=1\"><img decoding=\"async\" width=\"658\" height=\"461\" data-src=\"https:\/\/www.growshopweb.com\/blog\/wp-content\/uploads\/2022\/10\/BANNER-INICIO-TOUR-VIRTUAL2.jpg\" alt=\"\" class=\"wp-image-2906 lazyload\" data-srcset=\"https:\/\/www.growshopweb.com\/blog\/wp-content\/uploads\/2022\/10\/BANNER-INICIO-TOUR-VIRTUAL2.jpg 658w, https:\/\/www.growshopweb.com\/blog\/wp-content\/uploads\/2022\/10\/BANNER-INICIO-TOUR-VIRTUAL2-300x210.jpg 300w\" data-sizes=\"(max-width: 658px) 100vw, 658px\" src=\"data:image\/svg+xml;base64,PHN2ZyB3aWR0aD0iMSIgaGVpZ2h0PSIxIiB4bWxucz0iaHR0cDovL3d3dy53My5vcmcvMjAwMC9zdmciPjwvc3ZnPg==\" style=\"--smush-placeholder-width: 658px; --smush-placeholder-aspect-ratio: 658\/461;\" \/><\/a><\/figure>\n\n\n\n<p><\/p>\n\n\n\n<p><strong>\u00bfQu\u00e9 es un kit de autocultivo de cannabis?<\/strong><br> Si has decidido aprovechar el espacio en tu hogar, y te decidiste hacer un cultivo de marihuana \u00a1Excelente! Ya has dado un primer paso importante. <br> Ahora, para completar este paso y que no falte ninguno de los accesorios para marihuana para tu peque\u00f1o &#8216;jard\u00edn verde&#8217;, lo mejor es obtener un kit de autocultivo.<br><mark class=\"annotation-text annotation-text-yoast\" id=\"annotation-text-f54ccce3-e5f0-468d-8d84-c9d265b5fb06\"><\/mark><br> La cantidad de accesorios y productos, puede variar, seg\u00fan el tipo de cultivo de marihuana. <\/p>\n\n\n\n<p>Con nosotros\ntambi\u00e9n puedes comprar, todo tipo de <strong>parafernalia\nfumador<\/strong>, como <strong>grinders baratos<\/strong>, <strong>accesorios para marihuana<\/strong>, <strong>bandejas para liar<\/strong> y <strong>mecheros clipper<\/strong>.<\/p>\n","protected":false},"excerpt":{"rendered":"<p>En Hydroponics Blanes, Grow Shop Online , ponemos a tu disposici\u00f3n, kits de cultivo de diferentes tama\u00f1os y precios, que se adaptan a tu bolsillo y requerimientos. Todo lo que necesitas en un mismo sitio web. \u00a1Cultiva tu cannabis de una manera simple y profesional! Somos una empresa que desde el a\u00f1o 2014, trabaja para [&hellip;]<\/p>\n","protected":false},"author":1,"featured_media":0,"parent":0,"menu_order":0,"comment_status":"closed","ping_status":"closed","template":"","meta":{"footnotes":""},"class_list":["post-2433","page","type-page","status-publish","hentry"],"yoast_head":"<!-- This site is optimized with the Yoast SEO plugin v27.6 - https:\/\/yoast.com\/product\/yoast-seo-wordpress\/ -->\n<title>Grow Shop Online Hydroponics Blanes Fertilizantes y Semillas<\/title>\n<meta name=\"description\" content=\"Grow Shop Online | Hydroponics Blanes | Espa\u00f1a. Todo lo que necesitas para el auto cultivo de Cannabis en un mismo sitio web. AQUI\" \/>\n<meta name=\"robots\" content=\"index, follow, max-snippet:-1, max-image-preview:large, max-video-preview:-1\" \/>\n<link rel=\"canonical\" href=\"https:\/\/www.growshopweb.com\/blog\/grow-shop-online\/\" \/>\n<meta property=\"og:locale\" content=\"es_ES\" \/>\n<meta property=\"og:type\" content=\"article\" \/>\n<meta property=\"og:title\" content=\"Grow Shop Online Hydroponics Blanes Fertilizantes y Semillas\" \/>\n<meta property=\"og:description\" content=\"Grow Shop Online | Hydroponics Blanes | Espa\u00f1a. Todo lo que necesitas para el auto cultivo de Cannabis en un mismo sitio web. AQUI\" \/>\n<meta property=\"og:url\" content=\"https:\/\/www.growshopweb.com\/blog\/grow-shop-online\/\" \/>\n<meta property=\"og:site_name\" content=\"Blog Hydroponics Blanes\" \/>\n<meta property=\"article:publisher\" content=\"https:\/\/www.facebook.com\/HydroponicsBlanesGrowShop\/\" \/>\n<meta property=\"article:modified_time\" content=\"2024-03-19T20:27:56+00:00\" \/>\n<meta property=\"og:image\" content=\"https:\/\/www.growshopweb.com\/blog\/wp-content\/uploads\/2022\/10\/ENTRADAS-BLOG_hydroponics-1-1024x567.jpg\" \/>\n<meta name=\"twitter:card\" content=\"summary_large_image\" \/>\n<meta name=\"twitter:site\" content=\"@HydroponicsEsp\" \/>\n<meta name=\"twitter:label1\" content=\"Tiempo de lectura\" \/>\n\t<meta name=\"twitter:data1\" content=\"2 minutos\" \/>\n<!-- \/ Yoast SEO plugin. -->","yoast_head_json":{"title":"Grow Shop Online Hydroponics Blanes Fertilizantes y Semillas","description":"Grow Shop Online | Hydroponics Blanes | Espa\u00f1a. Todo lo que necesitas para el auto cultivo de Cannabis en un mismo sitio web. AQUI","robots":{"index":"index","follow":"follow","max-snippet":"max-snippet:-1","max-image-preview":"max-image-preview:large","max-video-preview":"max-video-preview:-1"},"canonical":"https:\/\/www.growshopweb.com\/blog\/grow-shop-online\/","og_locale":"es_ES","og_type":"article","og_title":"Grow Shop Online Hydroponics Blanes Fertilizantes y Semillas","og_description":"Grow Shop Online | Hydroponics Blanes | Espa\u00f1a. Todo lo que necesitas para el auto cultivo de Cannabis en un mismo sitio web. AQUI","og_url":"https:\/\/www.growshopweb.com\/blog\/grow-shop-online\/","og_site_name":"Blog Hydroponics Blanes","article_publisher":"https:\/\/www.facebook.com\/HydroponicsBlanesGrowShop\/","article_modified_time":"2024-03-19T20:27:56+00:00","og_image":[{"url":"https:\/\/www.growshopweb.com\/blog\/wp-content\/uploads\/2022\/10\/ENTRADAS-BLOG_hydroponics-1-1024x567.jpg","type":"","width":"","height":""}],"twitter_card":"summary_large_image","twitter_site":"@HydroponicsEsp","twitter_misc":{"Tiempo de lectura":"2 minutos"},"schema":{"@context":"https:\/\/schema.org","@graph":[{"@type":"WebPage","@id":"https:\/\/www.growshopweb.com\/blog\/grow-shop-online\/","url":"https:\/\/www.growshopweb.com\/blog\/grow-shop-online\/","name":"Grow Shop Online Hydroponics Blanes Fertilizantes y Semillas","isPartOf":{"@id":"https:\/\/www.growshopweb.com\/blog\/#website"},"primaryImageOfPage":{"@id":"https:\/\/www.growshopweb.com\/blog\/grow-shop-online\/#primaryimage"},"image":{"@id":"https:\/\/www.growshopweb.com\/blog\/grow-shop-online\/#primaryimage"},"thumbnailUrl":"https:\/\/www.growshopweb.com\/blog\/wp-content\/uploads\/2022\/10\/ENTRADAS-BLOG_hydroponics-1-1024x567.jpg","datePublished":"2017-05-30T09:44:19+00:00","dateModified":"2024-03-19T20:27:56+00:00","description":"Grow Shop Online | Hydroponics Blanes | Espa\u00f1a. Todo lo que necesitas para el auto cultivo de Cannabis en un mismo sitio web. AQUI","breadcrumb":{"@id":"https:\/\/www.growshopweb.com\/blog\/grow-shop-online\/#breadcrumb"},"inLanguage":"es","potentialAction":[{"@type":"ReadAction","target":["https:\/\/www.growshopweb.com\/blog\/grow-shop-online\/"]}]},{"@type":"ImageObject","inLanguage":"es","@id":"https:\/\/www.growshopweb.com\/blog\/grow-shop-online\/#primaryimage","url":"https:\/\/www.growshopweb.com\/blog\/wp-content\/uploads\/2022\/10\/ENTRADAS-BLOG_hydroponics-1.jpg","contentUrl":"https:\/\/www.growshopweb.com\/blog\/wp-content\/uploads\/2022\/10\/ENTRADAS-BLOG_hydroponics-1.jpg","width":1170,"height":648,"caption":"ENTRADAS BLOG hydroponics 1"},{"@type":"BreadcrumbList","@id":"https:\/\/www.growshopweb.com\/blog\/grow-shop-online\/#breadcrumb","itemListElement":[{"@type":"ListItem","position":1,"name":"Portada","item":"https:\/\/www.growshopweb.com\/blog\/"},{"@type":"ListItem","position":2,"name":"Grow Shop Online en Espa\u00f1a"}]},{"@type":"WebSite","@id":"https:\/\/www.growshopweb.com\/blog\/#website","url":"https:\/\/www.growshopweb.com\/blog\/","name":"Blog Hydroponics Blanes","description":"Art\u00edculos y tablas cultivo para marihuana.","publisher":{"@id":"https:\/\/www.growshopweb.com\/blog\/#organization"},"potentialAction":[{"@type":"SearchAction","target":{"@type":"EntryPoint","urlTemplate":"https:\/\/www.growshopweb.com\/blog\/?s={search_term_string}"},"query-input":{"@type":"PropertyValueSpecification","valueRequired":true,"valueName":"search_term_string"}}],"inLanguage":"es"},{"@type":"Organization","@id":"https:\/\/www.growshopweb.com\/blog\/#organization","name":"Hydroponics Blanes S.L.","url":"https:\/\/www.growshopweb.com\/blog\/","logo":{"@type":"ImageObject","inLanguage":"es","@id":"https:\/\/www.growshopweb.com\/blog\/#\/schema\/logo\/image\/","url":"https:\/\/www.growshopweb.com\/blog\/wp-content\/uploads\/2022\/10\/cropped-LOGOTIPOS-HYDROPONICS-3.png","contentUrl":"https:\/\/www.growshopweb.com\/blog\/wp-content\/uploads\/2022\/10\/cropped-LOGOTIPOS-HYDROPONICS-3.png","width":591,"height":95,"caption":"Hydroponics Blanes S.L."},"image":{"@id":"https:\/\/www.growshopweb.com\/blog\/#\/schema\/logo\/image\/"},"sameAs":["https:\/\/www.facebook.com\/HydroponicsBlanesGrowShop\/","https:\/\/x.com\/HydroponicsEsp","https:\/\/es.pinterest.com\/growshophydroponicsblanes\/","https:\/\/www.instagram.com\/hydroponics_official\/"]}]}},"_links":{"self":[{"href":"https:\/\/www.growshopweb.com\/blog\/wp-json\/wp\/v2\/pages\/2433","targetHints":{"allow":["GET"]}}],"collection":[{"href":"https:\/\/www.growshopweb.com\/blog\/wp-json\/wp\/v2\/pages"}],"about":[{"href":"https:\/\/www.growshopweb.com\/blog\/wp-json\/wp\/v2\/types\/page"}],"author":[{"embeddable":true,"href":"https:\/\/www.growshopweb.com\/blog\/wp-json\/wp\/v2\/users\/1"}],"replies":[{"embeddable":true,"href":"https:\/\/www.growshopweb.com\/blog\/wp-json\/wp\/v2\/comments?post=2433"}],"version-history":[{"count":54,"href":"https:\/\/www.growshopweb.com\/blog\/wp-json\/wp\/v2\/pages\/2433\/revisions"}],"predecessor-version":[{"id":3847,"href":"https:\/\/www.growshopweb.com\/blog\/wp-json\/wp\/v2\/pages\/2433\/revisions\/3847"}],"wp:attachment":[{"href":"https:\/\/www.growshopweb.com\/blog\/wp-json\/wp\/v2\/media?parent=2433"}],"curies":[{"name":"wp","href":"https:\/\/api.w.org\/{rel}","templated":true}]}}