{"id":2431,"date":"2017-05-30T09:42:31","date_gmt":"2017-05-30T09:42:31","guid":{"rendered":"http:\/\/growshopweb.com\/blog\/?page_id=2431"},"modified":"2025-07-15T08:32:48","modified_gmt":"2025-07-15T08:32:48","slug":"aviso-legal","status":"publish","type":"page","link":"https:\/\/www.growshopweb.com\/blog\/aviso-legal\/","title":{"rendered":"Aviso Legal"},"content":{"rendered":"<p><strong>EL HECHO DE ACCEDER A ESTE WEBSITE IMPLICA EL CONOCIMIENTO Y ACEPTACI\u00d3N DE LOS SIGUIENTES T\u00c9RMINOS Y CONDICIONES<\/strong><\/p>\n<p>1. &#8211; El acceso a esta p\u00e1gina web atribuye a quien lo realice la condici\u00f3n de &#8220;usuario&#8221;. El usuario declara ser mayor de edad y disponer de capacidad jur\u00eddica suficiente para utilizar los servicios y adquirir productos de esta web.<\/p>\n<p>2. &#8211; Por el mero hecho de utilizar esta p\u00e1gina web, el usuario acepta plenamente los t\u00e9rminos y condiciones aqu\u00ed establecidos y se compromete a hacerlo de conformidad con la ley y respetando las dem\u00e1s instrucciones de uso contenidas en \u00e9sta p\u00e1gina web.<\/p>\n<p>3. &#8211; Queda prohibido cualquier intento de obtener los contenidos del Web por cualquier medio distinto de los que se pongan a disposici\u00f3n de los usuarios.<\/p>\n<p>4. &#8211; El usuario se compromete a facilitar los datos ver\u00eddicos, exactos y completos que se les requieran.<\/p>\n<p>5. &#8211; Tecnocultivo siempre que lo considere oportuno, podr\u00e1 modificar unilateralmente y sin previo aviso la estructura y dise\u00f1o de la p\u00e1gina web, as\u00ed como modificar o eliminar, sus servicios, contenidos y condiciones de acceso y\/o utilizaci\u00f3n.<\/p>\n<p>6. &#8211; Todos los contenidos del website son propiedad de HYDROPONICS BLANES S.L. y est\u00e1n protegidos por las leyes de propiedad intelectual, quedando prohibida su reproducci\u00f3n de forma total o parcial, copia o distribuci\u00f3n del contenido del web, sin el consentimiento expreso de HYDROPONICS BLANES S.L.<\/p>\n<p><strong>HYDROPONICS BLANES S.L.<\/strong> garantiza la privacidad de los datos de car\u00e1cter personal aportados, seg\u00fan la LOPD.<\/p>\n<p>La visita a este website no supone que el usuario est\u00e9 obligado a facilitar ninguna informaci\u00f3n sobre s\u00ed mismo, no obstante durante la visita es posible s\u00e9 que soliciten datos de car\u00e1cter personal a trav\u00e9s de formularios.<\/p>\n<p>Dichos datos ser\u00e1n utilizados para contestar la solicitud por su parte realizada y para el env\u00edo de la misma, tambi\u00e9n ser\u00e1n utilizados para enviarles informaci\u00f3n de nuestra empresa y servicios por cualquier medio de comunicaci\u00f3n, al enviarnos dicho formulario usted est\u00e1 aceptado expl\u00edcitamente la recepci\u00f3n de los mismos, en el caso que no deseara recibir nuestra informaci\u00f3n, \u00fanicamente tendr\u00eda que enviar un correo electr\u00f3nico solicitando la baja de nuestro servicio informativo a tienda@hydroponicsblanes.com, sus datos personales formar\u00e1n parte del fichero clientes, cuyo destinatario y responsable del fichero y del tratamiento del mismo es: HYDROPONICS BLANES S.L., con CIF B55199079 y domicilio social en con domicilio social en C\/ Primero de mayo, 3 (Nave 2), 17300 Blanes (Girona &#8211; Espa\u00f1a), inscrita en el Registro Mercantil, donde podr\u00e1 ejercer los derechos de acceso, rectificaci\u00f3n, cancelaci\u00f3n y oposici\u00f3n, mediante escrito la direcci\u00f3n antes indicada incluyendo copia del DNI o documento identificativo equivalente.<\/p>\n<p>La negativa a proporcionar los datos supondr\u00e1 la no prestaci\u00f3n o la imposibilidad de acceder al servicio para los que eran solicitados. Usted tiene derecho a recibir respuesta de cualquier pregunta, consulta o aclaraci\u00f3n que le surja derivada de este formulario. En el supuesto de que aporte sus datos a trav\u00e9s de un mensaje de correo electr\u00f3nico, el mismo formar\u00e1 parte del mismo fichero cuya finalidad ser\u00e1 la gesti\u00f3n de la solicitud o comentario que nos realiza, siendo aplicables el resto de extremos indicados en el p\u00e1rrafo anterior. Todos sus datos ser\u00e1n dados de baja definitivamente de nuestra base de datos por los siguientes motivos: 1\u00ba- a petici\u00f3n suya. 2\u00ba- cuando hayan dejado de ser necesarios para los fines que motivaron su recogida.<\/p>\n<p>HYDROPONICS BLANES S.L. se compromete a no permitir ninguna transacci\u00f3n que sea ilegal, o se considere por las marcas de tarjetas de cr\u00e9dito o el banco adquiriente, que pueda o tenga el potencial de da\u00f1ar la buena voluntad de los mismos o influir de manera negativa en ellos. Las siguientes actividades est\u00e1n prohibidas en virtud de los programas de las marcas de tarjetas: la venta u oferta de un producto o servicio que no sea de plena conformidad con todas las leyes aplicables al Comprador, Banco Emisor, Comerciante, Titular de la tarjeta, o tarjetas.<\/p>\n<p>Adem\u00e1s, las siguientes actividades tambi\u00e9n est\u00e1n prohibidas expl\u00edcitamente:<\/p>\n<p>Vender o enviar semillas de cannabis.<br \/>\nVenta de tabaco.<\/p>\n<p><strong>TITULAR de la WEB<\/strong><\/p>\n<p>En cumplimiento del art\u00edculo 10 de la Ley 34\/2002 de 11 de julio de Servicios de la Sociedad de la Informaci\u00f3n y de Comercio Electr\u00f3nico HYDROPONICS BLANES S.L., en calidad de titular del website https:\/\/growshopweb.com\/blog le comunica los datos identificativos exigidos por dicha Ley.<\/p>\n<p>Denominaci\u00f3n social: HYDROPONICS BLANES S.L.<br \/>\nCIF: B55199079<br \/>\nDirecci\u00f3n de correo electr\u00f3nico: tienda@hydroponicsblanes.es<br \/>\nDomicilio social: C\/ Primero de mayo, 3 (Nave 2), 17300 Blanes (Girona &#8211; Espa\u00f1a)<\/p>\n<p>La presente informaci\u00f3n regula las condiciones de uso, las limitaciones de responsabilidad y las obligaciones que los usuarios de la p\u00e1gina Web que se publica bajo el nombre del dominio www.growshopweb.com\/blog las cuales los usuarios asumen y se comprometen a respetar.<\/p>\n","protected":false},"excerpt":{"rendered":"<p>EL HECHO DE ACCEDER A ESTE WEBSITE IMPLICA EL CONOCIMIENTO Y ACEPTACI\u00d3N DE LOS SIGUIENTES T\u00c9RMINOS Y CONDICIONES 1. &#8211; El acceso a esta p\u00e1gina web atribuye a quien lo realice la condici\u00f3n de &#8220;usuario&#8221;. El usuario declara ser mayor de edad y disponer de capacidad jur\u00eddica suficiente para utilizar los servicios y adquirir productos [&hellip;]<\/p>\n","protected":false},"author":1,"featured_media":0,"parent":0,"menu_order":0,"comment_status":"closed","ping_status":"closed","template":"","meta":{"footnotes":""},"class_list":["post-2431","page","type-page","status-publish","hentry"],"yoast_head":"<!-- This site is optimized with the Yoast SEO plugin v27.6 - https:\/\/yoast.com\/product\/yoast-seo-wordpress\/ -->\n<title>Pol\u00edtica de Cookies. Grow Shop Hydroponics Blanes - Blog<\/title>\n<meta name=\"description\" content=\"Pol\u00edtica de Cookies. Grow Shop Hydroponics Blanes - Blog\" \/>\n<meta name=\"robots\" content=\"noindex, follow\" \/>\n<meta property=\"og:locale\" content=\"es_ES\" \/>\n<meta property=\"og:type\" content=\"article\" \/>\n<meta property=\"og:title\" content=\"Pol\u00edtica de Cookies. Grow Shop Hydroponics Blanes - Blog\" \/>\n<meta property=\"og:description\" content=\"Pol\u00edtica de Cookies. Grow Shop Hydroponics Blanes - Blog\" \/>\n<meta property=\"og:url\" content=\"https:\/\/www.growshopweb.com\/blog\/aviso-legal\/\" \/>\n<meta property=\"og:site_name\" content=\"Blog Hydroponics Blanes\" \/>\n<meta property=\"article:publisher\" content=\"https:\/\/www.facebook.com\/HydroponicsBlanesGrowShop\/\" \/>\n<meta property=\"article:modified_time\" content=\"2025-07-15T08:32:48+00:00\" \/>\n<meta name=\"twitter:card\" content=\"summary_large_image\" \/>\n<meta name=\"twitter:site\" content=\"@HydroponicsEsp\" \/>\n<meta name=\"twitter:label1\" content=\"Tiempo de lectura\" \/>\n\t<meta name=\"twitter:data1\" content=\"4 minutos\" \/>\n<!-- \/ Yoast SEO plugin. -->","yoast_head_json":{"title":"Pol\u00edtica de Cookies. Grow Shop Hydroponics Blanes - Blog","description":"Pol\u00edtica de Cookies. Grow Shop Hydroponics Blanes - Blog","robots":{"index":"noindex","follow":"follow"},"og_locale":"es_ES","og_type":"article","og_title":"Pol\u00edtica de Cookies. Grow Shop Hydroponics Blanes - Blog","og_description":"Pol\u00edtica de Cookies. Grow Shop Hydroponics Blanes - Blog","og_url":"https:\/\/www.growshopweb.com\/blog\/aviso-legal\/","og_site_name":"Blog Hydroponics Blanes","article_publisher":"https:\/\/www.facebook.com\/HydroponicsBlanesGrowShop\/","article_modified_time":"2025-07-15T08:32:48+00:00","twitter_card":"summary_large_image","twitter_site":"@HydroponicsEsp","twitter_misc":{"Tiempo de lectura":"4 minutos"},"schema":{"@context":"https:\/\/schema.org","@graph":[{"@type":"WebPage","@id":"https:\/\/www.growshopweb.com\/blog\/aviso-legal\/","url":"https:\/\/www.growshopweb.com\/blog\/aviso-legal\/","name":"Pol\u00edtica de Cookies. Grow Shop Hydroponics Blanes - Blog","isPartOf":{"@id":"https:\/\/www.growshopweb.com\/blog\/#website"},"datePublished":"2017-05-30T09:42:31+00:00","dateModified":"2025-07-15T08:32:48+00:00","description":"Pol\u00edtica de Cookies. Grow Shop Hydroponics Blanes - Blog","breadcrumb":{"@id":"https:\/\/www.growshopweb.com\/blog\/aviso-legal\/#breadcrumb"},"inLanguage":"es","potentialAction":[{"@type":"ReadAction","target":["https:\/\/www.growshopweb.com\/blog\/aviso-legal\/"]}]},{"@type":"BreadcrumbList","@id":"https:\/\/www.growshopweb.com\/blog\/aviso-legal\/#breadcrumb","itemListElement":[{"@type":"ListItem","position":1,"name":"Portada","item":"https:\/\/www.growshopweb.com\/blog\/"},{"@type":"ListItem","position":2,"name":"Aviso Legal"}]},{"@type":"WebSite","@id":"https:\/\/www.growshopweb.com\/blog\/#website","url":"https:\/\/www.growshopweb.com\/blog\/","name":"Blog Hydroponics Blanes","description":"Art\u00edculos y tablas cultivo para marihuana.","publisher":{"@id":"https:\/\/www.growshopweb.com\/blog\/#organization"},"potentialAction":[{"@type":"SearchAction","target":{"@type":"EntryPoint","urlTemplate":"https:\/\/www.growshopweb.com\/blog\/?s={search_term_string}"},"query-input":{"@type":"PropertyValueSpecification","valueRequired":true,"valueName":"search_term_string"}}],"inLanguage":"es"},{"@type":"Organization","@id":"https:\/\/www.growshopweb.com\/blog\/#organization","name":"Hydroponics Blanes S.L.","url":"https:\/\/www.growshopweb.com\/blog\/","logo":{"@type":"ImageObject","inLanguage":"es","@id":"https:\/\/www.growshopweb.com\/blog\/#\/schema\/logo\/image\/","url":"https:\/\/www.growshopweb.com\/blog\/wp-content\/uploads\/2022\/10\/cropped-LOGOTIPOS-HYDROPONICS-3.png","contentUrl":"https:\/\/www.growshopweb.com\/blog\/wp-content\/uploads\/2022\/10\/cropped-LOGOTIPOS-HYDROPONICS-3.png","width":591,"height":95,"caption":"Hydroponics Blanes S.L."},"image":{"@id":"https:\/\/www.growshopweb.com\/blog\/#\/schema\/logo\/image\/"},"sameAs":["https:\/\/www.facebook.com\/HydroponicsBlanesGrowShop\/","https:\/\/x.com\/HydroponicsEsp","https:\/\/es.pinterest.com\/growshophydroponicsblanes\/","https:\/\/www.instagram.com\/hydroponics_official\/"]}]}},"_links":{"self":[{"href":"https:\/\/www.growshopweb.com\/blog\/wp-json\/wp\/v2\/pages\/2431","targetHints":{"allow":["GET"]}}],"collection":[{"href":"https:\/\/www.growshopweb.com\/blog\/wp-json\/wp\/v2\/pages"}],"about":[{"href":"https:\/\/www.growshopweb.com\/blog\/wp-json\/wp\/v2\/types\/page"}],"author":[{"embeddable":true,"href":"https:\/\/www.growshopweb.com\/blog\/wp-json\/wp\/v2\/users\/1"}],"replies":[{"embeddable":true,"href":"https:\/\/www.growshopweb.com\/blog\/wp-json\/wp\/v2\/comments?post=2431"}],"version-history":[{"count":3,"href":"https:\/\/www.growshopweb.com\/blog\/wp-json\/wp\/v2\/pages\/2431\/revisions"}],"predecessor-version":[{"id":7541,"href":"https:\/\/www.growshopweb.com\/blog\/wp-json\/wp\/v2\/pages\/2431\/revisions\/7541"}],"wp:attachment":[{"href":"https:\/\/www.growshopweb.com\/blog\/wp-json\/wp\/v2\/media?parent=2431"}],"curies":[{"name":"wp","href":"https:\/\/api.w.org\/{rel}","templated":true}]}}