{"id":2321,"date":"2014-11-14T12:21:18","date_gmt":"2014-11-14T12:21:18","guid":{"rendered":"http:\/\/themes.muffingroup.com\/be\/press\/?page_id=2"},"modified":"2025-07-15T08:31:39","modified_gmt":"2025-07-15T08:31:39","slug":"inicio","status":"publish","type":"page","link":"https:\/\/www.growshopweb.com\/blog\/inicio\/","title":{"rendered":"Inicio"},"content":{"rendered":"<h1 style=\"text-align: center;\"><strong>GROW SHOP HYDROPONICS BLANES<\/strong><\/h1>\n<p style=\"text-align: center;\"><a href=\"https:\/\/growshopweb.com\/blog\/tabla-cultivo-hydroponics-blanes\/\">Guias<\/a>, consejos e informaci\u00f3n de autocultivo de Marihuana.<\/p>\n<p style=\"text-align: center;\"><a href=\"https:\/\/www.growshopweb.com\" target=\"_blank\" rel=\"noopener noreferrer\">Hydroponics Blanes<\/a>. <a href=\"https:\/\/www.growshopweb.com\" target=\"_blank\" rel=\"noopener noreferrer\">Grow Shop Online<\/a>. Blanes. Espa\u00f1a.<\/p>\n<p><img decoding=\"async\" class=\"wp-image-2866 aligncenter size-full lazyload\" data-src=\"https:\/\/www.growshopweb.com\/blog\/wp-content\/uploads\/2022\/10\/LOGOTIPOS-HYDROPONICSrgb3.png\" alt=\"Grow Shop Hydroponics Blanes\" width=\"281\" height=\"45\" data-srcset=\"https:\/\/www.growshopweb.com\/blog\/wp-content\/uploads\/2022\/10\/LOGOTIPOS-HYDROPONICSrgb3.png 281w, https:\/\/www.growshopweb.com\/blog\/wp-content\/uploads\/2022\/10\/LOGOTIPOS-HYDROPONICSrgb3-260x42.png 260w, https:\/\/www.growshopweb.com\/blog\/wp-content\/uploads\/2022\/10\/LOGOTIPOS-HYDROPONICSrgb3-50x8.png 50w, https:\/\/www.growshopweb.com\/blog\/wp-content\/uploads\/2022\/10\/LOGOTIPOS-HYDROPONICSrgb3-150x24.png 150w\" data-sizes=\"(max-width: 281px) 100vw, 281px\" src=\"data:image\/svg+xml;base64,PHN2ZyB3aWR0aD0iMSIgaGVpZ2h0PSIxIiB4bWxucz0iaHR0cDovL3d3dy53My5vcmcvMjAwMC9zdmciPjwvc3ZnPg==\" style=\"--smush-placeholder-width: 281px; --smush-placeholder-aspect-ratio: 281\/45;\" \/><\/p>\n<p><strong>Grow Shop Hydroponics Blanes<\/strong> es una empresa especializada en la distribuci\u00f3n de productos para horticultura t\u00e9cnica.<\/p>\n<p>En pocos a\u00f1os de actividad nacional e internacional, hemos progresado satisfactoriamente hasta convertirnos en una de las empresas de referencia m\u00e1s importantes del sector.<\/p>\n<p>Somos una empresa que apuesta por la calidad, el servicio y la inversi\u00f3n tecnol\u00f3gica, integrados en un proceso de mejora continua, para lograr la completa satisfacci\u00f3n de todos nuestros clientes a unos precios sin competencia.<\/p>\n<p>La extensa gama de que dispone Grow Shop Hydroponics Blanes, es una de las m\u00e1s completas del mercado, lo que sin duda alguna lleva a garantizar el suministro de sistemas de cultivo m\u00e1s completos.<\/p>\n<p>Adem\u00e1s, proporcionamos asesoramiento t\u00e9cnico a nuestros clientes a trav\u00e9s de nuestros profesionales, avalados por la experiencia y los conocimientos adquiridos durante a\u00f1os en este sector.<\/p>\n<p>La estrategia de Grow Shop Hydroponics Blanes es buscar la plena satisfacci\u00f3n de las necesidades de los clientes y sus empresas, a trav\u00e9s de un sistema de trabajo de calidad, con eficacia y eficiencia. Aplicamos un proceso de mejora continua que es el rasgo destacable de la filosof\u00eda de nuestra empresa.<\/p>\n<p>La perseverancia y persistencia de nuestros esfuerzos est\u00e1 avalada por el elevado nivel de reconocimiento de nuestras marcas, y sobretodo, por la fidelidad de nuestros clientes que siguen trabajando con nosotros desde que la empresa inici\u00f3 su actividad en 2013.<\/p>\n<p>Estamos a disposici\u00f3n en nuestro local, en Carrer del Primer de Maig, 3, 17300 Blanes, Girona (<a href=\"https:\/\/www.google.es\/maps\/place\/HYDROPONICS+(Grow+Shop,+Clima,+Electricidad)\/@41.679635,2.775096,15z\/data=!4m5!3m4!1s0x0:0xb884302b939191cb!8m2!3d41.679635!4d2.775096?shorturl=1\" target=\"_blank\" rel=\"noopener noreferrer\">Ver Mapa<\/a>).<\/p>\n<p>Horarios: de Lunes a S\u00e1bados, de 10.00 a 13.30 y de 16.30 a 20.00.<\/p>\n<p>Puedes llamarnos al (+34) 972 354 685 &#8211; Whatsapp: +34 638 55 44 44 &#8211; Via Email:<a href=\"mailto:tienda@hydroponicsblanes.es\"> tienda@hydroponicsblanes.es<\/a><\/p>\n<p><em><strong>El equipo humano de Hydroponics les agradece su confianza y fidelidad.<\/strong><\/em><\/p>\n","protected":false},"excerpt":{"rendered":"<p>GROW SHOP HYDROPONICS BLANES Guias, consejos e informaci\u00f3n de autocultivo de Marihuana. Hydroponics Blanes. Grow Shop Online. Blanes. Espa\u00f1a. Grow Shop Hydroponics Blanes es una empresa especializada en la distribuci\u00f3n de productos para horticultura t\u00e9cnica. En pocos a\u00f1os de actividad nacional e internacional, hemos progresado satisfactoriamente hasta convertirnos en una de las empresas de referencia [&hellip;]<\/p>\n","protected":false},"author":1,"featured_media":0,"parent":0,"menu_order":0,"comment_status":"open","ping_status":"closed","template":"","meta":{"footnotes":""},"class_list":["post-2321","page","type-page","status-publish","hentry"],"yoast_head":"<!-- This site is optimized with the Yoast SEO plugin v27.3 - https:\/\/yoast.com\/product\/yoast-seo-wordpress\/ -->\n<title>Grow Shop Hydroponics Blanes. Blog de autocultivo de Marihuana<\/title>\n<meta name=\"description\" content=\"Grow Shop Hydroponics Blanes. Gu\u00edas, consejos e informaci\u00f3n de autocultivo de Marihuana. Grow Shop Online. Blanes. Espa\u00f1a.\" \/>\n<meta name=\"robots\" content=\"index, follow, max-snippet:-1, max-image-preview:large, max-video-preview:-1\" \/>\n<link rel=\"canonical\" href=\"https:\/\/www.growshopweb.com\/blog\/inicio\/\" \/>\n<meta property=\"og:locale\" content=\"es_ES\" \/>\n<meta property=\"og:type\" content=\"article\" \/>\n<meta property=\"og:title\" content=\"Grow Shop Hydroponics Blanes. Blog de autocultivo de Marihuana\" \/>\n<meta property=\"og:description\" content=\"Grow Shop Hydroponics Blanes. Gu\u00edas, consejos e informaci\u00f3n de autocultivo de Marihuana. Grow Shop Online. Blanes. Espa\u00f1a.\" \/>\n<meta property=\"og:url\" content=\"https:\/\/www.growshopweb.com\/blog\/inicio\/\" \/>\n<meta property=\"og:site_name\" content=\"Blog Hydroponics Blanes\" \/>\n<meta property=\"article:publisher\" content=\"https:\/\/www.facebook.com\/HydroponicsBlanesGrowShop\/\" \/>\n<meta property=\"article:modified_time\" content=\"2025-07-15T08:31:39+00:00\" \/>\n<meta property=\"og:image\" content=\"https:\/\/www.growshopweb.com\/blog\/wp-content\/uploads\/2022\/10\/LOGOTIPOS-HYDROPONICSrgb3.png\" \/>\n\t<meta property=\"og:image:width\" content=\"281\" \/>\n\t<meta property=\"og:image:height\" content=\"45\" \/>\n\t<meta property=\"og:image:type\" content=\"image\/png\" \/>\n<meta name=\"twitter:card\" content=\"summary_large_image\" \/>\n<meta name=\"twitter:site\" content=\"@HydroponicsEsp\" \/>\n<meta name=\"twitter:label1\" content=\"Tiempo de lectura\" \/>\n\t<meta name=\"twitter:data1\" content=\"2 minutos\" \/>\n<!-- \/ Yoast SEO plugin. -->","yoast_head_json":{"title":"Grow Shop Hydroponics Blanes. Blog de autocultivo de Marihuana","description":"Grow Shop Hydroponics Blanes. Gu\u00edas, consejos e informaci\u00f3n de autocultivo de Marihuana. Grow Shop Online. Blanes. Espa\u00f1a.","robots":{"index":"index","follow":"follow","max-snippet":"max-snippet:-1","max-image-preview":"max-image-preview:large","max-video-preview":"max-video-preview:-1"},"canonical":"https:\/\/www.growshopweb.com\/blog\/inicio\/","og_locale":"es_ES","og_type":"article","og_title":"Grow Shop Hydroponics Blanes. Blog de autocultivo de Marihuana","og_description":"Grow Shop Hydroponics Blanes. Gu\u00edas, consejos e informaci\u00f3n de autocultivo de Marihuana. Grow Shop Online. Blanes. Espa\u00f1a.","og_url":"https:\/\/www.growshopweb.com\/blog\/inicio\/","og_site_name":"Blog Hydroponics Blanes","article_publisher":"https:\/\/www.facebook.com\/HydroponicsBlanesGrowShop\/","article_modified_time":"2025-07-15T08:31:39+00:00","og_image":[{"width":281,"height":45,"url":"https:\/\/www.growshopweb.com\/blog\/wp-content\/uploads\/2022\/10\/LOGOTIPOS-HYDROPONICSrgb3.png","type":"image\/png"}],"twitter_card":"summary_large_image","twitter_site":"@HydroponicsEsp","twitter_misc":{"Tiempo de lectura":"2 minutos"},"schema":{"@context":"https:\/\/schema.org","@graph":[{"@type":"WebPage","@id":"https:\/\/www.growshopweb.com\/blog\/inicio\/","url":"https:\/\/www.growshopweb.com\/blog\/inicio\/","name":"Grow Shop Hydroponics Blanes. Blog de autocultivo de Marihuana","isPartOf":{"@id":"https:\/\/www.growshopweb.com\/blog\/#website"},"primaryImageOfPage":{"@id":"https:\/\/www.growshopweb.com\/blog\/inicio\/#primaryimage"},"image":{"@id":"https:\/\/www.growshopweb.com\/blog\/inicio\/#primaryimage"},"thumbnailUrl":"https:\/\/www.growshopweb.com\/blog\/wp-content\/uploads\/2022\/10\/LOGOTIPOS-HYDROPONICSrgb3.png","datePublished":"2014-11-14T12:21:18+00:00","dateModified":"2025-07-15T08:31:39+00:00","description":"Grow Shop Hydroponics Blanes. Gu\u00edas, consejos e informaci\u00f3n de autocultivo de Marihuana. Grow Shop Online. Blanes. Espa\u00f1a.","breadcrumb":{"@id":"https:\/\/www.growshopweb.com\/blog\/inicio\/#breadcrumb"},"inLanguage":"es","potentialAction":[{"@type":"ReadAction","target":["https:\/\/www.growshopweb.com\/blog\/inicio\/"]}]},{"@type":"ImageObject","inLanguage":"es","@id":"https:\/\/www.growshopweb.com\/blog\/inicio\/#primaryimage","url":"https:\/\/www.growshopweb.com\/blog\/wp-content\/uploads\/2022\/10\/LOGOTIPOS-HYDROPONICSrgb3.png","contentUrl":"https:\/\/www.growshopweb.com\/blog\/wp-content\/uploads\/2022\/10\/LOGOTIPOS-HYDROPONICSrgb3.png","width":281,"height":45,"caption":"LOGOTIPOS HYDROPONICSrgb3"},{"@type":"BreadcrumbList","@id":"https:\/\/www.growshopweb.com\/blog\/inicio\/#breadcrumb","itemListElement":[{"@type":"ListItem","position":1,"name":"Portada","item":"https:\/\/www.growshopweb.com\/blog\/"},{"@type":"ListItem","position":2,"name":"Inicio"}]},{"@type":"WebSite","@id":"https:\/\/www.growshopweb.com\/blog\/#website","url":"https:\/\/www.growshopweb.com\/blog\/","name":"Blog Hydroponics Blanes","description":"Art\u00edculos y tablas cultivo para marihuana.","publisher":{"@id":"https:\/\/www.growshopweb.com\/blog\/#organization"},"potentialAction":[{"@type":"SearchAction","target":{"@type":"EntryPoint","urlTemplate":"https:\/\/www.growshopweb.com\/blog\/?s={search_term_string}"},"query-input":{"@type":"PropertyValueSpecification","valueRequired":true,"valueName":"search_term_string"}}],"inLanguage":"es"},{"@type":"Organization","@id":"https:\/\/www.growshopweb.com\/blog\/#organization","name":"Hydroponics Blanes S.L.","url":"https:\/\/www.growshopweb.com\/blog\/","logo":{"@type":"ImageObject","inLanguage":"es","@id":"https:\/\/www.growshopweb.com\/blog\/#\/schema\/logo\/image\/","url":"https:\/\/www.growshopweb.com\/blog\/wp-content\/uploads\/2022\/10\/cropped-LOGOTIPOS-HYDROPONICS-3.png","contentUrl":"https:\/\/www.growshopweb.com\/blog\/wp-content\/uploads\/2022\/10\/cropped-LOGOTIPOS-HYDROPONICS-3.png","width":591,"height":95,"caption":"Hydroponics Blanes S.L."},"image":{"@id":"https:\/\/www.growshopweb.com\/blog\/#\/schema\/logo\/image\/"},"sameAs":["https:\/\/www.facebook.com\/HydroponicsBlanesGrowShop\/","https:\/\/x.com\/HydroponicsEsp","https:\/\/es.pinterest.com\/growshophydroponicsblanes\/","https:\/\/www.instagram.com\/hydroponics_official\/"]}]}},"_links":{"self":[{"href":"https:\/\/www.growshopweb.com\/blog\/wp-json\/wp\/v2\/pages\/2321","targetHints":{"allow":["GET"]}}],"collection":[{"href":"https:\/\/www.growshopweb.com\/blog\/wp-json\/wp\/v2\/pages"}],"about":[{"href":"https:\/\/www.growshopweb.com\/blog\/wp-json\/wp\/v2\/types\/page"}],"author":[{"embeddable":true,"href":"https:\/\/www.growshopweb.com\/blog\/wp-json\/wp\/v2\/users\/1"}],"replies":[{"embeddable":true,"href":"https:\/\/www.growshopweb.com\/blog\/wp-json\/wp\/v2\/comments?post=2321"}],"version-history":[{"count":32,"href":"https:\/\/www.growshopweb.com\/blog\/wp-json\/wp\/v2\/pages\/2321\/revisions"}],"predecessor-version":[{"id":7540,"href":"https:\/\/www.growshopweb.com\/blog\/wp-json\/wp\/v2\/pages\/2321\/revisions\/7540"}],"wp:attachment":[{"href":"https:\/\/www.growshopweb.com\/blog\/wp-json\/wp\/v2\/media?parent=2321"}],"curies":[{"name":"wp","href":"https:\/\/api.w.org\/{rel}","templated":true}]}}